{"id":3644,"date":"2026-04-28T22:27:29","date_gmt":"2026-04-28T22:27:29","guid":{"rendered":"https:\/\/swissbeautypro.com\/?page_id=3644"},"modified":"2026-05-01T19:25:18","modified_gmt":"2026-05-01T19:25:18","slug":"terms-conditions","status":"publish","type":"page","link":"https:\/\/swissbeautypro.com\/de\/terms-conditions\/","title":{"rendered":"Gesch\u00e4ftsbedingungen"},"content":{"rendered":"<div data-elementor-type=\"wp-page\" data-elementor-id=\"3644\" class=\"elementor elementor-3644\" data-elementor-post-type=\"page\">\n\t\t\t\t\t\t<section class=\"elementor-section elementor-top-section elementor-element elementor-element-1b4261d elementor-section-boxed elementor-section-height-default elementor-section-height-default\" data-id=\"1b4261d\" data-element_type=\"section\" data-settings=\"{&quot;_ha_eqh_enable&quot;:false}\">\n\t\t\t\t\t\t<div class=\"elementor-container elementor-column-gap-default\">\n\t\t\t\t\t<div class=\"elementor-column elementor-col-100 elementor-top-column elementor-element elementor-element-fc6b4ed\" data-id=\"fc6b4ed\" data-element_type=\"column\">\n\t\t\t<div class=\"elementor-widget-wrap elementor-element-populated\">\n\t\t\t\t\t\t<section class=\"elementor-section elementor-inner-section elementor-element elementor-element-fdbd3a3 elementor-section-boxed elementor-section-height-default elementor-section-height-default\" data-id=\"fdbd3a3\" data-element_type=\"section\" data-settings=\"{&quot;_ha_eqh_enable&quot;:false}\">\n\t\t\t\t\t\t<div class=\"elementor-container elementor-column-gap-default\">\n\t\t\t\t\t<div class=\"elementor-column elementor-col-100 elementor-inner-column elementor-element elementor-element-0fc0ec1\" data-id=\"0fc0ec1\" data-element_type=\"column\">\n\t\t\t<div class=\"elementor-widget-wrap elementor-element-populated\">\n\t\t\t\t\t\t<div class=\"elementor-element elementor-element-e9a3d08 elementor-widget elementor-widget-text-editor\" data-id=\"e9a3d08\" data-element_type=\"widget\" data-widget_type=\"text-editor.default\">\n\t\t\t\t<div class=\"elementor-widget-container\">\n\t\t\t<style>\/*! elementor - v3.20.0 - 26-03-2024 *\/\n.elementor-widget-text-editor.elementor-drop-cap-view-stacked .elementor-drop-cap{background-color:#69727d;color:#fff}.elementor-widget-text-editor.elementor-drop-cap-view-framed .elementor-drop-cap{color:#69727d;border:3px solid;background-color:transparent}.elementor-widget-text-editor:not(.elementor-drop-cap-view-default) .elementor-drop-cap{margin-top:8px}.elementor-widget-text-editor:not(.elementor-drop-cap-view-default) .elementor-drop-cap-letter{width:1em;height:1em}.elementor-widget-text-editor .elementor-drop-cap{float:left;text-align:center;line-height:1;font-size:50px}.elementor-widget-text-editor .elementor-drop-cap-letter{display:inline-block}<\/style>\t\t\t\t\n<p><strong>Letzte Aktualisierung: 14. April 2026<\/strong> 14 April 2026<\/p>\n\n<h2>Einleitung<\/h2>\n<p>Diese Bedingungen regeln:<\/p>\n<ul>\n<li>die Nutzung von Swissbeautypro; sowie<\/li>\n<li>jede andere damit verbundene Vereinbarung oder Rechtsbeziehung mit dem Eigent\u00fcmer\nin rechtlich bindender Weise.<\/li>\n<\/ul>\n<p>Begriffe mit Grossbuchstaben sind im entsprechenden Abschnitt dieses\nDokuments definiert.<\/p>\n<p>Der Nutzer muss dieses Dokument sorgf\u00e4ltig lesen.<\/p>\n\n<p>Swissbeautypro wird bereitgestellt von:<\/p>\n<p>\nSASIN Family Office SA<br>\nVia Arogno 11<br>\n6816 Bissone<br>\nKontakt-E-Mail des Eigent\u00fcmers: info@swissbeautypro.com\n<\/p>\n\n<h2>Was der Nutzer auf einen Blick wissen sollte<\/h2>\n<p>Der Service\/Swissbeautypro ist ausschliesslich f\u00fcr Nutzer bestimmt, die nicht als Verbraucher gelten, wie z.\nB. gewerbliche Nutzer.<\/p>\n<p>Swissbeautypro ist ausschliesslich f\u00fcr die professionelle Nutzung in der Beauty- und verwandten Branchen\nbestimmt.<\/p>\n\n<h2>Registrierung eines Benutzerkontos<\/h2>\n<p>Zur Nutzung des Services m\u00fcssen sich Nutzer registrieren oder ein Benutzerkonto erstellen und alle\nerforderlichen Daten vollst\u00e4ndig und wahrheitsgem\u00e4ss angeben.<\/p>\n<p>Failure to do so will cause unavailability of the Service.<\/p>\n<p>Die Nutzer sind daf\u00fcr verantwortlich, ihre Zugangsdaten vertraulich und sicher aufzubewahren. Aus diesem\nGrund sind Nutzer verpflichtet, Passw\u00f6rter zu w\u00e4hlen, die den h\u00f6chsten Sicherheitsanforderungen\nentsprechen, die von Swissbeautypro erlaubt sind.<\/p>\n<p>Mit der Registrierung erkl\u00e4ren sich Nutzer damit einverstanden, vollst\u00e4ndig f\u00fcr alle Aktivit\u00e4ten\nverantwortlich zu sein, die unter ihrem Benutzernamen und Passwort erfolgen.<\/p>\n<p>Nutzer sind verpflichtet, den Eigent\u00fcmer unverz\u00fcglich und eindeutig \u00fcber die in diesem Dokument\nangegebenen Kontaktdaten zu informieren, wenn sie der Meinung sind, dass ihre pers\u00f6nlichen Daten,\neinschliesslich, aber nicht beschr\u00e4nkt auf Benutzerkonten, Zugangsdaten oder personenbezogene Daten,\nverletzt, unrechtm\u00e4ssig offengelegt oder gestohlen wurden.<\/p>\n\n<h3>Bedingungen f\u00fcr die Registrierung<\/h3>\n<p>Die Registrierung von Benutzerkonten auf Swissbeautypro unterliegt den unten aufgef\u00fchrten Bedingungen.\nMit der Registrierung erkl\u00e4ren sich Nutzer mit diesen Bedingungen einverstanden.<\/p>\n<p>Mit der Registrierung best\u00e4tigen die Nutzer, dass sie in beruflicher Eigenschaft handeln und nicht als private\nVerbraucher.<\/p>\n\n<h3>K\u00fcndigung des Kontos<\/h3>\n<p>Nutzer k\u00f6nnen ihr Konto jederzeit k\u00fcndigen und die Nutzung des Services einstellen, indem sie Folgendes\ntun:<\/p>\n<p>Durch direkte Kontaktaufnahme mit dem Eigent\u00fcmer \u00fcber die in diesem Dokument angegebenen\nKontaktdaten.<\/p>\n\n<h3>Sperrung und L\u00f6schung von Konten<\/h3>\n<p>Der Eigent\u00fcmer beh\u00e4lt sich das Recht vor, nach eigenem Ermessen Benutzerkonten jederzeit und ohne\nVorank\u00fcndigung zu sperren oder zu l\u00f6schen, wenn diese als unangemessen, anst\u00f6ssig oder als Verstoss gegen\ndiese Bedingungen angesehen werden.<\/p>\n<p>Die Sperrung oder L\u00f6schung von Benutzerkonten berechtigt die Nutzer nicht zu Anspr\u00fcchen auf\nEntsch\u00e4digung, Schadensersatz oder R\u00fcckerstattung.<\/p>\n<p>Die Sperrung oder L\u00f6schung von Konten aus Gr\u00fcnden, die dem Nutzer zuzurechnen sind, entbindet den\nNutzer nicht von der Zahlung etwaiger anfallender Geb\u00fchren oder Preise.<\/p>\n\n<h2>Inhalte auf Swissbeautypro<\/h2>\n<p>Sofern nicht anders angegeben oder eindeutig erkennbar, sind alle Inhalte auf Swissbeautypro Eigentum des\nEigent\u00fcmers oder seiner Lizenzgeber.<\/p>\n<p>Der Eigent\u00fcmer bem\u00fcht sich nach besten Kr\u00e4ften, sicherzustellen, dass die auf Swissbeautypro\nbereitgestellten Inhalte keine gesetzlichen Bestimmungen oder Rechte Dritter verletzen. Es kann jedoch nicht\nimmer garantiert werden, dass dieses Ziel erreicht wird.<\/p>\n<p>In solchen F\u00e4llen werden Nutzer gebeten, unbeschadet ihrer gesetzlichen Rechte, entsprechende\nBeschwerden vorzugsweise \u00fcber die in diesem Dokument angegebenen Kontaktdaten zu melden.<\/p>\n\n<h3>Rechte in Bezug auf Inhalte auf Swissbeautypro \u2013 Alle Rechte vorbehalten<\/h3>\n<p>Der Eigent\u00fcmer besitzt und beh\u00e4lt alle geistigen Eigentumsrechte an diesen Inhalten.<\/p>\n<p>Nutzer d\u00fcrfen diese Inhalte daher nur in dem Umfang nutzen, der f\u00fcr die ordnungsgem\u00e4sse Nutzung des\nServices erforderlich oder implizit ist.<\/p>\n<p>Insbesondere, jedoch nicht ausschliesslich, ist es den Nutzern untersagt, Inhalte zu kopieren,\nherunterzuladen, zu teilen (\u00fcber die unten festgelegten Grenzen hinaus), zu ver\u00e4ndern, zu \u00fcbersetzen,\numzuwandeln, zu ver\u00f6ffentlichen, zu \u00fcbertragen, zu verkaufen, unterzulizenzieren, zu bearbeiten, an Dritte\nzu \u00fcbertragen\/abzutreten oder daraus abgeleitete Werke zu erstellen oder Dritten zu erlauben, dies \u00fcber den\nNutzer oder dessen Ger\u00e4t zu tun, auch ohne dessen Wissen.<\/p>\n<p>Sofern auf Swissbeautypro ausdr\u00fccklich angegeben, darf der Nutzer einige Inhalte ausschliesslich f\u00fcr den\npers\u00f6nlichen und nicht kommerziellen Gebrauch herunterladen, kopieren und\/oder teilen, vorausgesetzt, dass\nalle Urheberrechtsvermerke und sonstigen vom Eigent\u00fcmer geforderten Hinweise korrekt umgesetzt werden.<\/p>\n<p>Alle gesetzlich vorgesehenen Einschr\u00e4nkungen oder Ausnahmen des Urheberrechts bleiben unber\u00fchrt.<\/p>\n\n<h2>Zugriff auf externe Ressourcen<\/h2>\n<p>\u00dcber Swissbeautypro k\u00f6nnen Nutzer auf externe Ressourcen zugreifen, die von Dritten bereitgestellt werden.\nNutzer erkennen an und akzeptieren, dass der Eigent\u00fcmer keine Kontrolle \u00fcber solche Ressourcen hat und\ndaher nicht f\u00fcr deren Inhalte und Verf\u00fcgbarkeit verantwortlich ist.<\/p>\n<p>Conditions applicable to any resources provided by third parties, including those applicable to any possible grant of rights in content, result from each such third parties\u2019 terms and conditions or, in the absence of those, applicable statutory law.<\/p>\n\n<h2>Zul\u00e4ssige Nutzung<\/h2>\n<p>Swissbeautypro und der Service d\u00fcrfen nur im Rahmen dessen genutzt werden, wof\u00fcr sie bereitgestellt\nwerden, gem\u00e4ss diesen Bedingungen und dem geltenden Recht.<\/p>\n<p>Die Nutzer sind allein daf\u00fcr verantwortlich, sicherzustellen, dass ihre Nutzung von Swissbeautypro und\/oder\ndes Services keine Gesetze, Vorschriften oder Rechte Dritter verletzt.<\/p>\n<p>Therefore, the Owner reserves the right to take any appropriate measure to protect its legitimate interests including by denying Users access to Swissbeautypro or the Service, terminating contracts, reporting any misconduct performed through Swissbeautypro or the Service to the competent authorities \u2013 such as judicial or administrative authorities &#8211; whenever Users engage or are suspected to engage in any of the following activities:<\/p>\n\n<ul>\n<li>Verstoss gegen Gesetze, Vorschriften und\/oder diese Bedingungen;<\/li>\n<li>Verletzung von Rechten Dritter;<\/li>\n<li>erhebliche Beeintr\u00e4chtigung der berechtigten Interessen des Eigent\u00fcmers;<\/li>\n<li>Beleidigung des Eigent\u00fcmers oder Dritter.<\/li>\n<\/ul>\n\n<h1>VERKAUFSBEDINGUNGEN<\/h1>\n\n<h2>Kostenpflichtige Produkte<\/h2>\n<p>Some of the Products provided on Swissbeautypro, as part of the Service, are provided on the basis of payment.<\/p>\n<p>The fees, duration and conditions applicable to the purchase of such Products are described below and in the dedicated sections of Swissbeautypro.<\/p>\n<p>To purchase Products, the User must register or log into Swissbeautypro.<\/p>\n\n<h2>Produktbeschreibung<\/h2>\n<p>Prices, descriptions or availability of Products are outlined in the respective sections of Swissbeautypro and are subject to change without notice.<\/p>\n<p>While Products on Swissbeautypro are presented with the greatest accuracy technically possible, representation on Swissbeautypro through any means (including, as the case may be, graphic material, images, colours, sounds) is for reference only and implies no warranty as to the characteristics of the purchased Product.<\/p>\n<p>The characteristics of the chosen Product will be outlined during the purchasing process.<\/p>\n\n<h2>Purchasing process<\/h2>\n<p>Any steps taken from choosing a Product to order submission form part of the purchasing process.<\/p>\n<p>The purchasing process includes these steps:<\/p>\n<ul>\n<li>Users must choose the desired Product and verify their purchase selection.<\/li>\n<li>After having reviewed the information displayed in the purchase selection, Users may place the order by submitting it.<\/li>\n<\/ul>\n\n<h2>Order submission<\/h2>\n<p>When the User submits an order, the following applies:<\/p>\n<p>The submission of an order determines contract conclusion and therefore creates for the User the obligation to pay the price, taxes and possible further fees and expenses, as specified on the order page.<\/p>\n<p>In case the purchased Product requires an action from the User, such as the provision of personal information or data, specifications or special wishes, the order submission creates an obligation for the User to cooperate accordingly.<\/p>\n<p>Upon submission of the order, Users will receive a receipt confirming that the order has been received.<\/p>\n<p>All notifications related to the described purchasing process shall be sent to the email address provided by the User for such purposes.<\/p>\n\n<h2>Prices<\/h2>\n<p>Users are informed during the purchasing process and before order submission, about any fees, taxes and costs (including, if any, delivery costs) that they will be charged.<\/p>\n<p>Prices on Swissbeautypro are displayed:<\/p>\n<ul>\n<li>excluding any applicable fees, taxes and costs.<\/li>\n<\/ul>\n\n<h2>Offers and discounts<\/h2>\n<p>The Owner may offer discounts or provide special offers for the purchase of Products. Any such offer or discount shall always be subject to the eligibility criteria and the terms and conditions set out in the corresponding section of Swissbeautypro.<\/p>\n\n<h2>Methods of payment<\/h2>\n<ul>\n<li>Stripe<\/li>\n<li>PayPal<\/li>\n<li>Google Pay<\/li>\n<\/ul>\n\n<h2>Delivery of goods<\/h2>\n<p>Deliveries are made to the address indicated by the User and in the manner specified in the order summary.<\/p>\n\n<h2>No Return and No Refund Policy<\/h2>\n<p>All sales are final.<\/p>\n<ul>\n<li>the Product delivered is materially damaged upon delivery;<\/li>\n<li>the Product delivered is incorrect.<\/li>\n<\/ul>\n\n<h2>Liability and indemnification<\/h2>\n<p>Indemnification<\/p>\n<p>The User agrees to indemnify and hold the Owner harmless.<\/p>\n\n<h2>Common provisions<\/h2>\n<p>No Waiver<\/p>\n\n<h2>Governing law<\/h2>\n<p>These Terms are governed exclusively by Swiss law, without regard to conflict of laws principles.<\/p>\n\n<h2>Venue of jurisdiction<\/h2>\n<p>The exclusive place of jurisdiction for any disputes arising out of or in connection with these Terms shall be Lugano, Switzerland.<\/p>\n\n<h2>Definitionen und rechtliche Hinweise<\/h2>\n<p><strong>Swissbeautypro (or this Application):<\/strong> The property that enables the provision of the Service.<\/p>\n<p><strong>Agreement:<\/strong> Any legally binding or contractual relationship between the Owner and the User, governed by these Terms.<\/p>\n<p><strong>Business User:<\/strong> Any User that does not qualify as a Consumer and acts in a professional capacity.<\/p>\n<p><strong>Digital Product:<\/strong> A Product that consists of content produced and supplied in digital form or a service that allows for the creation, processing, storing or accessing of data in digital form.<\/p>\n<p><strong>Owner (or We):<\/strong> Indicates the legal entity that provides Swissbeautypro and\/or the Service to Users.<\/p>\n<p><strong>Product:<\/strong> A good or service available through Swissbeautypro, including physical or digital goods.<\/p>\n<p><strong>Service:<\/strong> The service provided by Swissbeautypro as described in these Terms.<\/p>\n<p><strong>Swiss (or Switzerland):<\/strong> Applies where a User, regardless of nationality, is in Switzerland.<\/p>\n<p><strong>Terms:<\/strong> All provisions applicable to the use of Swissbeautypro and\/or the Service as described in this document.<\/p>\n<p><strong>User (or You):<\/strong> Any natural person or legal entity using Swissbeautypro.<\/p>\n<p><strong>Consumer:<\/strong> Any User qualifying as such under applicable Swiss law.<\/p>\n\t\t\t\t\t\t<\/div>\n\t\t\t\t<\/div>\n\t\t\t\t\t<\/div>\n\t\t<\/div>\n\t\t\t\t\t<\/div>\n\t\t<\/section>\n\t\t\t\t\t<\/div>\n\t\t<\/div>\n\t\t\t\t\t<\/div>\n\t\t<\/section>\n\t\t\t\t<\/div>","protected":false},"excerpt":{"rendered":"<p>Latest update: 14 April 2026 Introduction These Terms govern: the use of Swissbeautypro; and any other related Agreement or legal relationship with the Owner in a legally binding way. Capitalised<\/p>","protected":false},"author":1,"featured_media":0,"parent":0,"menu_order":0,"comment_status":"closed","ping_status":"closed","template":"","meta":{"footnotes":""},"class_list":["post-3644","page","type-page","status-publish","hentry"],"_links":{"self":[{"href":"https:\/\/swissbeautypro.com\/de\/wp-json\/wp\/v2\/pages\/3644","targetHints":{"allow":["GET"]}}],"collection":[{"href":"https:\/\/swissbeautypro.com\/de\/wp-json\/wp\/v2\/pages"}],"about":[{"href":"https:\/\/swissbeautypro.com\/de\/wp-json\/wp\/v2\/types\/page"}],"author":[{"embeddable":true,"href":"https:\/\/swissbeautypro.com\/de\/wp-json\/wp\/v2\/users\/1"}],"replies":[{"embeddable":true,"href":"https:\/\/swissbeautypro.com\/de\/wp-json\/wp\/v2\/comments?post=3644"}],"version-history":[{"count":18,"href":"https:\/\/swissbeautypro.com\/de\/wp-json\/wp\/v2\/pages\/3644\/revisions"}],"predecessor-version":[{"id":3673,"href":"https:\/\/swissbeautypro.com\/de\/wp-json\/wp\/v2\/pages\/3644\/revisions\/3673"}],"wp:attachment":[{"href":"https:\/\/swissbeautypro.com\/de\/wp-json\/wp\/v2\/media?parent=3644"}],"curies":[{"name":"wp","href":"https:\/\/api.w.org\/{rel}","templated":true}]}}