{"id":817,"date":"2024-04-09T01:38:24","date_gmt":"2024-04-09T01:38:24","guid":{"rendered":"https:\/\/swissbeautypro.com\/?page_id=817"},"modified":"2025-02-17T18:08:14","modified_gmt":"2025-02-17T18:08:14","slug":"about-us","status":"publish","type":"page","link":"https:\/\/swissbeautypro.com\/de\/about-us\/","title":{"rendered":"\u00dcBER"},"content":{"rendered":"<div data-elementor-type=\"wp-page\" data-elementor-id=\"817\" class=\"elementor elementor-817\" data-elementor-post-type=\"page\">\n\t\t\t\t\t\t<section class=\"elementor-section elementor-top-section elementor-element elementor-element-2d6f2d4 elementor-section-full_width elementor-section-height-default elementor-section-height-default\" data-id=\"2d6f2d4\" data-element_type=\"section\" data-settings=\"{&quot;_ha_eqh_enable&quot;:false}\">\n\t\t\t\t\t\t<div class=\"elementor-container elementor-column-gap-default\">\n\t\t\t\t\t<div class=\"elementor-column elementor-col-100 elementor-top-column elementor-element elementor-element-9474033\" data-id=\"9474033\" data-element_type=\"column\">\n\t\t\t<div class=\"elementor-widget-wrap elementor-element-populated\">\n\t\t\t\t\t\t<section class=\"elementor-section elementor-inner-section elementor-element elementor-element-f648443 elementor-section-full_width elementor-section-height-default elementor-section-height-default\" data-id=\"f648443\" data-element_type=\"section\" data-settings=\"{&quot;_ha_eqh_enable&quot;:false}\">\n\t\t\t\t\t\t<div class=\"elementor-container elementor-column-gap-default\">\n\t\t\t\t\t<div class=\"elementor-column elementor-col-100 elementor-inner-column elementor-element elementor-element-6323228\" data-id=\"6323228\" data-element_type=\"column\">\n\t\t\t<div class=\"elementor-widget-wrap elementor-element-populated\">\n\t\t\t\t\t\t<div class=\"elementor-element elementor-element-b1d4bc2 elementor-widget elementor-widget-image\" data-id=\"b1d4bc2\" data-element_type=\"widget\" data-widget_type=\"image.default\">\n\t\t\t\t<div class=\"elementor-widget-container\">\n\t\t\t<style>\/*! elementor - v3.20.0 - 26-03-2024 *\/\n.elementor-widget-image{text-align:center}.elementor-widget-image a{display:inline-block}.elementor-widget-image a img[src$=\".svg\"]{width:48px}.elementor-widget-image img{vertical-align:middle;display:inline-block}<\/style>\t\t\t\t\t\t\t\t\t\t<img fetchpriority=\"high\" decoding=\"async\" width=\"615\" height=\"402\" src=\"https:\/\/swissbeautypro.com\/wp-content\/uploads\/2024\/04\/re-Ivory-Black-Luxury-Minimalist-Personal-Name-Logo.png\" class=\"attachment-full size-full wp-image-746\" alt=\"\" srcset=\"https:\/\/swissbeautypro.com\/wp-content\/uploads\/2024\/04\/re-Ivory-Black-Luxury-Minimalist-Personal-Name-Logo.png 615w, https:\/\/swissbeautypro.com\/wp-content\/uploads\/2024\/04\/re-Ivory-Black-Luxury-Minimalist-Personal-Name-Logo-480x314.png 480w\" sizes=\"(max-width: 615px) 100vw, 615px\" \/>\t\t\t\t\t\t\t\t\t\t\t\t\t<\/div>\n\t\t\t\t<\/div>\n\t\t\t\t<div class=\"elementor-element elementor-element-ab9dc2d elementor-widget elementor-widget-heading\" data-id=\"ab9dc2d\" data-element_type=\"widget\" data-widget_type=\"heading.default\">\n\t\t\t\t<div class=\"elementor-widget-container\">\n\t\t\t<style>\/*! elementor - v3.20.0 - 26-03-2024 *\/\n.elementor-heading-title{padding:0;margin:0;line-height:1}.elementor-widget-heading .elementor-heading-title[class*=elementor-size-]>a{color:inherit;font-size:inherit;line-height:inherit}.elementor-widget-heading .elementor-heading-title.elementor-size-small{font-size:15px}.elementor-widget-heading .elementor-heading-title.elementor-size-medium{font-size:19px}.elementor-widget-heading .elementor-heading-title.elementor-size-large{font-size:29px}.elementor-widget-heading .elementor-heading-title.elementor-size-xl{font-size:39px}.elementor-widget-heading .elementor-heading-title.elementor-size-xxl{font-size:59px}<\/style><h2 class=\"elementor-heading-title elementor-size-default\">VON FACHLEUTEN F\u00dcR FACHLEUTE \n<\/h2>\t\t<\/div>\n\t\t\t\t<\/div>\n\t\t\t\t<div class=\"elementor-element elementor-element-034203d elementor-widget__width-initial elementor-widget elementor-widget-text-editor\" data-id=\"034203d\" data-element_type=\"widget\" data-widget_type=\"text-editor.default\">\n\t\t\t\t<div class=\"elementor-widget-container\">\n\t\t\t<style>\/*! elementor - v3.20.0 - 26-03-2024 *\/\n.elementor-widget-text-editor.elementor-drop-cap-view-stacked .elementor-drop-cap{background-color:#69727d;color:#fff}.elementor-widget-text-editor.elementor-drop-cap-view-framed .elementor-drop-cap{color:#69727d;border:3px solid;background-color:transparent}.elementor-widget-text-editor:not(.elementor-drop-cap-view-default) .elementor-drop-cap{margin-top:8px}.elementor-widget-text-editor:not(.elementor-drop-cap-view-default) .elementor-drop-cap-letter{width:1em;height:1em}.elementor-widget-text-editor .elementor-drop-cap{float:left;text-align:center;line-height:1;font-size:50px}.elementor-widget-text-editor .elementor-drop-cap-letter{display:inline-block}<\/style>\t\t\t\tSwiss Beauty Pro ist der Anbieter von professionellen Hautpflegeprodukten in der Schweiz. Wir bieten eine umfassende\nAuswahl an hochwertigen Hautpflegeprodukten, die speziell f\u00fcr die professionelle Anwendung entwickelt wurden. Unser\nSortiment umfasst Reinigungsmittel, Peelings, Feuchtigkeitscremes, Seren, Masken und Behandlungen, die mit\nfortschrittlichen Inhaltsstoffen formuliert wurden, um verschiedene Hautprobleme effektiv anzugehen. Ganz gleich, ob Ihre\nKunden Feuchtigkeitspflege, Anti-Aging, Aufhellung oder problemspezifische L\u00f6sungen suchen, Swiss Beauty Pro bietet\nerstklassige Produkte, die ihre Bed\u00fcrfnisse erf\u00fcllen und ihre Erwartungen \u00fcbertreffen.\t\t\t\t\t\t<\/div>\n\t\t\t\t<\/div>\n\t\t\t\t<div class=\"elementor-element elementor-element-da35fc3 elementor-widget__width-initial elementor-widget elementor-widget-text-editor\" data-id=\"da35fc3\" data-element_type=\"widget\" data-widget_type=\"text-editor.default\">\n\t\t\t\t<div class=\"elementor-widget-container\">\n\t\t\t\t\t\t\tUnser Motto \"Von Fachleuten f\u00fcr Fachleute\" steht f\u00fcr unser Engagement, die Bed\u00fcrfnisse von Sch\u00f6nheitsexperten mit\nProdukten zu erf\u00fcllen, die von Experten f\u00fcr Experten entwickelt wurden. Wir bei Swiss Beauty Pro wissen, wie wichtig\nzuverl\u00e4ssige, hochwertige Hautpflegel\u00f6sungen sind, um unseren Kunden au\u00dfergew\u00f6hnliche Ergebnisse zu liefern. Unser Motto\nspiegelt unser Engagement wider, Fachleuten die Werkzeuge an die Hand zu geben, die sie ben\u00f6tigen, um in ihrem Handwerk\nzu gl\u00e4nzen, und sie in die Lage zu versetzen, erstklassige Hautpflegebehandlungen und -erlebnisse zu bieten.\t\t\t\t\t\t<\/div>\n\t\t\t\t<\/div>\n\t\t\t\t<div class=\"elementor-element elementor-element-96866a6 elementor-widget elementor-widget-heading\" data-id=\"96866a6\" data-element_type=\"widget\" data-widget_type=\"heading.default\">\n\t\t\t\t<div class=\"elementor-widget-container\">\n\t\t\t<h2 class=\"elementor-heading-title elementor-size-default\">ENTDECKEN SIE UNSERE MARKEN: <\/h2>\t\t<\/div>\n\t\t\t\t<\/div>\n\t\t\t\t\t<\/div>\n\t\t<\/div>\n\t\t\t\t\t<\/div>\n\t\t<\/section>\n\t\t\t\t<section class=\"elementor-section elementor-inner-section elementor-element elementor-element-5188d82 elementor-section-content-middle elementor-section-boxed elementor-section-height-default elementor-section-height-default\" data-id=\"5188d82\" data-element_type=\"section\" data-settings=\"{&quot;_ha_eqh_enable&quot;:false}\">\n\t\t\t\t\t\t<div class=\"elementor-container elementor-column-gap-default\">\n\t\t\t\t\t<div class=\"elementor-column elementor-col-33 elementor-inner-column elementor-element elementor-element-198c49a\" data-id=\"198c49a\" data-element_type=\"column\">\n\t\t\t<div class=\"elementor-widget-wrap elementor-element-populated\">\n\t\t\t\t\t\t<div class=\"elementor-element elementor-element-4e2c54f elementor-widget elementor-widget-image\" data-id=\"4e2c54f\" data-element_type=\"widget\" data-widget_type=\"image.default\">\n\t\t\t\t<div class=\"elementor-widget-container\">\n\t\t\t\t\t\t\t\t\t\t\t\t\t\t<a href=\"https:\/\/swissbeautypro.com\/en\/esthemax-products\/\">\n\t\t\t\t\t\t\t<img decoding=\"async\" width=\"330\" height=\"133\" src=\"https:\/\/swissbeautypro.com\/wp-content\/uploads\/2024\/05\/Capture-1.png\" class=\"attachment-full size-full wp-image-1628\" alt=\"\" \/>\t\t\t\t\t\t\t\t<\/a>\n\t\t\t\t\t\t\t\t\t\t\t\t\t<\/div>\n\t\t\t\t<\/div>\n\t\t\t\t\t<\/div>\n\t\t<\/div>\n\t\t\t\t<div class=\"elementor-column elementor-col-33 elementor-inner-column elementor-element elementor-element-f8f1b96\" data-id=\"f8f1b96\" data-element_type=\"column\">\n\t\t\t<div class=\"elementor-widget-wrap elementor-element-populated\">\n\t\t\t\t\t\t<div class=\"elementor-element elementor-element-f5c4707 elementor-widget elementor-widget-image\" data-id=\"f5c4707\" data-element_type=\"widget\" data-widget_type=\"image.default\">\n\t\t\t\t<div class=\"elementor-widget-container\">\n\t\t\t\t\t\t\t\t\t\t\t\t\t\t<a href=\"https:\/\/swissbeautypro.com\/linda-kristel\/\">\n\t\t\t\t\t\t\t<img decoding=\"async\" width=\"165\" height=\"125\" src=\"https:\/\/swissbeautypro.com\/wp-content\/uploads\/2024\/05\/Capture-1-1.png\" class=\"attachment-large size-large wp-image-1629\" alt=\"\" \/>\t\t\t\t\t\t\t\t<\/a>\n\t\t\t\t\t\t\t\t\t\t\t\t\t<\/div>\n\t\t\t\t<\/div>\n\t\t\t\t\t<\/div>\n\t\t<\/div>\n\t\t\t\t<div class=\"elementor-column elementor-col-33 elementor-inner-column elementor-element elementor-element-f79938a\" data-id=\"f79938a\" data-element_type=\"column\">\n\t\t\t<div class=\"elementor-widget-wrap elementor-element-populated\">\n\t\t\t\t\t\t<div class=\"elementor-element elementor-element-c9f8cec elementor-widget elementor-widget-image\" data-id=\"c9f8cec\" data-element_type=\"widget\" data-widget_type=\"image.default\">\n\t\t\t\t<div class=\"elementor-widget-container\">\n\t\t\t\t\t\t\t\t\t\t\t\t\t\t<a href=\"https:\/\/swissbeautypro.com\/en\/product\/tesla-med-ion-stream-680-pro\/\">\n\t\t\t\t\t\t\t<img loading=\"lazy\" decoding=\"async\" width=\"6817\" height=\"1520\" src=\"https:\/\/swissbeautypro.com\/wp-content\/uploads\/2025\/02\/Tesla-Med-DE.png\" class=\"attachment-full size-full wp-image-3387\" alt=\"\" srcset=\"https:\/\/swissbeautypro.com\/wp-content\/uploads\/2025\/02\/Tesla-Med-DE.png 6817w, https:\/\/swissbeautypro.com\/wp-content\/uploads\/2025\/02\/Tesla-Med-DE-480x107.png 480w, https:\/\/swissbeautypro.com\/wp-content\/uploads\/2025\/02\/Tesla-Med-DE-1024x228.png 1024w, https:\/\/swissbeautypro.com\/wp-content\/uploads\/2025\/02\/Tesla-Med-DE-768x171.png 768w, https:\/\/swissbeautypro.com\/wp-content\/uploads\/2025\/02\/Tesla-Med-DE-1536x342.png 1536w, https:\/\/swissbeautypro.com\/wp-content\/uploads\/2025\/02\/Tesla-Med-DE-2048x457.png 2048w, https:\/\/swissbeautypro.com\/wp-content\/uploads\/2025\/02\/Tesla-Med-DE-18x4.png 18w, https:\/\/swissbeautypro.com\/wp-content\/uploads\/2025\/02\/Tesla-Med-DE-800x178.png 800w\" sizes=\"(max-width: 6817px) 100vw, 6817px\" \/>\t\t\t\t\t\t\t\t<\/a>\n\t\t\t\t\t\t\t\t\t\t\t\t\t<\/div>\n\t\t\t\t<\/div>\n\t\t\t\t\t<\/div>\n\t\t<\/div>\n\t\t\t\t\t<\/div>\n\t\t<\/section>\n\t\t\t\t<section class=\"elementor-section elementor-inner-section elementor-element elementor-element-4e78df0 elementor-hidden-desktop elementor-hidden-tablet elementor-hidden-mobile elementor-section-boxed elementor-section-height-default elementor-section-height-default\" data-id=\"4e78df0\" data-element_type=\"section\" data-settings=\"{&quot;_ha_eqh_enable&quot;:false}\">\n\t\t\t\t\t\t<div class=\"elementor-container elementor-column-gap-default\">\n\t\t\t\t\t<div class=\"elementor-column elementor-col-25 elementor-inner-column elementor-element elementor-element-cb7d3b3\" data-id=\"cb7d3b3\" data-element_type=\"column\">\n\t\t\t<div class=\"elementor-widget-wrap\">\n\t\t\t\t\t\t\t<\/div>\n\t\t<\/div>\n\t\t\t\t<div class=\"elementor-column elementor-col-25 elementor-inner-column elementor-element elementor-element-a8c4575\" data-id=\"a8c4575\" data-element_type=\"column\">\n\t\t\t<div class=\"elementor-widget-wrap elementor-element-populated\">\n\t\t\t\t\t\t<div class=\"elementor-element elementor-element-67f9978 elementor-widget elementor-widget-image\" data-id=\"67f9978\" data-element_type=\"widget\" data-widget_type=\"image.default\">\n\t\t\t\t<div class=\"elementor-widget-container\">\n\t\t\t\t\t\t\t\t\t\t\t\t\t\t<a href=\"https:\/\/swissbeautypro.com\/esthemax\/\">\n\t\t\t\t\t\t\t<img loading=\"lazy\" decoding=\"async\" width=\"330\" height=\"133\" src=\"https:\/\/swissbeautypro.com\/wp-content\/uploads\/2024\/04\/Capture.png\" class=\"attachment-large size-large wp-image-823\" alt=\"\" \/>\t\t\t\t\t\t\t\t<\/a>\n\t\t\t\t\t\t\t\t\t\t\t\t\t<\/div>\n\t\t\t\t<\/div>\n\t\t\t\t\t<\/div>\n\t\t<\/div>\n\t\t\t\t<div class=\"elementor-column elementor-col-25 elementor-inner-column elementor-element elementor-element-c7da252\" data-id=\"c7da252\" data-element_type=\"column\">\n\t\t\t<div class=\"elementor-widget-wrap elementor-element-populated\">\n\t\t\t\t\t\t<div class=\"elementor-element elementor-element-2f034b2 elementor-widget elementor-widget-image\" data-id=\"2f034b2\" data-element_type=\"widget\" data-widget_type=\"image.default\">\n\t\t\t\t<div class=\"elementor-widget-container\">\n\t\t\t\t\t\t\t\t\t\t\t\t\t\t<a href=\"https:\/\/swissbeautypro.com\/linda-kristel\/\">\n\t\t\t\t\t\t\t<img loading=\"lazy\" decoding=\"async\" width=\"165\" height=\"125\" src=\"https:\/\/swissbeautypro.com\/wp-content\/uploads\/2024\/04\/Capture-1.png\" class=\"attachment-large size-large wp-image-822\" alt=\"\" \/>\t\t\t\t\t\t\t\t<\/a>\n\t\t\t\t\t\t\t\t\t\t\t\t\t<\/div>\n\t\t\t\t<\/div>\n\t\t\t\t\t<\/div>\n\t\t<\/div>\n\t\t\t\t<div class=\"elementor-column elementor-col-25 elementor-inner-column elementor-element elementor-element-8b0879f\" data-id=\"8b0879f\" data-element_type=\"column\">\n\t\t\t<div class=\"elementor-widget-wrap\">\n\t\t\t\t\t\t\t<\/div>\n\t\t<\/div>\n\t\t\t\t\t<\/div>\n\t\t<\/section>\n\t\t\t\t\t<\/div>\n\t\t<\/div>\n\t\t\t\t\t<\/div>\n\t\t<\/section>\n\t\t\t\t<\/div>","protected":false},"excerpt":{"rendered":"<p>FROM PROFESSIONALS TO PROFESSIONALS Swiss Beauty Pro is the supplier of professional skin care products in Switzerland. We offer a comprehensive selection of premium skincare products specifically designed for professional<\/p>","protected":false},"author":1,"featured_media":0,"parent":0,"menu_order":0,"comment_status":"closed","ping_status":"closed","template":"elementor_header_footer","meta":{"footnotes":""},"class_list":["post-817","page","type-page","status-publish","hentry"],"_links":{"self":[{"href":"https:\/\/swissbeautypro.com\/de\/wp-json\/wp\/v2\/pages\/817","targetHints":{"allow":["GET"]}}],"collection":[{"href":"https:\/\/swissbeautypro.com\/de\/wp-json\/wp\/v2\/pages"}],"about":[{"href":"https:\/\/swissbeautypro.com\/de\/wp-json\/wp\/v2\/types\/page"}],"author":[{"embeddable":true,"href":"https:\/\/swissbeautypro.com\/de\/wp-json\/wp\/v2\/users\/1"}],"replies":[{"embeddable":true,"href":"https:\/\/swissbeautypro.com\/de\/wp-json\/wp\/v2\/comments?post=817"}],"version-history":[{"count":90,"href":"https:\/\/swissbeautypro.com\/de\/wp-json\/wp\/v2\/pages\/817\/revisions"}],"predecessor-version":[{"id":3396,"href":"https:\/\/swissbeautypro.com\/de\/wp-json\/wp\/v2\/pages\/817\/revisions\/3396"}],"wp:attachment":[{"href":"https:\/\/swissbeautypro.com\/de\/wp-json\/wp\/v2\/media?parent=817"}],"curies":[{"name":"wp","href":"https:\/\/api.w.org\/{rel}","templated":true}]}}