{"id":1015,"date":"2024-04-15T23:25:24","date_gmt":"2024-04-15T23:25:24","guid":{"rendered":"https:\/\/swissbeautypro.com\/?post_type=product&#038;p=1015"},"modified":"2026-03-29T12:15:31","modified_gmt":"2026-03-29T12:15:31","slug":"led-light-see-through-hydrojelly","status":"publish","type":"product","link":"https:\/\/swissbeautypro.com\/de\/produkt\/led-light-see-through-hydrojelly\/","title":{"rendered":"LED LIGHT SEE THROUGH HYDROJELLY"},"content":{"rendered":"<p><span style=\"color: #000000;\"><strong>VORTEILE:<\/strong><\/span><\/p>\n<p class=\" translation-block\">Diese Maske ist f\u00fcr die Verwendung mit LED-Lichtger\u00e4ten konzipiert. Bio-Gr\u00fcnteepulver in \nKombination mit blauem Licht lindert Entz\u00fcndungen und reduziert das Erscheinungsbild von \nPoren, w\u00e4hrend Bakterien mit LED-Licht bek\u00e4mpft werden. Organisches braunes Reisprotein \narbeitet mit rotem Licht, um die Elastizit\u00e4t zu verbessern und die Haut zu verj\u00fcngen. Sch\u00fctzt die \nHaut vor Trockenheit und Irritationen, w\u00e4hrend es die Lichtwellen w\u00e4hrend der LED-Behandlung \nan die Haut weiterleitet.<\/p>\n<p><span style=\"color: #000000;\"><strong>HAUTTYPEN\/HAUTPROBLEME:<\/strong> <\/span><\/p>\n<p>Trockene Haut, LED-Lampenbehandlung, entz\u00fcndungshemmend<\/p>\n<p><span style=\"color: #000000;\"><strong>AKTIVE INHALTSSTOFFE:<\/strong><\/span><\/p>\n<p>Hyalurons\u00e4ure<br \/>\n\u2022 Bio-Gr\u00fcntee-Pulver<\/p>\n<p class=\" translation-block\">Ideale Maske f\u00fcr die Phototherapie-Behandlung mit Strahlen (UVA UND UVB), je nach \nL\u00e4sionen, Merkmalen und\/oder Hautzust\u00e4nden<\/p>\n<p><span style=\"color: #000000;\"><strong>ANWENDUNG<\/strong><\/span><\/p>\n<p>50 ml des Produkts mit 40 ml Wasser mischen.<br \/>\nAuf die zu behandelnde Hautoberfl\u00e4che auftragen.<br \/>\n20 Minuten einwirken lassen und anschlie\u00dfend entfernen<\/p>\n<p><span style=\"color: #000000;\"><strong>ANWENDUNGEN:<\/strong><\/span><\/p>\n<p>Gesicht: 17 Anwendungen<br \/>\nGesicht und Hals: 10 Anwendungen.<\/p>\n<p><strong><span style=\"color: #000000;\">MENGE:<\/span> <\/strong><\/p>\n<p>500gr<\/p>","protected":false},"excerpt":{"rendered":"<p><span style=\"color: #000000;\">Lieferung 2-3 Werktage<\/span><\/p>","protected":false},"featured_media":1017,"comment_status":"open","ping_status":"closed","template":"","meta":[],"product_cat":[113,116,70,71],"product_tag":[73,77],"class_list":{"0":"post-1015","1":"product","2":"type-product","3":"status-publish","4":"has-post-thumbnail","6":"product_brand-esthemax","7":"product_cat-dry-skin","8":"product_cat-led-lamp","9":"product_cat-products","10":"product_cat-hydrojelly-mask","11":"product_tag-dry-skin","12":"product_tag-led-lamp","14":"first","15":"outofstock","16":"taxable","17":"shipping-taxable","18":"product-type-simple"},"_links":{"self":[{"href":"https:\/\/swissbeautypro.com\/de\/wp-json\/wp\/v2\/product\/1015","targetHints":{"allow":["GET"]}}],"collection":[{"href":"https:\/\/swissbeautypro.com\/de\/wp-json\/wp\/v2\/product"}],"about":[{"href":"https:\/\/swissbeautypro.com\/de\/wp-json\/wp\/v2\/types\/product"}],"replies":[{"embeddable":true,"href":"https:\/\/swissbeautypro.com\/de\/wp-json\/wp\/v2\/comments?post=1015"}],"version-history":[{"count":6,"href":"https:\/\/swissbeautypro.com\/de\/wp-json\/wp\/v2\/product\/1015\/revisions"}],"predecessor-version":[{"id":2938,"href":"https:\/\/swissbeautypro.com\/de\/wp-json\/wp\/v2\/product\/1015\/revisions\/2938"}],"wp:featuredmedia":[{"embeddable":true,"href":"https:\/\/swissbeautypro.com\/de\/wp-json\/wp\/v2\/media\/1017"}],"wp:attachment":[{"href":"https:\/\/swissbeautypro.com\/de\/wp-json\/wp\/v2\/media?parent=1015"}],"wp:term":[{"taxonomy":"product_cat","embeddable":true,"href":"https:\/\/swissbeautypro.com\/de\/wp-json\/wp\/v2\/product_cat?post=1015"},{"taxonomy":"product_tag","embeddable":true,"href":"https:\/\/swissbeautypro.com\/de\/wp-json\/wp\/v2\/product_tag?post=1015"}],"curies":[{"name":"wp","href":"https:\/\/api.w.org\/{rel}","templated":true}]}}