{"id":1019,"date":"2024-04-15T23:33:15","date_gmt":"2024-04-15T23:33:15","guid":{"rendered":"https:\/\/swissbeautypro.com\/?post_type=product&#038;p=1019"},"modified":"2025-12-16T08:11:31","modified_gmt":"2025-12-16T08:11:31","slug":"phyto-nutrients-blast","status":"publish","type":"product","link":"https:\/\/swissbeautypro.com\/de\/produkt\/phyto-nutrients-blast\/","title":{"rendered":"PHYTO-NUTRIENTS BLAST"},"content":{"rendered":"<p><span style=\"color: #000000;\"><strong>VORTEILE:<\/strong><\/span><\/p>\n<p class=\" translation-block\">Jeder seiner Wirkstoffe bietet Vorteile f\u00fcr die Haut, wie zum Beispiel: \n<br>\n\u2022 Gei\u00dfblatt: eine Pflanze mit beruhigenden Eigenschaften, die dazu beitr\u00e4gt, Entz\u00fcndungen \nder Haut bei Ekzemen, Rosazea und Akne zu reduzieren. Sie wirkt auch als nat\u00fcrliches \nEntgiftungsmittel, das die Haut reinigt und bakterielle Infektionen bek\u00e4mpft. \n<br>\n\u2022 Brokkoli: ein Bestandteil mit einer hohen Konzentration an Antioxidantien wie Vitamin C \nund Beta-Carotin, die die Haut vor Sch\u00e4den durch freie Radikale sch\u00fctzen. Beta-Carotin \nenth\u00e4lt Vitamin A (Retinol), das die Bildung von Pyrimidindimeren hemmt, die durch UVBestrahlung entstehen, und so f\u00fcr eine strahlendere und j\u00fcnger aussehende Haut sorgt. \n<br>\n\u2022 Gr\u00fcner Tee: ein nat\u00fcrliches Antioxidans und Adstringens. Hilft bei der Bek\u00e4mpfung von \nSch\u00e4den durch freie Radikale und bakterielle Infektionen. Ideal f\u00fcr Haut mit Akne.<\/p>\n<p><span style=\"color: #000000;\"><strong>HAUTTYPEN\/HAUTPROBLEME:<\/strong> <\/span><\/p>\n<p>Feuchtigkeitsarme Haut mit Ekzemen, Rosazea oder Akne<\/p>\n<p><span style=\"color: #000000;\"><strong>AKTIVE BESTANDTEILE:<\/strong><\/span><\/p>\n<p>Gei\u00dfblatt<br \/>\nBio-Brokkoli<br \/>\nBio-Gr\u00fcntee<\/p>\n<p><span style=\"color: #000000;\"><strong>ZUTATEN:<\/strong> <\/span><\/p>\n<p class=\" translation-block\">Potassium Alginate, Algin, Lonicera Caprofolium Extract, Oryza Sativa Pwder, \nSodium Hyaluronate, Camellia Sinensis (Green Tea) Leaf, Glucose, Salix Alba (Willow) Bark \nExtract, Brassica Oleracea Italica (Broccoli) Extract, Calcium Sulfate, Sodium Chloride, \nDiatomaceous Earth , Magnesium sulfate, potassium chlorid fragance<\/p>\n<p><span style=\"color: #000000;\"><strong>ANWENDUNG<\/strong><\/span><\/p>\n<p>50 ml des Produkts mit 40 ml Wasser mischen.<br \/>\n\u2022 Auf die zu behandelnde Hautoberfl\u00e4che auftragen.<br \/>\n\u2022 20 Minuten einwirken lassen und abnehmen.<\/p>\n<p><span style=\"color: #000000;\"><strong>ANWENDUNGEN:<\/strong><\/span><\/p>\n<p>Gesicht: 17 Anwendungen<br \/>\nGesicht und Hals: 10 Anwendungen.<\/p>\n<p><span style=\"color: #000000;\"><strong>MENGE:<\/strong><\/span><\/p>\n<p>500gr<\/p>","protected":false},"excerpt":{"rendered":"<p><span style=\"color: #000000;\">Lieferung 2-3 Werktage<\/span><\/p>","protected":false},"featured_media":1020,"comment_status":"open","ping_status":"closed","template":"","meta":[],"product_cat":[113,121,122,70,71],"product_tag":[73,89,80],"class_list":{"0":"post-1019","1":"product","2":"type-product","3":"status-publish","4":"has-post-thumbnail","6":"product_brand-esthemax","7":"product_cat-dry-skin","8":"product_cat-rosacea","9":"product_cat-sensitive-skin","10":"product_cat-products","11":"product_cat-hydrojelly-mask","12":"product_tag-dry-skin","13":"product_tag-rosacea","14":"product_tag-sensitive-skin","16":"first","17":"outofstock","18":"taxable","19":"shipping-taxable","20":"product-type-simple"},"_links":{"self":[{"href":"https:\/\/swissbeautypro.com\/de\/wp-json\/wp\/v2\/product\/1019","targetHints":{"allow":["GET"]}}],"collection":[{"href":"https:\/\/swissbeautypro.com\/de\/wp-json\/wp\/v2\/product"}],"about":[{"href":"https:\/\/swissbeautypro.com\/de\/wp-json\/wp\/v2\/types\/product"}],"replies":[{"embeddable":true,"href":"https:\/\/swissbeautypro.com\/de\/wp-json\/wp\/v2\/comments?post=1019"}],"version-history":[{"count":5,"href":"https:\/\/swissbeautypro.com\/de\/wp-json\/wp\/v2\/product\/1019\/revisions"}],"predecessor-version":[{"id":2937,"href":"https:\/\/swissbeautypro.com\/de\/wp-json\/wp\/v2\/product\/1019\/revisions\/2937"}],"wp:featuredmedia":[{"embeddable":true,"href":"https:\/\/swissbeautypro.com\/de\/wp-json\/wp\/v2\/media\/1020"}],"wp:attachment":[{"href":"https:\/\/swissbeautypro.com\/de\/wp-json\/wp\/v2\/media?parent=1019"}],"wp:term":[{"taxonomy":"product_cat","embeddable":true,"href":"https:\/\/swissbeautypro.com\/de\/wp-json\/wp\/v2\/product_cat?post=1019"},{"taxonomy":"product_tag","embeddable":true,"href":"https:\/\/swissbeautypro.com\/de\/wp-json\/wp\/v2\/product_tag?post=1019"}],"curies":[{"name":"wp","href":"https:\/\/api.w.org\/{rel}","templated":true}]}}