{"id":1024,"date":"2024-04-15T23:38:57","date_gmt":"2024-04-15T23:38:57","guid":{"rendered":"https:\/\/swissbeautypro.com\/?post_type=product&#038;p=1024"},"modified":"2025-12-16T08:11:31","modified_gmt":"2025-12-16T08:11:31","slug":"pure-himalayan-white-tea","status":"publish","type":"product","link":"https:\/\/swissbeautypro.com\/de\/produkt\/pure-himalayan-white-tea\/","title":{"rendered":"PURE HIMALAYAN WHITE TEA"},"content":{"rendered":"<p><span style=\"color: #000000;\"><strong>VORTEILE:<\/strong><\/span><\/p>\n<p class=\" translation-block\">\u2022 Empfohlen nach Extraktionsverfahren, mindert Hautreizungen, Ausschl\u00e4ge, Entz\u00fcndungen \nund R\u00f6tungen. <br>\n\u2022 Reguliert die Talgdr\u00fcsent\u00e4tigkeit und reduziert offene Poren. <br>\n\u2022 Entgiftende Eigenschaften.<\/p>\n<p><span style=\"color: #000000;\"><strong>HAUTTYPEN\/HAUTPROBLEME:<\/strong> <\/span><\/p>\n<p>Ideal f\u00fcr empfindliche, zu Akne neigende Haut, unreine Haut, \nEkzeme<\/p>\n<p><span style=\"color: #000000;\"><strong>AKTIVE BESTANDTEILE:<\/strong><\/span><\/p>\n<p class=\" translation-block\">\u2022 Wei\u00dfer Tee: Er wirkt entgiftend und hilft, Giftstoffe zu beseitigen, die f\u00fcr Hautprobleme wie \nAkne, Falten und ungleichm\u00e4\u00dfige Hautfarbe verantwortlich sind. Er enth\u00e4lt Catechine, eine \nKomponente aus der Familie der Flavonoide, die eine hohe antioxidative Wirkung haben. \nSie erh\u00f6hen auch den Gehalt an Enzymen wie Superoxiddismutase (SOD) und Katalase, die \ndie Haut vor Sch\u00e4den durch reaktive Sauerstoffspezies (ROS) sch\u00fctzen. <br>\n\u2022 Kalt gemahlener Bio-Leinsamen: Enth\u00e4lt Omega-3-Fetts\u00e4uren, die den Heilungsprozess \nf\u00f6rdern. Er hat aufgrund seiner entz\u00fcndungshemmenden Wirkung heilende Eigenschaften. \nHilft bei der Befeuchtung und Behandlung von trockenen, juckenden oder juckenden \nEkzemen.<\/p>\n<p><span style=\"color: #000000;\"><strong>ZUTATEN:<\/strong><\/span><\/p>\n<p class=\" translation-block\">Potassium Alginate, Sodium Alginate, Organic Whole Grain Oat Flour, Organic White Rice Flour, \nGlucose, Silika, * Organic White Willow Bark Powder, White Tea Powder, * Organic Cold Milled \nGround Flaxsed, Calcium Sulfate, Potassium, Magnesium, Sodium, Chloride, Bicarbonate, Sodium \nPyrophosphate, Iron Oxides, Fragrance.<\/p>\n<p><span style=\"color: #000000;\"><strong>ANWENDUNG<\/strong><\/span><\/p>\n<p>\u2022 50 ml des Produkts mit 40 ml Wasser mischen.<br \/>\n\u2022 Auf die zu behandelnde Hautoberfl\u00e4che auftragen.<br \/>\n\u2022 20 Minuten einwirken lassen und abnehmen.<\/p>\n<p><span style=\"color: #000000;\"><strong>ANWENDUNGEN:<\/strong><\/span><\/p>\n<p>Gesicht: 17 Anwendungen<br \/>\nGesicht und Hals: 10 Anwendungen.<\/p>\n<p><strong><span style=\"color: #000000;\">MENGE:<\/span> <\/strong><\/p>\n<p>500gr<\/p>","protected":false},"excerpt":{"rendered":"<p><span style=\"color: #000000;\">Lieferung 2-3 Werktage<\/span><\/p>","protected":false},"featured_media":1025,"comment_status":"open","ping_status":"closed","template":"","meta":[],"product_cat":[107,111,118,122,70,71],"product_tag":[86,85,88,80],"class_list":{"0":"post-1024","1":"product","2":"type-product","3":"status-publish","4":"has-post-thumbnail","6":"product_brand-esthemax","7":"product_cat-acne","8":"product_cat-antioxidant","9":"product_cat-oily-skin","10":"product_cat-sensitive-skin","11":"product_cat-products","12":"product_cat-hydrojelly-mask","13":"product_tag-acne","14":"product_tag-antioxidant","15":"product_tag-oily-skin","16":"product_tag-sensitive-skin","18":"first","19":"outofstock","20":"taxable","21":"shipping-taxable","22":"product-type-simple"},"_links":{"self":[{"href":"https:\/\/swissbeautypro.com\/de\/wp-json\/wp\/v2\/product\/1024","targetHints":{"allow":["GET"]}}],"collection":[{"href":"https:\/\/swissbeautypro.com\/de\/wp-json\/wp\/v2\/product"}],"about":[{"href":"https:\/\/swissbeautypro.com\/de\/wp-json\/wp\/v2\/types\/product"}],"replies":[{"embeddable":true,"href":"https:\/\/swissbeautypro.com\/de\/wp-json\/wp\/v2\/comments?post=1024"}],"version-history":[{"count":5,"href":"https:\/\/swissbeautypro.com\/de\/wp-json\/wp\/v2\/product\/1024\/revisions"}],"predecessor-version":[{"id":2936,"href":"https:\/\/swissbeautypro.com\/de\/wp-json\/wp\/v2\/product\/1024\/revisions\/2936"}],"wp:featuredmedia":[{"embeddable":true,"href":"https:\/\/swissbeautypro.com\/de\/wp-json\/wp\/v2\/media\/1025"}],"wp:attachment":[{"href":"https:\/\/swissbeautypro.com\/de\/wp-json\/wp\/v2\/media?parent=1024"}],"wp:term":[{"taxonomy":"product_cat","embeddable":true,"href":"https:\/\/swissbeautypro.com\/de\/wp-json\/wp\/v2\/product_cat?post=1024"},{"taxonomy":"product_tag","embeddable":true,"href":"https:\/\/swissbeautypro.com\/de\/wp-json\/wp\/v2\/product_tag?post=1024"}],"curies":[{"name":"wp","href":"https:\/\/api.w.org\/{rel}","templated":true}]}}