{"id":1041,"date":"2024-04-16T00:01:14","date_gmt":"2024-04-16T00:01:14","guid":{"rendered":"https:\/\/swissbeautypro.com\/?post_type=product&#038;p=1041"},"modified":"2025-05-26T12:50:31","modified_gmt":"2025-05-26T12:50:31","slug":"resilience-caviar","status":"publish","type":"product","link":"https:\/\/swissbeautypro.com\/de\/produkt\/resilience-caviar\/","title":{"rendered":"RESILIENCE CAVIAR"},"content":{"rendered":"<p><span style=\"color: #000000;\"><strong>VORTEILE:<\/strong><\/span><\/p>\n<p class=\" translation-block\">Steigert die Produktion von Ceramiden in den Epidermiszellen der Haut. Die Ceramide regulieren \nden Fl\u00fcssigkeitsaustausch zwischen dem Inneren und dem \u00c4u\u00dferen der Haut und beg\u00fcnstigen ihre \nHydratation. <br>\n\u2022 Verringert das Auftreten und die Vertiefung von Mimikfalten und F\u00e4ltchen. <br>\n\u2022 Erh\u00f6ht die Elastizit\u00e4t der Haut. <br>\n\u2022 Verringert das Erscheinungsbild von Poren und gleicht den Hautton aus. <br>\n\u2022 Stimuliert die Produktion von Kollagen und Elastin<\/p>\n<p><strong><span style=\"color: #000000;\">HAUTTYPEN\/HAUTPROBLEME:<\/span><\/strong> Reife, sonnengesch\u00e4digte, gealterte Haut, Festigkeit der Haut<\/p>\n<p><span style=\"color: #000000;\"><strong>AKTIVE INHALTSSTOFFE:<\/strong><\/span><\/p>\n<p class=\" translation-block\">Kaviar wird leicht von den Epidermiszellen aufgenommen. Er ist reich an Omega-3- und Omega-6-\nFetts\u00e4uren und Aminos\u00e4uren, die die Haut n\u00e4hren. Sie unterst\u00fctzen die nat\u00fcrliche Produktion von \nKollagen und reduzieren Falten. Sie reparieren Sch\u00e4den, die durch UV-Strahlung, Austrocknung \nund Alterung verursacht werden. Sie ist au\u00dferdem reich an Glycin und Prolin, die zur \nRetexturierung der Haut beitragen und ihre Spannkraft und Elastizit\u00e4t verbessern. Es gilt als \nSupern\u00e4hrstoff, der viele Bed\u00fcrfnisse der Haut erf\u00fcllen kann.<\/p>\n<p><span style=\"color: #000000;\"><strong>ZUTATEN:<\/strong><\/span><\/p>\n<p class=\" translation-block\">Potassium Alginate, Sodium Alginate, Organic Whole Grain Oat Flour, * Organic White Rice Flour, \nGlucose, Silika, * Organic White Willow Bark Powder, Calcium Sulfate, Potassium, Magnesium, \nSodium, Chloride, Phosphorous, Bicarbonate, Caviar Powder, Sodium Pyrophosphate , Iron Oxides, \nFragrance.<\/p>\n<p><span style=\"color: #000000;\"><strong>ANWENDUNG<\/strong><\/span><\/p>\n<p>\u2022 50 ml des Produkts mit 40 ml Wasser mischen.<br \/>\n\u2022 Auf die zu behandelnde Hautoberfl\u00e4che auftragen.<br \/>\n\u2022 20 Minuten einwirken lassen und abnehmen.<\/p>\n<p><span style=\"color: #000000;\"><strong>ANWENDUNGEN:<\/strong><\/span><\/p>\n<p>Gesicht: 17 Anwendungen<br \/>\nGesicht und Hals: 10 Anwendungen.<\/p>\n<p><span style=\"color: #000000;\"><strong>MENGE<\/strong>:<\/span><\/p>\n<p>500gr<\/p>","protected":false},"excerpt":{"rendered":"<p><span style=\"color: #000000;\">Lieferung 2-3 Werktage<\/span><\/p>","protected":false},"featured_media":1042,"comment_status":"open","ping_status":"closed","template":"","meta":[],"product_cat":[110,117,124,125,70,71],"product_tag":[72,76,91,79],"class_list":{"0":"post-1041","1":"product","2":"type-product","3":"status-publish","4":"has-post-thumbnail","6":"product_brand-esthemax","7":"product_cat-anti-ageing","8":"product_cat-mature-skin","9":"product_cat-sun-damaged-skin","10":"product_cat-wrinkles","11":"product_cat-products","12":"product_cat-hydrojelly-mask","13":"product_tag-anti-aging","14":"product_tag-mature-skin","15":"product_tag-sun-damaged","16":"product_tag-wrinkles","18":"first","19":"outofstock","20":"taxable","21":"shipping-taxable","22":"product-type-simple"},"_links":{"self":[{"href":"https:\/\/swissbeautypro.com\/de\/wp-json\/wp\/v2\/product\/1041","targetHints":{"allow":["GET"]}}],"collection":[{"href":"https:\/\/swissbeautypro.com\/de\/wp-json\/wp\/v2\/product"}],"about":[{"href":"https:\/\/swissbeautypro.com\/de\/wp-json\/wp\/v2\/types\/product"}],"replies":[{"embeddable":true,"href":"https:\/\/swissbeautypro.com\/de\/wp-json\/wp\/v2\/comments?post=1041"}],"version-history":[{"count":6,"href":"https:\/\/swissbeautypro.com\/de\/wp-json\/wp\/v2\/product\/1041\/revisions"}],"predecessor-version":[{"id":2932,"href":"https:\/\/swissbeautypro.com\/de\/wp-json\/wp\/v2\/product\/1041\/revisions\/2932"}],"wp:featuredmedia":[{"embeddable":true,"href":"https:\/\/swissbeautypro.com\/de\/wp-json\/wp\/v2\/media\/1042"}],"wp:attachment":[{"href":"https:\/\/swissbeautypro.com\/de\/wp-json\/wp\/v2\/media?parent=1041"}],"wp:term":[{"taxonomy":"product_cat","embeddable":true,"href":"https:\/\/swissbeautypro.com\/de\/wp-json\/wp\/v2\/product_cat?post=1041"},{"taxonomy":"product_tag","embeddable":true,"href":"https:\/\/swissbeautypro.com\/de\/wp-json\/wp\/v2\/product_tag?post=1041"}],"curies":[{"name":"wp","href":"https:\/\/api.w.org\/{rel}","templated":true}]}}