{"id":1045,"date":"2024-04-16T00:05:28","date_gmt":"2024-04-16T00:05:28","guid":{"rendered":"https:\/\/swissbeautypro.com\/?post_type=product&#038;p=1045"},"modified":"2025-12-15T21:56:33","modified_gmt":"2025-12-15T21:56:33","slug":"rosehip-hop-hydrojelly","status":"publish","type":"product","link":"https:\/\/swissbeautypro.com\/de\/produkt\/rosehip-hop-hydrojelly\/","title":{"rendered":"ROSEHIP HOP HYDROJELLY"},"content":{"rendered":"<p><strong><span style=\"color: #000000;\">VORTEILE<\/span>:<\/strong><\/p>\n<p class=\" translation-block\">Der Hagebuttenextrakt sorgt f\u00fcr eine ultra-feuchtigkeitsspendende Wirkung, die reich an Omega-3- \nund Omega-6-Fetts\u00e4uren (Linols\u00e4ure) ist. Bei Patienten mit atopischer Dermatitis ist der Gehalt an \ndiesen Fetts\u00e4uren geringer. Sie enth\u00e4lt einen hohen Anteil an essenziellen Fetts\u00e4uren, die zusammen \nmit den Vitaminen A, B1, B2, B3 und K f\u00fcr die regenerierenden, heilenden und lindernden \nEigenschaften sorgen, die die Haut wirksam beruhigen und die Hautbarriere schrittweise \nverbessern. <br>\nIdeal bei atopischer Dermatitis und\/oder bei Protokollen f\u00fcr empfindliche, reaktive und gereizte \nHaut. Kann in Weichmacherprotokollen verwendet werden.<\/p>\n<p><span style=\"color: #000000;\"><strong>HAUTTYPEN\/HAUTPROBLEME:<\/strong><\/span><\/p>\n<p>Ideal bei atopischer Dermatitis und\/oder Protokollen f\u00fcr \nempfindliche, reaktive und gereizte Haut. Kann in Emollient-Protokollen verwendet werden.<\/p>\n<p><span style=\"color: #000000;\"><strong>AKTIVE INHALTSSTOFFE:<\/strong><\/span><\/p>\n<p>\u2022 Hagebutte<br \/>\n\u2022 Organischer Elektrolyt<\/p>\n<p><span style=\"color: #000000;\"><strong>ANWENDUNG<\/strong><\/span><\/p>\n<p class=\" translation-block\">\u2022 Mischen Sie 50 ml des Produkts mit 40 ml Wasser.<br>\n\u2022 Auf die zu behandelnde Hautoberfl\u00e4che auftragen.<br>\n\u2022 20 Minuten einwirken lassen und entfernen.<\/p>\n<p><span style=\"color: #000000;\"><strong>ANWENDUNGEN:<\/strong><\/span><\/p>\n<p>Gesicht: 17 Anwendungen<br \/>\nGesicht und Hals: 10 Anwendungen.<\/p>\n<p><span style=\"color: #000000;\"><strong>MENGE:<\/strong><\/span> 500gr<\/p>","protected":false},"excerpt":{"rendered":"<p><span style=\"color: #000000;\">Lieferung 2-3 Werktage<\/span><\/p>","protected":false},"featured_media":1046,"comment_status":"open","ping_status":"closed","template":"","meta":[],"product_cat":[115,116,122,70,71],"product_tag":[82,77,80],"class_list":{"0":"post-1045","1":"product","2":"type-product","3":"status-publish","4":"has-post-thumbnail","6":"product_brand-esthemax","7":"product_cat-irritated-skin","8":"product_cat-led-lamp","9":"product_cat-sensitive-skin","10":"product_cat-products","11":"product_cat-hydrojelly-mask","12":"product_tag-irritated-skin","13":"product_tag-led-lamp","14":"product_tag-sensitive-skin","16":"first","17":"outofstock","18":"taxable","19":"shipping-taxable","20":"product-type-simple"},"_links":{"self":[{"href":"https:\/\/swissbeautypro.com\/de\/wp-json\/wp\/v2\/product\/1045","targetHints":{"allow":["GET"]}}],"collection":[{"href":"https:\/\/swissbeautypro.com\/de\/wp-json\/wp\/v2\/product"}],"about":[{"href":"https:\/\/swissbeautypro.com\/de\/wp-json\/wp\/v2\/types\/product"}],"replies":[{"embeddable":true,"href":"https:\/\/swissbeautypro.com\/de\/wp-json\/wp\/v2\/comments?post=1045"}],"version-history":[{"count":7,"href":"https:\/\/swissbeautypro.com\/de\/wp-json\/wp\/v2\/product\/1045\/revisions"}],"predecessor-version":[{"id":2931,"href":"https:\/\/swissbeautypro.com\/de\/wp-json\/wp\/v2\/product\/1045\/revisions\/2931"}],"wp:featuredmedia":[{"embeddable":true,"href":"https:\/\/swissbeautypro.com\/de\/wp-json\/wp\/v2\/media\/1046"}],"wp:attachment":[{"href":"https:\/\/swissbeautypro.com\/de\/wp-json\/wp\/v2\/media?parent=1045"}],"wp:term":[{"taxonomy":"product_cat","embeddable":true,"href":"https:\/\/swissbeautypro.com\/de\/wp-json\/wp\/v2\/product_cat?post=1045"},{"taxonomy":"product_tag","embeddable":true,"href":"https:\/\/swissbeautypro.com\/de\/wp-json\/wp\/v2\/product_tag?post=1045"}],"curies":[{"name":"wp","href":"https:\/\/api.w.org\/{rel}","templated":true}]}}