{"id":1049,"date":"2024-04-16T00:09:09","date_gmt":"2024-04-16T00:09:09","guid":{"rendered":"https:\/\/swissbeautypro.com\/?post_type=product&#038;p=1049"},"modified":"2026-03-11T19:22:58","modified_gmt":"2026-03-11T19:22:58","slug":"skin-warrior-ageless","status":"publish","type":"product","link":"https:\/\/swissbeautypro.com\/de\/produkt\/skin-warrior-ageless\/","title":{"rendered":"SKIN WARRIOR AGELESS"},"content":{"rendered":"<p><span style=\"color: #000000;\"><strong>VORTEILE:<\/strong><\/span><\/p>\n<p class=\" translation-block\">Verw\u00f6hnen Sie Ihre Haut mit unserer erfrischenden Formel mit Ginseng, der f\u00fcr seine beruhigenden \nund feuchtigkeitsspendenden Eigenschaften bekannt ist. Sie ist perfekt f\u00fcr Kunden, die unter \nFestigkeits- und Elastizit\u00e4tsverlust, feinen Linien und Falten, Mattheit und ungleichm\u00e4\u00dfiger Textur \nleiden. Die wichtigsten Inhaltsstoffe wirken zusammen, um das Bindegewebe der Haut zu st\u00e4rken \nund die Haut glatt zu halten. <br>\n\u2022 Unterst\u00fctzt die Erneuerung und Reparatur von gesch\u00e4digten Zellen. <br>\n\u2022 Stimuliert die Regeneration und die Produktion neuer Zellen. <br>\n\u2022 Steigert die Kollagenproduktion.<\/p>\n<p><span style=\"color: #000000;\"><strong>HAUTTYPEN\/HAUTPROBLEME:<\/strong> <\/span><\/p>\n<p class=\" translation-block\">Feine Linien und Falten, Verlust der Straffheit, Hauterschlaffung, \nStrukturprobleme<\/p>\n<p><span style=\"color: #000000;\"><strong>AKTIVE INHALTSSTOFFE:<\/strong><\/span><\/p>\n<p>Bio-Hafermehl.<br \/>\nBio-Reismehl.<br \/>\nLotusblume<br \/>\nGinseng<br \/>\nCoenzym Q10.<\/p>\n<p><strong><span style=\"color: #000000;\">Lotusblume<\/span><\/strong><\/p>\n<p class=\" translation-block\">Enth\u00e4lt Fetts\u00e4uren, Flavonoide und Proteine, die zur St\u00e4rkung des Bindegewebes beitragen und die \nHaut glatt und weich halten. Hilft, die Elastizit\u00e4t zu erh\u00f6hen und die Hautstruktur zu st\u00e4rken. \nEnth\u00e4lt Vitamin A (Retinol), das die Hornschicht der Haut absch\u00e4lt. Es ist reich an Antioxidantien \nund Kalium.<\/p>\n<p><strong><span style=\"color: #000000;\">Coenzym Q10<\/span><\/strong><\/p>\n<p class=\" translation-block\">Hilft, die Wirkung der freien Radikale zu neutralisieren, indem es den oxidativen Stress hemmt und \nminimiert. \nReduziert die Tiefe der Mimikfalten, indem es die Synthese von neuem Kollagen und Elastin \nanregt.<\/p>\n<p><strong><span style=\"color: #000000;\">Ginseng<\/span><\/strong><\/p>\n<p class=\" translation-block\">It is a medicinal plant with potent rejuvenating effects for skin as it contains many<br>\r\nphytonutrients. Stimulates the proliferation of new cells, its antioxidant effects help to regenerate<br>\r\ndry and mature skin. Improves micro-circulation.<\/p>\n<p><span style=\"color: #000000;\"><strong>ZUTATEN:<\/strong><\/span><\/p>\n<p class=\" translation-block\">Lotus, Ginseng &amp; COQ10, Potassium Alginate, Sodium Alginate, Organic Whole Grain Oat Flour, \nOrganic White Rice Flour Glucose, Silika, Lotus plumules, Organic White Willow Bark Powder, \nOrganic Ginseng Root (Panax Ginseng CA Mey) Extract, Coenzyme Q10 (Ubiquinol ), Sodium \nHyaluronate, Calcium Sulfate, Potassium, Magnesium, Sodium, Chloride, Bicarbonate, Sodium \nPyrophosphate, Fragrance.<\/p>\n<p><span style=\"color: #000000;\"><strong>ANWENDUNG<\/strong><\/span><\/p>\n<p>\u2022 50 ml des Produkts mit 40 ml Wasser mischen.<br \/>\n\u2022 Auf die zu behandelnde Hautoberfl\u00e4che auftragen.<br \/>\n\u2022 20 Minuten einwirken lassen und abnehmen.<\/p>\n<p><span style=\"color: #000000;\"><strong>ANWENDUNGEN:<\/strong><\/span><\/p>\n<p>Gesicht: 17 Anwendungen<br \/>\nGesicht und Hals: 10 Anwendungen.<\/p>\n<p><span style=\"color: #000000;\"><strong>MENGE:<\/strong> <\/span><\/p>\n<p>500gr<\/p>","protected":false},"excerpt":{"rendered":"<p><span style=\"color: #000000;\">Lieferung 2-3 Werktage<\/span><\/p>","protected":false},"featured_media":1050,"comment_status":"open","ping_status":"closed","template":"","meta":[],"product_cat":[70,71],"product_tag":[74,76,79],"class_list":{"0":"post-1049","1":"product","2":"type-product","3":"status-publish","4":"has-post-thumbnail","6":"product_brand-esthemax","7":"product_cat-products","8":"product_cat-hydrojelly-mask","9":"product_tag-dull-skin","10":"product_tag-mature-skin","11":"product_tag-wrinkles","13":"first","14":"outofstock","15":"taxable","16":"shipping-taxable","17":"product-type-simple"},"_links":{"self":[{"href":"https:\/\/swissbeautypro.com\/de\/wp-json\/wp\/v2\/product\/1049","targetHints":{"allow":["GET"]}}],"collection":[{"href":"https:\/\/swissbeautypro.com\/de\/wp-json\/wp\/v2\/product"}],"about":[{"href":"https:\/\/swissbeautypro.com\/de\/wp-json\/wp\/v2\/types\/product"}],"replies":[{"embeddable":true,"href":"https:\/\/swissbeautypro.com\/de\/wp-json\/wp\/v2\/comments?post=1049"}],"version-history":[{"count":5,"href":"https:\/\/swissbeautypro.com\/de\/wp-json\/wp\/v2\/product\/1049\/revisions"}],"predecessor-version":[{"id":2930,"href":"https:\/\/swissbeautypro.com\/de\/wp-json\/wp\/v2\/product\/1049\/revisions\/2930"}],"wp:featuredmedia":[{"embeddable":true,"href":"https:\/\/swissbeautypro.com\/de\/wp-json\/wp\/v2\/media\/1050"}],"wp:attachment":[{"href":"https:\/\/swissbeautypro.com\/de\/wp-json\/wp\/v2\/media?parent=1049"}],"wp:term":[{"taxonomy":"product_cat","embeddable":true,"href":"https:\/\/swissbeautypro.com\/de\/wp-json\/wp\/v2\/product_cat?post=1049"},{"taxonomy":"product_tag","embeddable":true,"href":"https:\/\/swissbeautypro.com\/de\/wp-json\/wp\/v2\/product_tag?post=1049"}],"curies":[{"name":"wp","href":"https:\/\/api.w.org\/{rel}","templated":true}]}}