{"id":1065,"date":"2024-04-16T00:20:19","date_gmt":"2024-04-16T00:20:19","guid":{"rendered":"https:\/\/swissbeautypro.com\/?post_type=product&#038;p=1065"},"modified":"2026-02-07T21:12:00","modified_gmt":"2026-02-07T21:12:00","slug":"vampire-plla-infusion","status":"publish","type":"product","link":"https:\/\/swissbeautypro.com\/de\/produkt\/vampire-plla-infusion\/","title":{"rendered":"VAMPIRE PLLA INFUSION"},"content":{"rendered":"<p><span style=\"color: #000000;\"><strong>VORTEILE:<\/strong><\/span><\/p>\n<p class=\" translation-block\">Enth\u00e4lt eine hohe Konzentration an Polymilchs\u00e4ure (PLLA). <br>\n\u2022 Polymilchs\u00e4ure wirkt wie ein nat\u00fcrlicher Hauterneuerer und erh\u00f6ht die Dichte und \nElastizit\u00e4t der Haut. <br>\n\u2022 Sie tr\u00e4gt dazu bei, das Volumen der Haut zu erh\u00f6hen, da das Fehlen der Hautkontur das erste \nAnzeichen der Hautalterung ist. <br>\n\u2022 Die Haut sieht j\u00fcnger, strahlender und \u00fcppiger aus.<\/p>\n<p><strong><span style=\"color: #000000;\">HAUTTYPEN\/HAUTPROBLEME:<\/span><\/strong><\/p>\n<p>Haut mit Verlust an Festigkeit und Elastizit\u00e4t, reife Haut.<\/p>\n<p><span style=\"color: #000000;\"><strong>AKTIVE INHALTSSTOFFE:<\/strong><\/span><\/p>\n<p>\u2022 Bio-Hafermehl.<br \/>\n\u2022 Bio-Reismehl.<br \/>\nPolymilchs\u00e4ure<\/p>\n<p><span style=\"color: #000000;\"><strong>ZUTATEN:<\/strong><\/span><\/p>\n<p class=\" translation-block\">Poly-L-Lactic Acid, Potassium Alginate, Sodium Alginate, Organic Whole Grain Oat Flour, Organic \nWhite Rice Flour, Glucose, Silika, Organic White Willow Bark Powder, Sodium Hyaluronate, \nBiotin (as D - BIOTIN), Calcium Sulfate, Potassium, Magnesium, Sodium, Chloride, Bicarbon, \nSodium Pyrophosphate, Poly -L-Lactic Acid, Sodium Pyrophosphate, Carmine, Fragrance.<\/p>\n<p><span style=\"color: #000000;\"><strong>ANWENDUNG<\/strong><\/span><\/p>\n<p>\u2022 50 ml des Produkts mit 40 ml Wasser mischen.<br \/>\n\u2022 Auf die zu behandelnde Hautoberfl\u00e4che auftragen.<br \/>\n20 Minuten einwirken lassen und abnehmen.<\/p>\n<p><span style=\"color: #000000;\"><strong>ANWENDUNGEN:<\/strong><\/span><\/p>\n<p>Gesicht: 17 Anwendungen<br \/>\nGesicht und Hals: 10 Anwendungen.<\/p>\n<p><span style=\"color: #000000;\"><strong>MENGE<\/strong>:<\/span><\/p>\n<p>500gr<\/p>","protected":false},"excerpt":{"rendered":"<p><span style=\"color: #000000;\">Lieferung 2-3 Werktage<\/span><\/p>","protected":false},"featured_media":1067,"comment_status":"open","ping_status":"closed","template":"","meta":[],"product_cat":[110,117,125,70,71],"product_tag":[72,76,79],"class_list":{"0":"post-1065","1":"product","2":"type-product","3":"status-publish","4":"has-post-thumbnail","6":"product_brand-esthemax","7":"product_cat-anti-ageing","8":"product_cat-mature-skin","9":"product_cat-wrinkles","10":"product_cat-products","11":"product_cat-hydrojelly-mask","12":"product_tag-anti-aging","13":"product_tag-mature-skin","14":"product_tag-wrinkles","16":"first","17":"outofstock","18":"taxable","19":"shipping-taxable","20":"product-type-simple"},"_links":{"self":[{"href":"https:\/\/swissbeautypro.com\/de\/wp-json\/wp\/v2\/product\/1065","targetHints":{"allow":["GET"]}}],"collection":[{"href":"https:\/\/swissbeautypro.com\/de\/wp-json\/wp\/v2\/product"}],"about":[{"href":"https:\/\/swissbeautypro.com\/de\/wp-json\/wp\/v2\/types\/product"}],"replies":[{"embeddable":true,"href":"https:\/\/swissbeautypro.com\/de\/wp-json\/wp\/v2\/comments?post=1065"}],"version-history":[{"count":6,"href":"https:\/\/swissbeautypro.com\/de\/wp-json\/wp\/v2\/product\/1065\/revisions"}],"predecessor-version":[{"id":2926,"href":"https:\/\/swissbeautypro.com\/de\/wp-json\/wp\/v2\/product\/1065\/revisions\/2926"}],"wp:featuredmedia":[{"embeddable":true,"href":"https:\/\/swissbeautypro.com\/de\/wp-json\/wp\/v2\/media\/1067"}],"wp:attachment":[{"href":"https:\/\/swissbeautypro.com\/de\/wp-json\/wp\/v2\/media?parent=1065"}],"wp:term":[{"taxonomy":"product_cat","embeddable":true,"href":"https:\/\/swissbeautypro.com\/de\/wp-json\/wp\/v2\/product_cat?post=1065"},{"taxonomy":"product_tag","embeddable":true,"href":"https:\/\/swissbeautypro.com\/de\/wp-json\/wp\/v2\/product_tag?post=1065"}],"curies":[{"name":"wp","href":"https:\/\/api.w.org\/{rel}","templated":true}]}}