{"id":1069,"date":"2024-04-16T00:28:38","date_gmt":"2024-04-16T00:28:38","guid":{"rendered":"https:\/\/swissbeautypro.com\/?post_type=product&#038;p=1069"},"modified":"2026-01-17T17:35:55","modified_gmt":"2026-01-17T17:35:55","slug":"youthful-elixir","status":"publish","type":"product","link":"https:\/\/swissbeautypro.com\/de\/produkt\/youthful-elixir\/","title":{"rendered":"YOUTHFUL ELIXIR"},"content":{"rendered":"<p><span style=\"color: #000000;\"><strong>VORTEILE:<\/strong><\/span><\/p>\n<p class=\" translation-block\">Youthful Elixir Hydrojelly\u00ae ist unsere hochwertigste Maske, die f\u00fcr alle Hauttypen geeignet ist. \nIhre Wirkstoffe sind Tr\u00fcffel und 24-kar\u00e4tiges Gold, die zur h\u00f6chsten Stufe der Hautpflege geh\u00f6ren, \nweil sie von innen heraus wirken. <br>\n\u2022 Sie f\u00f6rdert den nat\u00fcrlichen Erneuerungsprozess der Haut und mildert gleichzeitig \nHyperpigmentierungen und Hautunreinheiten. <br>\n\u2022 Gold ist bekannt f\u00fcr seine unglaublichen entz\u00fcndungshemmenden und alterungshemmenden \nEigenschaften, die ein nat\u00fcrliches Strahlen und einen gesunden Hautton f\u00f6rdern. <br>\n\u2022 Enth\u00e4lt entz\u00fcndungshemmende und alterungshemmende Eigenschaften.<\/p>\n<p><strong><span style=\"color: #000000;\">HAUTTYPEN\/HAUTPROBLEME:<\/span> <\/strong><\/p>\n<p>F\u00fcr alle Hauttypen geeignet<\/p>\n<p><span style=\"color: #000000;\"><strong>AKTIVE INHALTSSTOFFE:<\/strong><\/span><br \/>\n\u2022 Bio-Hafermehl.<br \/>\n\u2022 Bio-Reismehl.<br \/>\nWei\u00dfe Tr\u00fcffel.<br \/>\n24 K Goldpulver.<\/p>\n<p><span style=\"color: #000000;\"><strong>ZUTATEN:<\/strong><\/span><\/p>\n<p class=\" translation-block\">Truffles and 24K Gold, Potassium Alginate, Sodium Alginate, Organic White Rice Flour, Gold \nMica, Glucose, Silika, Organic White Willow Bark Powder, White Truffles (Tuber Magnatum), \nSummer Truffle (Tuber Aestivum), Calcium Sulfate, Potassium, Magnesium , Sodium Chloride 24K \nGold Flake, Sodium Phosphate, Bicarbonate, Sodium Pyrophosphate.<\/p>\n<p><span style=\"color: #000000;\"><strong>ANWENDUNG<\/strong><\/span><\/p>\n<p>\u2022 50 ml des Produkts mit 40 ml Wasser mischen.<br \/>\n\u2022 Auf die zu behandelnde Hautoberfl\u00e4che auftragen.<br \/>\n\u2022 20 Minuten einwirken lassen und abnehmen.<\/p>\n<p><span style=\"color: #000000;\"><strong>ANWENDUNGEN:<\/strong>:<\/span><\/p>\n<p>Gesicht: 17 Anwendungen<br \/>\nGesicht und Hals: 10 Anwendungen.<\/p>\n<p><span style=\"color: #000000;\"><strong>MENGE<\/strong>:<\/span><\/p>\n<p>500gr<\/p>","protected":false},"excerpt":{"rendered":"<p><span style=\"color: #000000;\">Lieferung 2-3 Werktage<\/span><\/p>","protected":false},"featured_media":1070,"comment_status":"open","ping_status":"closed","template":"","meta":[],"product_cat":[110,117,119,125,70,71],"product_tag":[72,76,84,79],"class_list":{"0":"post-1069","1":"product","2":"type-product","3":"status-publish","4":"has-post-thumbnail","6":"product_brand-esthemax","7":"product_cat-anti-ageing","8":"product_cat-mature-skin","9":"product_cat-pigmentation","10":"product_cat-wrinkles","11":"product_cat-products","12":"product_cat-hydrojelly-mask","13":"product_tag-anti-aging","14":"product_tag-mature-skin","15":"product_tag-pigmentation","16":"product_tag-wrinkles","18":"first","19":"outofstock","20":"taxable","21":"shipping-taxable","22":"product-type-simple"},"_links":{"self":[{"href":"https:\/\/swissbeautypro.com\/de\/wp-json\/wp\/v2\/product\/1069","targetHints":{"allow":["GET"]}}],"collection":[{"href":"https:\/\/swissbeautypro.com\/de\/wp-json\/wp\/v2\/product"}],"about":[{"href":"https:\/\/swissbeautypro.com\/de\/wp-json\/wp\/v2\/types\/product"}],"replies":[{"embeddable":true,"href":"https:\/\/swissbeautypro.com\/de\/wp-json\/wp\/v2\/comments?post=1069"}],"version-history":[{"count":7,"href":"https:\/\/swissbeautypro.com\/de\/wp-json\/wp\/v2\/product\/1069\/revisions"}],"predecessor-version":[{"id":2925,"href":"https:\/\/swissbeautypro.com\/de\/wp-json\/wp\/v2\/product\/1069\/revisions\/2925"}],"wp:featuredmedia":[{"embeddable":true,"href":"https:\/\/swissbeautypro.com\/de\/wp-json\/wp\/v2\/media\/1070"}],"wp:attachment":[{"href":"https:\/\/swissbeautypro.com\/de\/wp-json\/wp\/v2\/media?parent=1069"}],"wp:term":[{"taxonomy":"product_cat","embeddable":true,"href":"https:\/\/swissbeautypro.com\/de\/wp-json\/wp\/v2\/product_cat?post=1069"},{"taxonomy":"product_tag","embeddable":true,"href":"https:\/\/swissbeautypro.com\/de\/wp-json\/wp\/v2\/product_tag?post=1069"}],"curies":[{"name":"wp","href":"https:\/\/api.w.org\/{rel}","templated":true}]}}