{"id":1086,"date":"2024-04-16T01:21:14","date_gmt":"2024-04-16T01:21:14","guid":{"rendered":"https:\/\/swissbeautypro.com\/?post_type=product&#038;p=1086"},"modified":"2025-10-24T07:56:55","modified_gmt":"2025-10-24T07:56:55","slug":"normal-cleanser","status":"publish","type":"product","link":"https:\/\/swissbeautypro.com\/de\/produkt\/normal-cleanser\/","title":{"rendered":"NORMAL CLEANSER"},"content":{"rendered":"<p><span style=\"color: #000000;\"><strong>VORTEILE:<\/strong><\/span><\/p>\n<p class=\" translation-block\">Ein super-sanftes, cremiges Reinigungsmittel mit feuchtigkeitsspendenden Inhaltsstoffen, ideal f\u00fcr \nempfindliche Haut. Dieser Reiniger entfernt Unreinheiten, ohne dass sich die Haut trocken oder gespannt anf\u00fchlt.<\/p>\n<p><span style=\"color: #000000;\"><strong>ZUTATEN<\/strong><\/span><\/p>\n<p>\u2013 Stearins\u00e4ure<br \/>\n\u2013 Vitamin E<br \/>\n\u2013 Allantoin<\/p>\n<p class=\" translation-block\">Stearins\u00e4ure hilft, Unreinheiten, Schwei\u00df und \u00fcbersch\u00fcssigen Talg von der Haut zu entfernen. \nVitamin E ist eines der st\u00e4rksten Antioxidantien, das die oxidierende Wirkung der freien Radikale \nneutralisiert. Diese Molek\u00fcle sch\u00e4digen das Kollagen und verursachen Hauttrockenheit und das Auftreten von F\u00e4ltchen. Allantoin wird aus der Beinwellpflanze extrahiert. Es hat keratolytische, feuchtigkeitsspendende, \nberuhigende und entz\u00fcndungshemmende Eigenschaften, die die Hautstruktur sch\u00fctzen und \nverbessern. Es stimuliert die Erneuerung der Epidermiszellen.<\/p>\n<p><span style=\"color: #000000;\"><strong>GEBRAUCHSANWEISUNG<\/strong><\/span><\/p>\n<p>- Die erforderliche Menge des Reinigungsmittels mit kreisenden Bewegungen auf die zu \nbehandelnde Stelle auftragen.<br \/>\n- Mit Wasser oder einem feuchten Handtuch abnehmen<\/p>\n<p><span style=\"color: #000000;\"><strong>ZUTATEN<\/strong><\/span><\/p>\n<p class=\" translation-block\">Aqua, Paraffinum Liquidum, Isopropyl Palmitate, Dipropylene Glycol, Glyceryl Stearate, \nPolysorbate 60, Cetearyl Alcohol Methylparaben, Phenoxyethanol, Carbomer, Panthenol, \nTriethanolamine, Propylparaben, Allantoin, Disodium EDTA, Parfum, Portulaca Oleracea Extract, \nCarica Papaya Fruit Extract, Butylene glycol, Citric Acid<\/p>\n<p><span style=\"color: #000000;\"><strong>MENGE:<\/strong> <\/span><\/p>\n<p>1000 ml.<\/p>","protected":false},"excerpt":{"rendered":"<p><span style=\"color: #000000;\">Lieferung 2-3 Werktage<\/span><\/p>","protected":false},"featured_media":1087,"comment_status":"open","ping_status":"closed","template":"","meta":[],"product_cat":[109,70,92],"product_tag":[87],"class_list":{"0":"post-1086","1":"product","2":"type-product","3":"status-publish","4":"has-post-thumbnail","6":"product_brand-esthemax","7":"product_cat-all-skin-types","8":"product_cat-products","9":"product_cat-cleansers","10":"product_tag-all-skin-types","12":"first","13":"instock","14":"taxable","15":"shipping-taxable","16":"product-type-simple"},"_links":{"self":[{"href":"https:\/\/swissbeautypro.com\/de\/wp-json\/wp\/v2\/product\/1086","targetHints":{"allow":["GET"]}}],"collection":[{"href":"https:\/\/swissbeautypro.com\/de\/wp-json\/wp\/v2\/product"}],"about":[{"href":"https:\/\/swissbeautypro.com\/de\/wp-json\/wp\/v2\/types\/product"}],"replies":[{"embeddable":true,"href":"https:\/\/swissbeautypro.com\/de\/wp-json\/wp\/v2\/comments?post=1086"}],"version-history":[{"count":4,"href":"https:\/\/swissbeautypro.com\/de\/wp-json\/wp\/v2\/product\/1086\/revisions"}],"predecessor-version":[{"id":2924,"href":"https:\/\/swissbeautypro.com\/de\/wp-json\/wp\/v2\/product\/1086\/revisions\/2924"}],"wp:featuredmedia":[{"embeddable":true,"href":"https:\/\/swissbeautypro.com\/de\/wp-json\/wp\/v2\/media\/1087"}],"wp:attachment":[{"href":"https:\/\/swissbeautypro.com\/de\/wp-json\/wp\/v2\/media?parent=1086"}],"wp:term":[{"taxonomy":"product_cat","embeddable":true,"href":"https:\/\/swissbeautypro.com\/de\/wp-json\/wp\/v2\/product_cat?post=1086"},{"taxonomy":"product_tag","embeddable":true,"href":"https:\/\/swissbeautypro.com\/de\/wp-json\/wp\/v2\/product_tag?post=1086"}],"curies":[{"name":"wp","href":"https:\/\/api.w.org\/{rel}","templated":true}]}}