{"id":1090,"date":"2024-04-16T01:25:10","date_gmt":"2024-04-16T01:25:10","guid":{"rendered":"https:\/\/swissbeautypro.com\/?post_type=product&#038;p=1090"},"modified":"2026-02-25T20:40:02","modified_gmt":"2026-02-25T20:40:02","slug":"rose-face-mask","status":"publish","type":"product","link":"https:\/\/swissbeautypro.com\/de\/produkt\/rose-face-mask\/","title":{"rendered":"ROSE FACE MASK"},"content":{"rendered":"<p><span style=\"color: #000000;\"><strong>VORTEILE:<\/strong><\/span><\/p>\n<p class=\" translation-block\">- Reduziert das Erscheinungsbild von feinen Linien, Falten, Hautunreinheiten und Ausbr\u00fcchen.<br> \n- Spendet Feuchtigkeit, revitalisiert und hydratisiert und strafft die Haut. <br>\n- Erh\u00e4lt das pH-Gleichgewicht der Haut und kontrolliert auch \u00fcbersch\u00fcssiges \u00d6l. <br>\n- Reduziert R\u00f6tungen der gereizten Haut, Akne, Dermatitis und Ekzeme.<\/p>\n<p><strong><span style=\"color: #000000;\">HAUTTYPEN\/HAUTPROBLEME:<\/span> <\/strong>Aging, Fettige Haut, Empfindliche Haut, Dermatitis und Ekzeme<\/p>\n<p><span style=\"color: #000000;\"><strong>INHALTSSTOFFE<\/strong><\/span><\/p>\n<p class=\" translation-block\">ROSEN: Rosen liefern eine Vielzahl von Antioxidantien, Mineralien und \u00d6len, die trockene Haut \nberuhigen. Au\u00dferdem hat sie adstringierende Eigenschaften, die sie zu einem hervorragenden Mittel \ngegen Akne, R\u00f6tungen und Entz\u00fcndungen machen.Rosen sind reich an Anti-Aging-Eigenschaften \nsowie an den Vitaminen A, C, D und E, die dazu beitragen, das Erscheinungsbild von feinen Linien \nund Falten zu minimieren, aber auch den pH-Wert der Haut durch ihre antibakteriellen \nEigenschaften auszugleichen. \n<br>\nPOMEGRANAT: Granat\u00e4pfel sind reich an n\u00fctzlichen N\u00e4hrstoffen und Antioxidantien, die die \nHautgesundheit verj\u00fcngen und unsere Haut in die Lage versetzen, Probleme wie Alterslinien, \nFalten, Hautunreinheiten, Ausbr\u00fcche und Entz\u00fcndungen zu bek\u00e4mpfen. \nAntioxidantien tragen nachweislich dazu bei, das Auftreten von Altersflecken und Falten zu \nverringern. Es wird angenommen, dass diese Wirkung durch eine verst\u00e4rkte Zellregeneration \nerreicht wird, d. h. durch die F\u00e4higkeit der Haut, alte Oberfl\u00e4chenzellen abzusto\u00dfen.<\/p>\n<p><span style=\"color: #000000;\"><strong>GEBRAUCHSANWEISUNG:<\/strong><\/span><\/p>\n<p class=\" translation-block\">Tragen Sie die Maske nach der Reinigung gleichm\u00e4\u00dfig auf die Haut auf. <br>\nLassen Sie die Maske etwa 10 Minuten einwirken, bevor Sie sie mit einem feuchten Schwamm oder \nHandtuch abwischen.<\/p>\n<p><span style=\"color: #000000;\"><strong>ANWENDUNGEN:<\/strong><\/span><\/p>\n<p>40 Anwendungen f\u00fcr das Gesicht<\/p>\n<p><span style=\"color: #000000;\"><strong>MENGE:<\/strong> <\/span><\/p>\n<p>225 ml<\/p>","protected":false},"excerpt":{"rendered":"<p><span style=\"color: #000000;\">Lieferung 2-3 Werktage<\/span><\/p>","protected":false},"featured_media":1091,"comment_status":"open","ping_status":"closed","template":"","meta":[],"product_cat":[110,93,118,70,122],"product_tag":[94,88,80],"class_list":{"0":"post-1090","1":"product","2":"type-product","3":"status-publish","4":"has-post-thumbnail","6":"product_brand-esthemax","7":"product_cat-anti-ageing","8":"product_cat-cream-face-mask","9":"product_cat-oily-skin","10":"product_cat-products","11":"product_cat-sensitive-skin","12":"product_tag-anti-ageing","13":"product_tag-oily-skin","14":"product_tag-sensitive-skin","16":"first","17":"outofstock","18":"taxable","19":"shipping-taxable","20":"product-type-simple"},"_links":{"self":[{"href":"https:\/\/swissbeautypro.com\/de\/wp-json\/wp\/v2\/product\/1090","targetHints":{"allow":["GET"]}}],"collection":[{"href":"https:\/\/swissbeautypro.com\/de\/wp-json\/wp\/v2\/product"}],"about":[{"href":"https:\/\/swissbeautypro.com\/de\/wp-json\/wp\/v2\/types\/product"}],"replies":[{"embeddable":true,"href":"https:\/\/swissbeautypro.com\/de\/wp-json\/wp\/v2\/comments?post=1090"}],"version-history":[{"count":8,"href":"https:\/\/swissbeautypro.com\/de\/wp-json\/wp\/v2\/product\/1090\/revisions"}],"predecessor-version":[{"id":2923,"href":"https:\/\/swissbeautypro.com\/de\/wp-json\/wp\/v2\/product\/1090\/revisions\/2923"}],"wp:featuredmedia":[{"embeddable":true,"href":"https:\/\/swissbeautypro.com\/de\/wp-json\/wp\/v2\/media\/1091"}],"wp:attachment":[{"href":"https:\/\/swissbeautypro.com\/de\/wp-json\/wp\/v2\/media?parent=1090"}],"wp:term":[{"taxonomy":"product_cat","embeddable":true,"href":"https:\/\/swissbeautypro.com\/de\/wp-json\/wp\/v2\/product_cat?post=1090"},{"taxonomy":"product_tag","embeddable":true,"href":"https:\/\/swissbeautypro.com\/de\/wp-json\/wp\/v2\/product_tag?post=1090"}],"curies":[{"name":"wp","href":"https:\/\/api.w.org\/{rel}","templated":true}]}}