{"id":1098,"date":"2024-04-16T01:30:04","date_gmt":"2024-04-16T01:30:04","guid":{"rendered":"https:\/\/swissbeautypro.com\/?post_type=product&#038;p=1098"},"modified":"2026-03-01T23:04:10","modified_gmt":"2026-03-01T23:04:10","slug":"vitamin-face-mask","status":"publish","type":"product","link":"https:\/\/swissbeautypro.com\/de\/produkt\/vitamin-face-mask\/","title":{"rendered":"VITAMIN FACE MASK"},"content":{"rendered":"<p><span style=\"color: #000000;\"><strong>VORTEILE<\/strong>:<\/span><\/p>\n<p class=\" translation-block\">Alpha-Arbutin verbessert einen ungleichm\u00e4\u00dfigen Teint, indem es die Tyrosinase-Aktivit\u00e4t hemmt \nund so die Melanin-Produktion reduziert, was zu einem ebenm\u00e4\u00dfigen Teint f\u00fchrt. GrapefruitExtrakt hat aufbauende Eigenschaften, die zu einem ebenm\u00e4\u00dfigen Teint beitragen und die \nKollagenproduktion anregen.<\/p>\n<p><strong><span style=\"color: #000000;\">HAUTTYPEN\/HAUTPROBLEME:<\/span><\/strong> Empfindliche Haut mit Hyperpigmentierungen.<\/p>\n<p><span style=\"color: #000000;\"><strong>ZUTATEN:<\/strong><\/span><\/p>\n<p class=\" translation-block\">Water, Centella Asatic Extract, Citrofortunella Microcarpa Fruit Extract (1000ppm, Based on 100g), \nCitrus paradisi (grapefruit) Fruit extract, sodium ascorbyl phosphate, polygonum multiflorum root \nextract, arbutin, sodium magnesium silicate, butylene glycol, propyle gly. Illicium Verum (ANISE) \nFruit Extract, 1,2-hexanediol, Dimethicone, Bis-PEG-18 METHYL ETHER DIMETHYL Silane, \nSclerotium Gum, Caramel, Xanthan Gum, Fragrance.<\/p>\n<p><span style=\"color: #000000;\"><strong>ANWENDUNG<\/strong><\/span><\/p>\n<p class=\" translation-block\">Tragen Sie die Maske nach der Reinigung gleichm\u00e4\u00dfig auf die Haut auf. <br>\nLassen Sie die Maske etwa 10 Minuten einwirken, bevor Sie sie mit einem feuchten Schwamm oder \nHandtuch abwischen.<\/p>\n<p><span style=\"color: #000000;\"><strong>ANWENDUNGEN:<\/strong><\/span><\/p>\n<p>40 Anwendungen f\u00fcr das Gesicht<\/p>\n<p><span style=\"color: #000000;\"><strong>MENGE:<\/strong><\/span><\/p>\n<p>225 ml<\/p>","protected":false},"excerpt":{"rendered":"<p><span style=\"color: #000000;\">Lieferung 2-3 Werktage<\/span><\/p>","protected":false},"featured_media":1100,"comment_status":"open","ping_status":"closed","template":"","meta":[],"product_cat":[119,122,124,70,93],"product_tag":[84,80,78],"class_list":{"0":"post-1098","1":"product","2":"type-product","3":"status-publish","4":"has-post-thumbnail","6":"product_brand-esthemax","7":"product_cat-pigmentation","8":"product_cat-sensitive-skin","9":"product_cat-sun-damaged-skin","10":"product_cat-products","11":"product_cat-cream-face-mask","12":"product_tag-pigmentation","13":"product_tag-sensitive-skin","14":"product_tag-sun-damaged-skin","16":"first","17":"instock","18":"taxable","19":"shipping-taxable","20":"product-type-simple"},"_links":{"self":[{"href":"https:\/\/swissbeautypro.com\/de\/wp-json\/wp\/v2\/product\/1098","targetHints":{"allow":["GET"]}}],"collection":[{"href":"https:\/\/swissbeautypro.com\/de\/wp-json\/wp\/v2\/product"}],"about":[{"href":"https:\/\/swissbeautypro.com\/de\/wp-json\/wp\/v2\/types\/product"}],"replies":[{"embeddable":true,"href":"https:\/\/swissbeautypro.com\/de\/wp-json\/wp\/v2\/comments?post=1098"}],"version-history":[{"count":5,"href":"https:\/\/swissbeautypro.com\/de\/wp-json\/wp\/v2\/product\/1098\/revisions"}],"predecessor-version":[{"id":2921,"href":"https:\/\/swissbeautypro.com\/de\/wp-json\/wp\/v2\/product\/1098\/revisions\/2921"}],"wp:featuredmedia":[{"embeddable":true,"href":"https:\/\/swissbeautypro.com\/de\/wp-json\/wp\/v2\/media\/1100"}],"wp:attachment":[{"href":"https:\/\/swissbeautypro.com\/de\/wp-json\/wp\/v2\/media?parent=1098"}],"wp:term":[{"taxonomy":"product_cat","embeddable":true,"href":"https:\/\/swissbeautypro.com\/de\/wp-json\/wp\/v2\/product_cat?post=1098"},{"taxonomy":"product_tag","embeddable":true,"href":"https:\/\/swissbeautypro.com\/de\/wp-json\/wp\/v2\/product_tag?post=1098"}],"curies":[{"name":"wp","href":"https:\/\/api.w.org\/{rel}","templated":true}]}}