{"id":1110,"date":"2024-04-16T01:42:32","date_gmt":"2024-04-16T01:42:32","guid":{"rendered":"https:\/\/swissbeautypro.com\/?post_type=product&#038;p=1110"},"modified":"2026-03-11T19:22:58","modified_gmt":"2026-03-11T19:22:58","slug":"vitamin-c-serum","status":"publish","type":"product","link":"https:\/\/swissbeautypro.com\/de\/produkt\/vitamin-c-serum\/","title":{"rendered":"VITAMIN C SERUM"},"content":{"rendered":"<p><span style=\"color: #000000;\"><strong>VORTEILE:<\/strong><\/span><\/p>\n<p class=\" translation-block\">Die antioxidative Wirkung von Vitamin C sch\u00fctzt die Haut vor Sch\u00e4den durch UV-Strahlen und \nfreie Radikale. Es ist auch eine der bekanntesten Behandlungen zur Aufhellung der Haut und \nBehandlung von unerw\u00fcnschten Pigmenten. Dieses n\u00e4hrende Serum enth\u00e4lt Ascorbins\u00e4ure (Vitamin \nC) und unterst\u00fctzt das Wachstum und den Schutz von Kollagen. Kollagen bewahrt die Elastizit\u00e4t \nder Haut und verz\u00f6gert somit das Auftreten von Falten.<\/p>\n<p><span style=\"color: #000000;\"><strong>HAUTTYPEN\/HAUTPROBLEME:<\/strong> <\/span><\/p>\n<p class=\" translation-block\">Hautalterung, Hyperpigmentierung, Tr\u00e4gheit, Trockenheit. Sicher \nf\u00fcr alle Hauttypen.<\/p>\n<p><span style=\"color: #000000;\"><strong>MENGE<\/strong>:<\/span><br \/>\n100 ml<\/p>\n<p><span style=\"color: #000000;\"><strong>ANWENDUNGEN:<\/strong><\/span><br \/>\n80 Anwendungen<\/p>\n<p><span style=\"color: #000000;\"><strong>PASSENDE HYDROJELLY-MASKE<\/strong><\/span><br \/>\n&#8211; Antioxidant Goji, Brightinging Complex, Illuminating Orange<\/p>","protected":false},"excerpt":{"rendered":"<p><span style=\"color: #000000;\">Lieferung 2-3 Werktage<\/span><\/p>","protected":false},"featured_media":1111,"comment_status":"open","ping_status":"closed","template":"","meta":[],"product_cat":[109,110,114,119,70,95],"product_tag":[87,72,74,84],"class_list":{"0":"post-1110","1":"product","2":"type-product","3":"status-publish","4":"has-post-thumbnail","6":"product_brand-esthemax","7":"product_cat-all-skin-types","8":"product_cat-anti-ageing","9":"product_cat-dull-skin","10":"product_cat-pigmentation","11":"product_cat-products","12":"product_cat-serums","13":"product_tag-all-skin-types","14":"product_tag-anti-aging","15":"product_tag-dull-skin","16":"product_tag-pigmentation","18":"first","19":"instock","20":"taxable","21":"shipping-taxable","22":"product-type-simple"},"_links":{"self":[{"href":"https:\/\/swissbeautypro.com\/de\/wp-json\/wp\/v2\/product\/1110","targetHints":{"allow":["GET"]}}],"collection":[{"href":"https:\/\/swissbeautypro.com\/de\/wp-json\/wp\/v2\/product"}],"about":[{"href":"https:\/\/swissbeautypro.com\/de\/wp-json\/wp\/v2\/types\/product"}],"replies":[{"embeddable":true,"href":"https:\/\/swissbeautypro.com\/de\/wp-json\/wp\/v2\/comments?post=1110"}],"version-history":[{"count":6,"href":"https:\/\/swissbeautypro.com\/de\/wp-json\/wp\/v2\/product\/1110\/revisions"}],"predecessor-version":[{"id":2918,"href":"https:\/\/swissbeautypro.com\/de\/wp-json\/wp\/v2\/product\/1110\/revisions\/2918"}],"wp:featuredmedia":[{"embeddable":true,"href":"https:\/\/swissbeautypro.com\/de\/wp-json\/wp\/v2\/media\/1111"}],"wp:attachment":[{"href":"https:\/\/swissbeautypro.com\/de\/wp-json\/wp\/v2\/media?parent=1110"}],"wp:term":[{"taxonomy":"product_cat","embeddable":true,"href":"https:\/\/swissbeautypro.com\/de\/wp-json\/wp\/v2\/product_cat?post=1110"},{"taxonomy":"product_tag","embeddable":true,"href":"https:\/\/swissbeautypro.com\/de\/wp-json\/wp\/v2\/product_tag?post=1110"}],"curies":[{"name":"wp","href":"https:\/\/api.w.org\/{rel}","templated":true}]}}