{"id":1138,"date":"2024-04-16T10:48:40","date_gmt":"2024-04-16T10:48:40","guid":{"rendered":"https:\/\/swissbeautypro.com\/?post_type=product&#038;p=1138"},"modified":"2026-03-11T19:22:58","modified_gmt":"2026-03-11T19:22:58","slug":"caviar-cure-serum","status":"publish","type":"product","link":"https:\/\/swissbeautypro.com\/de\/produkt\/caviar-cure-serum\/","title":{"rendered":"CAVIAR CURE SERUM"},"content":{"rendered":"<p><span style=\"color: #000000;\"><strong>VORTEILE: <\/strong><\/span><\/p>\n<p class=\" translation-block\">Anti-Agging-Serum auf Kaviarbasis, eine Quelle von Vitaminen und Mineralien, die die Haut mit \nN\u00e4hrstoffen versorgen und dazu beitragen, durch verschiedene \u00e4u\u00dfere Einfl\u00fcsse verursachte \nSch\u00e4den zu reparieren, um eine st\u00e4rkere und strahlendere Haut zu erhalten. Es enth\u00e4lt Fetts\u00e4uren \nwie Omega 3 und Linols\u00e4ure, Phospholipide, Spurenelemente und Aminos\u00e4uren, die die \nHautbarriere wiederherstellen und die Synthese von Kollagen und Elastin anregen. Enth\u00e4lt \nAntioxidantien, die dazu beitragen, feine Linien und F\u00e4ltchen zu mildern.<\/p>\n<p><span style=\"color: #000000;\"><strong>HAUTTYPEN\/HAUTPROBLEME:<\/strong> <\/span><\/p>\n<p>Reife Haut, Anti-Ageing, Falten<\/p>\n<p><span style=\"color: #000000;\"><strong>MENGE<\/strong>:<\/span><br \/>\n100ml<\/p>\n<p><span style=\"color: #000000;\"><strong>ANWENDUNGEN:<\/strong><\/span><br \/>\n80 Anwendungen<\/p>\n<p><span style=\"color: #000000;\"><strong>PASSENDE HYDROJELLY-MASKE: <\/strong><\/span><br \/>\n&#8211; Resilience Caviar, Youthful Elixir, Vampire Pile, Australian Sheep Placenta.<\/p>\n<p><span style=\"color: #000000;\"><strong>ZUTATEN<\/strong><\/span><\/p>\n<p class=\" translation-block\">Aqua, Sodium Hyaluronate, Glycerin, Propylene Glycol, Butylene Glycol, Caviar Extract, Illicium \nVerum Fruit Extract, Panthenol, Allantain, Tocopheryl Acetate, Xanthan Gum, 1,2-hexanediol, \npuddle Powder, Parfum.<\/p>","protected":false},"excerpt":{"rendered":"<p><span style=\"color: #000000;\">Lieferung 2-3 Werktage<\/span><\/p>","protected":false},"featured_media":1139,"comment_status":"open","ping_status":"closed","template":"","meta":[],"product_cat":[110,117,70,95,125],"product_tag":[94,76,79],"class_list":{"0":"post-1138","1":"product","2":"type-product","3":"status-publish","4":"has-post-thumbnail","6":"product_brand-esthemax","7":"product_cat-anti-ageing","8":"product_cat-mature-skin","9":"product_cat-products","10":"product_cat-serums","11":"product_cat-wrinkles","12":"product_tag-anti-ageing","13":"product_tag-mature-skin","14":"product_tag-wrinkles","16":"first","17":"outofstock","18":"taxable","19":"shipping-taxable","20":"product-type-simple"},"_links":{"self":[{"href":"https:\/\/swissbeautypro.com\/de\/wp-json\/wp\/v2\/product\/1138","targetHints":{"allow":["GET"]}}],"collection":[{"href":"https:\/\/swissbeautypro.com\/de\/wp-json\/wp\/v2\/product"}],"about":[{"href":"https:\/\/swissbeautypro.com\/de\/wp-json\/wp\/v2\/types\/product"}],"replies":[{"embeddable":true,"href":"https:\/\/swissbeautypro.com\/de\/wp-json\/wp\/v2\/comments?post=1138"}],"version-history":[{"count":5,"href":"https:\/\/swissbeautypro.com\/de\/wp-json\/wp\/v2\/product\/1138\/revisions"}],"predecessor-version":[{"id":2912,"href":"https:\/\/swissbeautypro.com\/de\/wp-json\/wp\/v2\/product\/1138\/revisions\/2912"}],"wp:featuredmedia":[{"embeddable":true,"href":"https:\/\/swissbeautypro.com\/de\/wp-json\/wp\/v2\/media\/1139"}],"wp:attachment":[{"href":"https:\/\/swissbeautypro.com\/de\/wp-json\/wp\/v2\/media?parent=1138"}],"wp:term":[{"taxonomy":"product_cat","embeddable":true,"href":"https:\/\/swissbeautypro.com\/de\/wp-json\/wp\/v2\/product_cat?post=1138"},{"taxonomy":"product_tag","embeddable":true,"href":"https:\/\/swissbeautypro.com\/de\/wp-json\/wp\/v2\/product_tag?post=1138"}],"curies":[{"name":"wp","href":"https:\/\/api.w.org\/{rel}","templated":true}]}}