{"id":1154,"date":"2024-04-16T11:02:17","date_gmt":"2024-04-16T11:02:17","guid":{"rendered":"https:\/\/swissbeautypro.com\/?post_type=product&#038;p=1154"},"modified":"2026-02-25T20:12:51","modified_gmt":"2026-02-25T20:12:51","slug":"contouring-face-mask","status":"publish","type":"product","link":"https:\/\/swissbeautypro.com\/de\/produkt\/contouring-face-mask\/","title":{"rendered":"CONTOURING FACE MASK"},"content":{"rendered":"<p><span style=\"color: #000000;\"><strong>VORTEILE<\/strong><\/span>:<\/p>\n<p>Argireline-Maske mit sofortigem Straffungseffekt.<\/p>\n<p><span style=\"color: #000000;\"><strong>INHALTSSTOFFE<\/strong><\/span><\/p>\n<p class=\" translation-block\">Argilerin: Bekannt als Hexapeptid 3 und 8. Behandelt Mimikfalten, die durch wiederholte \nMuskelbewegungen entstehen. Seine Funktion besteht darin, die Muskel-Nerven-Kommunikation \nzu beeinflussen und so die Tiefe der Mimikfalten zu verringern. Au\u00dferdem regt es die Produktion \nvon neuem Kollagen an, wodurch die Haut nach und nach gestrafft wird. <br>\nAllantoin: Erh\u00f6ht die Wasserbindung in der intrazellul\u00e4ren Matrix. Es wirkt als Keratolytikum, das \nabgestorbene Zellen entfernt und so die Haut gl\u00e4ttet und sie ges\u00fcnder aussehen l\u00e4sst.<\/p>\n<p><span style=\"color: #000000;\"><strong>ANWENDUNG<\/strong><\/span><\/p>\n<p class=\" translation-block\">1. 5 g des Pulvers und 3 ml Wasser mischen, bis eine cremige Konsistenz entsteht. <br>\n2. Das Produkt in Aufw\u00e4rtsbewegungen auf Gesicht und Hals auftragen. <br>\n3. 10-15 Minuten lang trocknen lassen. <br>\n4. Befeuchten Sie Ihre Finger mit Wasser, um die von der Maske erzeugte Spannung zu l\u00f6sen. <br>\nMit den Fingern in Aufw\u00e4rtsbewegungen \u00fcber das Gesicht fahren, um einen Lifting-Effekt zu \nerzielen. <br>\n<b>Gut zu wissen: Es ist die perfekte Behandlung vor einem wichtigen Ereignis, da sie sofort wirkt \nund f\u00fcr die n\u00e4chsten 48 Stunden anh\u00e4lt. <\/b><\/p>\n<p class=\" translation-block\"><span style=\"color: #000000;\"><strong>APPLICATIONS<\/strong><\/span><br>\r\n40 applications<\/p>\n<p><span style=\"color: #000000;\"><strong>MENGE<\/strong><\/span>:<br \/>\n225 ml<\/p>","protected":false},"excerpt":{"rendered":"<p><span style=\"color: #000000;\">Lieferung 2-3 Werktage<\/span><\/p>","protected":false},"featured_media":1155,"comment_status":"open","ping_status":"closed","template":"","meta":[],"product_cat":[110,125,70,97],"product_tag":[72,79],"class_list":{"0":"post-1154","1":"product","2":"type-product","3":"status-publish","4":"has-post-thumbnail","6":"product_brand-esthemax","7":"product_cat-anti-ageing","8":"product_cat-wrinkles","9":"product_cat-products","10":"product_cat-premium-anti-age","11":"product_tag-anti-aging","12":"product_tag-wrinkles","14":"first","15":"outofstock","16":"taxable","17":"shipping-taxable","18":"product-type-simple"},"_links":{"self":[{"href":"https:\/\/swissbeautypro.com\/de\/wp-json\/wp\/v2\/product\/1154","targetHints":{"allow":["GET"]}}],"collection":[{"href":"https:\/\/swissbeautypro.com\/de\/wp-json\/wp\/v2\/product"}],"about":[{"href":"https:\/\/swissbeautypro.com\/de\/wp-json\/wp\/v2\/types\/product"}],"replies":[{"embeddable":true,"href":"https:\/\/swissbeautypro.com\/de\/wp-json\/wp\/v2\/comments?post=1154"}],"version-history":[{"count":7,"href":"https:\/\/swissbeautypro.com\/de\/wp-json\/wp\/v2\/product\/1154\/revisions"}],"predecessor-version":[{"id":2907,"href":"https:\/\/swissbeautypro.com\/de\/wp-json\/wp\/v2\/product\/1154\/revisions\/2907"}],"wp:featuredmedia":[{"embeddable":true,"href":"https:\/\/swissbeautypro.com\/de\/wp-json\/wp\/v2\/media\/1155"}],"wp:attachment":[{"href":"https:\/\/swissbeautypro.com\/de\/wp-json\/wp\/v2\/media?parent=1154"}],"wp:term":[{"taxonomy":"product_cat","embeddable":true,"href":"https:\/\/swissbeautypro.com\/de\/wp-json\/wp\/v2\/product_cat?post=1154"},{"taxonomy":"product_tag","embeddable":true,"href":"https:\/\/swissbeautypro.com\/de\/wp-json\/wp\/v2\/product_tag?post=1154"}],"curies":[{"name":"wp","href":"https:\/\/api.w.org\/{rel}","templated":true}]}}