{"id":1165,"date":"2024-04-16T11:27:54","date_gmt":"2024-04-16T11:27:54","guid":{"rendered":"https:\/\/swissbeautypro.com\/?post_type=product&#038;p=1165"},"modified":"2025-09-23T20:21:06","modified_gmt":"2025-09-23T20:21:06","slug":"egyptian-rose-hydrojelly-mask","status":"publish","type":"product","link":"https:\/\/swissbeautypro.com\/de\/produkt\/egyptian-rose-hydrojelly-mask\/","title":{"rendered":"EGYPTIAN ROSE HYDROJELLY\u2122 MASK"},"content":{"rendered":"<p><span style=\"color: #000000;\"><strong>VORTEILE:<\/strong><\/span><\/p>\n<p class=\" translation-block\">Egyptian Rose HydroJelly Mask - Glowing &amp; Feine Falten <br>\nDiese Hydrojelly-Masken sind die perfekte Erg\u00e4nzung zu Ihrer t\u00e4glichen oder Wochenend-Routine! \nJedes Set enth\u00e4lt 2 Hydrojelly-Masken zusammen mit 2 biologisch abbaubaren Schalen, 1 Spatel \nund 1 Schaufel! <br>\nBio-Rosenbl\u00fcten und -Bl\u00fctenflocken mildern feine Linien und Falten, w\u00e4hrend \nHyperpigmentierung und Altersflecken gemildert werden. Die Rose spendet der Haut Feuchtigkeit \nund verleiht ihr ein zartes Strahlen. <br><\/p>\n<p><span style=\"color: #000000;\"><strong>JEDE SCHACHTEL ENTH\u00c4LT:<\/strong><\/span><\/p>\n<p>\u2022 2 1oz. Egyptian Rose Hydrojelly \u2122 Masken<br \/>\n\u2022 2 Tabletts<br \/>\n\u2022 1 Spatel<br \/>\n\u2022 1 Schaufel<\/p>","protected":false},"excerpt":{"rendered":"<p><span style=\"color: #000000;\">Lieferung 2-3 Werktage<\/span><\/p>","protected":false},"featured_media":1425,"comment_status":"open","ping_status":"closed","template":"","meta":[],"product_cat":[109,113,99,125],"product_tag":[87,73,79],"class_list":{"0":"post-1165","1":"product","2":"type-product","3":"status-publish","4":"has-post-thumbnail","6":"product_brand-esthemax","7":"product_cat-all-skin-types","8":"product_cat-dry-skin","9":"product_cat-retail-hydrojelly","10":"product_cat-wrinkles","11":"product_tag-all-skin-types","12":"product_tag-dry-skin","13":"product_tag-wrinkles","15":"first","16":"outofstock","17":"taxable","18":"shipping-taxable","19":"product-type-simple"},"_links":{"self":[{"href":"https:\/\/swissbeautypro.com\/de\/wp-json\/wp\/v2\/product\/1165","targetHints":{"allow":["GET"]}}],"collection":[{"href":"https:\/\/swissbeautypro.com\/de\/wp-json\/wp\/v2\/product"}],"about":[{"href":"https:\/\/swissbeautypro.com\/de\/wp-json\/wp\/v2\/types\/product"}],"replies":[{"embeddable":true,"href":"https:\/\/swissbeautypro.com\/de\/wp-json\/wp\/v2\/comments?post=1165"}],"version-history":[{"count":5,"href":"https:\/\/swissbeautypro.com\/de\/wp-json\/wp\/v2\/product\/1165\/revisions"}],"predecessor-version":[{"id":2904,"href":"https:\/\/swissbeautypro.com\/de\/wp-json\/wp\/v2\/product\/1165\/revisions\/2904"}],"wp:featuredmedia":[{"embeddable":true,"href":"https:\/\/swissbeautypro.com\/de\/wp-json\/wp\/v2\/media\/1425"}],"wp:attachment":[{"href":"https:\/\/swissbeautypro.com\/de\/wp-json\/wp\/v2\/media?parent=1165"}],"wp:term":[{"taxonomy":"product_cat","embeddable":true,"href":"https:\/\/swissbeautypro.com\/de\/wp-json\/wp\/v2\/product_cat?post=1165"},{"taxonomy":"product_tag","embeddable":true,"href":"https:\/\/swissbeautypro.com\/de\/wp-json\/wp\/v2\/product_tag?post=1165"}],"curies":[{"name":"wp","href":"https:\/\/api.w.org\/{rel}","templated":true}]}}