{"id":1184,"date":"2024-04-16T11:34:20","date_gmt":"2024-04-16T11:34:20","guid":{"rendered":"https:\/\/swissbeautypro.com\/?post_type=product&#038;p=1184"},"modified":"2025-02-24T17:27:35","modified_gmt":"2025-02-24T17:27:35","slug":"hyaluronic-acid-hydrojelly-mask","status":"publish","type":"product","link":"https:\/\/swissbeautypro.com\/de\/produkt\/hyaluronic-acid-hydrojelly-mask\/","title":{"rendered":"HYALURONIC ACID HYDROJELLY\u2122 MASK"},"content":{"rendered":"<p><strong><span style=\"color: #000000;\">VORTEILE<\/span>:<\/strong><\/p>\n<p class=\" translation-block\">Diese Hydrojelly-Masken mit Hyalurons\u00e4ure sind die perfekte Erg\u00e4nzung zu Ihrer t\u00e4glichen oder \nWochenend-Routine! <br>\nHervorragende Feuchtigkeitsspeicherung - gut f\u00fcr alle Hauttypen, sicher f\u00fcr zu Akne neigende \nHaut. Gleicht den PH-Wert der Haut aus, reduziert Ausbr\u00fcche und gl\u00e4ttet feine Linien.<\/p>\n<p><span style=\"color: #000000;\"><strong>JEDE SCHACHTEL ENTH\u00c4LT:<\/strong><\/span><\/p>\n<p>\u2022 2 1oz. Hyaluronic Acid Hydrojelly\u2122 Masks<br \/>\n\u2022 2 Tabletts<br \/>\n\u2022 1 Spatel<br \/>\n\u2022 1 Schaufel<\/p>","protected":false},"excerpt":{"rendered":"<p><span style=\"color: #000000;\">Lieferung 2-3 Werktage<\/span><\/p>","protected":false},"featured_media":1429,"comment_status":"open","ping_status":"closed","template":"","meta":[],"product_cat":[109,113,70,99],"product_tag":[87,73],"class_list":{"0":"post-1184","1":"product","2":"type-product","3":"status-publish","4":"has-post-thumbnail","6":"product_brand-esthemax","7":"product_cat-all-skin-types","8":"product_cat-dry-skin","9":"product_cat-products","10":"product_cat-retail-hydrojelly","11":"product_tag-all-skin-types","12":"product_tag-dry-skin","14":"first","15":"outofstock","16":"taxable","17":"shipping-taxable","18":"product-type-simple"},"_links":{"self":[{"href":"https:\/\/swissbeautypro.com\/de\/wp-json\/wp\/v2\/product\/1184","targetHints":{"allow":["GET"]}}],"collection":[{"href":"https:\/\/swissbeautypro.com\/de\/wp-json\/wp\/v2\/product"}],"about":[{"href":"https:\/\/swissbeautypro.com\/de\/wp-json\/wp\/v2\/types\/product"}],"replies":[{"embeddable":true,"href":"https:\/\/swissbeautypro.com\/de\/wp-json\/wp\/v2\/comments?post=1184"}],"version-history":[{"count":7,"href":"https:\/\/swissbeautypro.com\/de\/wp-json\/wp\/v2\/product\/1184\/revisions"}],"predecessor-version":[{"id":2901,"href":"https:\/\/swissbeautypro.com\/de\/wp-json\/wp\/v2\/product\/1184\/revisions\/2901"}],"wp:featuredmedia":[{"embeddable":true,"href":"https:\/\/swissbeautypro.com\/de\/wp-json\/wp\/v2\/media\/1429"}],"wp:attachment":[{"href":"https:\/\/swissbeautypro.com\/de\/wp-json\/wp\/v2\/media?parent=1184"}],"wp:term":[{"taxonomy":"product_cat","embeddable":true,"href":"https:\/\/swissbeautypro.com\/de\/wp-json\/wp\/v2\/product_cat?post=1184"},{"taxonomy":"product_tag","embeddable":true,"href":"https:\/\/swissbeautypro.com\/de\/wp-json\/wp\/v2\/product_tag?post=1184"}],"curies":[{"name":"wp","href":"https:\/\/api.w.org\/{rel}","templated":true}]}}