{"id":1194,"date":"2024-04-16T11:39:57","date_gmt":"2024-04-16T11:39:57","guid":{"rendered":"https:\/\/swissbeautypro.com\/?post_type=product&#038;p=1194"},"modified":"2024-09-11T22:56:58","modified_gmt":"2024-09-11T22:56:58","slug":"brightening-hydrojelly-mask","status":"publish","type":"product","link":"https:\/\/swissbeautypro.com\/de\/produkt\/brightening-hydrojelly-mask\/","title":{"rendered":"BRIGHTENING HYDROJELLY\u2122 MASK"},"content":{"rendered":"<p><span style=\"color: #000000;\"><strong>VORTEILE<\/strong><\/span>:<\/p>\n<p class=\" translation-block\">Die Hydrojelly\u2122-Masken f\u00fcr den Einzelhandel von Esthemax sind die perfekte Erg\u00e4nzung f\u00fcr das \nindividuelle Pflegeprogramm Ihrer Kundin zu Hause. Die Geleemaske verj\u00fcngt die Haut und \nversorgt sie mit den N\u00e4hrstoffen, die sie zwischen den Behandlungen braucht. <br>\nTeint &amp; Pigmentierung <br>\nHellt Pigmentierungen auf und f\u00f6rdert einen insgesamt gleichm\u00e4\u00dfigeren Teint. L\u00e4sst die Haut \nerstrahlen und f\u00f6rdert die Tiefenhydratation und das Gleichgewicht.<\/p>\n<p><span style=\"color: #000000;\"><strong>JEDE SCHACHTEL ENTH\u00c4LT:<\/strong><\/span><\/p>\n<p class=\" translation-block\">\u2022 2 Brightening Hydrojelly\u2122 masken <br>\n\u2022 2 Tabletts <br>\n\u2022 1 Spatel <br>\n\u2022 1 Schaufel<\/p>","protected":false},"excerpt":{"rendered":"<p><span style=\"color: #000000;\">Lieferung 2-3 Werktage<\/span><\/p>","protected":false},"featured_media":1430,"comment_status":"open","ping_status":"closed","template":"","meta":[],"product_cat":[110,119,70,99],"product_tag":[94,84],"class_list":{"0":"post-1194","1":"product","2":"type-product","3":"status-publish","4":"has-post-thumbnail","6":"product_brand-esthemax","7":"product_cat-anti-ageing","8":"product_cat-pigmentation","9":"product_cat-products","10":"product_cat-retail-hydrojelly","11":"product_tag-anti-ageing","12":"product_tag-pigmentation","14":"first","15":"outofstock","16":"taxable","17":"shipping-taxable","18":"product-type-simple"},"_links":{"self":[{"href":"https:\/\/swissbeautypro.com\/de\/wp-json\/wp\/v2\/product\/1194","targetHints":{"allow":["GET"]}}],"collection":[{"href":"https:\/\/swissbeautypro.com\/de\/wp-json\/wp\/v2\/product"}],"about":[{"href":"https:\/\/swissbeautypro.com\/de\/wp-json\/wp\/v2\/types\/product"}],"replies":[{"embeddable":true,"href":"https:\/\/swissbeautypro.com\/de\/wp-json\/wp\/v2\/comments?post=1194"}],"version-history":[{"count":5,"href":"https:\/\/swissbeautypro.com\/de\/wp-json\/wp\/v2\/product\/1194\/revisions"}],"predecessor-version":[{"id":2899,"href":"https:\/\/swissbeautypro.com\/de\/wp-json\/wp\/v2\/product\/1194\/revisions\/2899"}],"wp:featuredmedia":[{"embeddable":true,"href":"https:\/\/swissbeautypro.com\/de\/wp-json\/wp\/v2\/media\/1430"}],"wp:attachment":[{"href":"https:\/\/swissbeautypro.com\/de\/wp-json\/wp\/v2\/media?parent=1194"}],"wp:term":[{"taxonomy":"product_cat","embeddable":true,"href":"https:\/\/swissbeautypro.com\/de\/wp-json\/wp\/v2\/product_cat?post=1194"},{"taxonomy":"product_tag","embeddable":true,"href":"https:\/\/swissbeautypro.com\/de\/wp-json\/wp\/v2\/product_tag?post=1194"}],"curies":[{"name":"wp","href":"https:\/\/api.w.org\/{rel}","templated":true}]}}