{"id":1198,"date":"2024-04-16T11:42:03","date_gmt":"2024-04-16T11:42:03","guid":{"rendered":"https:\/\/swissbeautypro.com\/?post_type=product&#038;p=1198"},"modified":"2025-08-19T10:13:42","modified_gmt":"2025-08-19T10:13:42","slug":"intensive-aftercare-hydrojelly","status":"publish","type":"product","link":"https:\/\/swissbeautypro.com\/de\/produkt\/intensive-aftercare-hydrojelly\/","title":{"rendered":"INTENSIVE AFTERCARE HYDROJELLY"},"content":{"rendered":"<p><span style=\"color: #000000;\"><strong>VORTEILE<\/strong>:<\/span><\/p>\n<p class=\" translation-block\">Gro\u00dfartig f\u00fcr alle Hauttypen, entz\u00fcndungshemmend, sofort beruhigend, unreine und zu Akne neigende Haut, reduziert Schwellungen.<\/p>\n<p class=\" translation-block\">\u2022 Wirksamer Entz\u00fcndungshemmer verhindert Zellsch\u00e4den durch freie Radikale. <br>\n\u2022 Wirkt nat\u00fcrlich beruhigend und hilft, R\u00f6tungen zu reduzieren; hat nat\u00fcrliche antimikrobielle und \nantioxidative Eigenschaften und wirkt als nat\u00fcrlicher Radikalf\u00e4nger. <br>\n\u2022 Geeignet f\u00fcr die Anwendung nach rauen und intensiven Behandlungen wie Extraktionen, Laser, \nPeeling oder Wachsen. <br>\n\u2022 Beseitigt nerv\u00f6se Spannungen, lindert Schmerzen, desinfiziert die Haut und hemmt Bakterien, die \ndie erste Infektion verursachen. <br>\n\u2022 Hilft, den Heilungsprozess zu beschleunigen. <br>\n\u2022 Minimiert Hautreizungen, Ausschl\u00e4ge, Entz\u00fcndungen und R\u00f6tungen.<\/p>\n<p><span style=\"color: #000000;\"><strong>JEDE SCHACHTEL ENTH\u00c4LT: <\/strong><\/span><\/p>\n<p>\u2022 2 1oz. Intensive Aftercare Hydrojelly\u2122 Masken<br \/>\n\u2022 2 Tabletts<br \/>\n\u2022 1 Spatel<br \/>\n\u2022 1 Schaufel<\/p>","protected":false},"excerpt":{"rendered":"<p><span style=\"color: #000000;\">Lieferung 2-3 Werktage<\/span><\/p>","protected":false},"featured_media":1434,"comment_status":"open","ping_status":"closed","template":"","meta":[],"product_cat":[70,99],"product_tag":[],"class_list":{"0":"post-1198","1":"product","2":"type-product","3":"status-publish","4":"has-post-thumbnail","6":"product_cat-products","7":"product_cat-retail-hydrojelly","9":"first","10":"outofstock","11":"taxable","12":"shipping-taxable","13":"product-type-simple"},"_links":{"self":[{"href":"https:\/\/swissbeautypro.com\/de\/wp-json\/wp\/v2\/product\/1198","targetHints":{"allow":["GET"]}}],"collection":[{"href":"https:\/\/swissbeautypro.com\/de\/wp-json\/wp\/v2\/product"}],"about":[{"href":"https:\/\/swissbeautypro.com\/de\/wp-json\/wp\/v2\/types\/product"}],"replies":[{"embeddable":true,"href":"https:\/\/swissbeautypro.com\/de\/wp-json\/wp\/v2\/comments?post=1198"}],"version-history":[{"count":4,"href":"https:\/\/swissbeautypro.com\/de\/wp-json\/wp\/v2\/product\/1198\/revisions"}],"predecessor-version":[{"id":2898,"href":"https:\/\/swissbeautypro.com\/de\/wp-json\/wp\/v2\/product\/1198\/revisions\/2898"}],"wp:featuredmedia":[{"embeddable":true,"href":"https:\/\/swissbeautypro.com\/de\/wp-json\/wp\/v2\/media\/1434"}],"wp:attachment":[{"href":"https:\/\/swissbeautypro.com\/de\/wp-json\/wp\/v2\/media?parent=1198"}],"wp:term":[{"taxonomy":"product_cat","embeddable":true,"href":"https:\/\/swissbeautypro.com\/de\/wp-json\/wp\/v2\/product_cat?post=1198"},{"taxonomy":"product_tag","embeddable":true,"href":"https:\/\/swissbeautypro.com\/de\/wp-json\/wp\/v2\/product_tag?post=1198"}],"curies":[{"name":"wp","href":"https:\/\/api.w.org\/{rel}","templated":true}]}}