{"id":1641,"date":"2024-05-06T14:39:06","date_gmt":"2024-05-06T14:39:06","guid":{"rendered":"https:\/\/swissbeautypro.com\/?post_type=product&#038;p=1641"},"modified":"2026-02-07T21:12:00","modified_gmt":"2026-02-07T21:12:00","slug":"silk-cocoon-peptide-hydrojelly","status":"publish","type":"product","link":"https:\/\/swissbeautypro.com\/de\/produkt\/silk-cocoon-peptide-hydrojelly\/","title":{"rendered":"SILK COCOON PEPTIDE HYDROJELLY"},"content":{"rendered":"<p><span style=\"color: #000000;\"><strong>VORTEILE:<\/strong><\/span><\/p>\n<p class=\" translation-block\">Silk Cocoon Peptide, auch bekannt als hydrolysierte Seidenpeptide, sind f\u00fcr alle Hauttypen \ngeeignet, da sie leicht einziehen. Sie wirken schnell und versorgen die Haut mit ausgewogener \nFeuchtigkeit, so dass sie belebt aussieht und sich glatt wie Seide anf\u00fchlt. Diese Peptide tragen zur \nRegeneration der Haut bei, kurbeln die Kollagenproduktion an und minimieren das \nErscheinungsbild feiner Linien und F\u00e4ltchen. Hydrolysierte Seidenpeptide spielen eine \nentscheidende Rolle bei der starken und elastischen Struktur von Seide, weshalb sie zur St\u00e4rkung \nund Straffung der Haut beitragen.<\/p>\n<p><span style=\"color: #000000;\"><strong>HAUTTYPEN\/HAUTPROBLEME:<\/strong><\/span><\/p>\n<p>Trockene Haut, feine Linien und F\u00e4ltchen, verminderte Festigkeit \nund Elastizit\u00e4t<\/p>\n<p><span style=\"color: #000000;\"><strong>AKTIVE INHALTSSTOFFE:<\/strong><\/span><\/p>\n<p><span style=\"color: #000000;\">HYDROLYSIERTE SEIDENPEPTIDE<\/span><\/p>\n<p class=\" translation-block\">Hydrolysierte Seidenpeptide sind nat\u00fcrlich vorkommende Proteine, die von Seidenraupen \nproduziert werden. Diese Proteine bestehen aus 18 Seidenaminos\u00e4uren, die die F\u00e4higkeit besitzen, \nmit anderen Proteinen und Molek\u00fclen in unserer Haut zu interagieren. Aufgrund ihrer \nbemerkenswerten \u00c4hnlichkeit mit der chemischen Zusammensetzung der menschlichen Haut \ndringen diese Peptide leicht in die Haut ein und bieten au\u00dfergew\u00f6hnliche Ergebnisse bei der \nSpeicherung von Feuchtigkeit, der Aufrechterhaltung eines optimalen Feuchtigkeitsgleichgewichts \nund der Stimulierung der Kollagenproduktion und der Reparaturprozesse. Diese Peptide verbessern \nauf nat\u00fcrliche Weise die Elastizit\u00e4t der Haut, f\u00f6rdern die optimale Funktion der Hautzellen und \ndienen als vorbeugende Ma\u00dfnahme gegen Falten, was letztendlich zu einer strafferen und glatteren \nHaut f\u00fchrt.<\/p>\n<p><span style=\"color: #000000;\">ORGANISCHE ELEKTROLYTE (USDA-zertifiziert)<\/span><\/p>\n<p class=\" translation-block\">Die organischen Elektrolyte des Kokosnusswassers wirken Wunder f\u00fcr die Haut. Sie stellen die \nFeuchtigkeit wieder her, beugen dem Austrocknen vor, indem sie Wasser in die Hautzellen ziehen, \nund wirken effektiv gegen Trockenheit, Juckreiz, Augenringe und feine Linien. Das Beste daran ist, \ndass sie der Haut Feuchtigkeit spenden, ohne sie fettig zu machen, und ihren nat\u00fcrlichen \nFeuchtigkeits- und pH-Wert erhalten. Kokosnusswasser enth\u00e4lt auch Zytokine, nat\u00fcrliche Proteine, \ndie die Anti-Aging-Wirkung f\u00f6rdern, indem sie den Reparaturzyklus der Haut unterst\u00fctzen und sie \nvor Sonnen- und Umweltsch\u00e4den sch\u00fctzen.<\/p>\n<p><span style=\"color: #000000;\"><strong>INHALTSSTOFFE<\/strong><\/span><\/p>\n<p class=\" translation-block\">Potassium Alginate, Algin, *Oryza Sativa (Rice) Powder, Sodium Hyaluronate, *Cocos Nucifera \n(Coconut) Fruit Powder, Glucose, *Salix Alba (Willow) Bark Extract, Hydrolyzed Silk Peptide, \nCalcium Sulfate, Diatomaceous Earth, Sodium Chloride, Magnesium Sulfate, Potassium Chloride, \nMica, Fragrance. *Certified Organic Ingredients.<\/p>\n<p><strong><span style=\"color: #000000;\">ANWENDUNG<\/span><\/strong><\/p>\n<p>50 ml des Produkts mit 40 ml Wasser mischen.<br \/>\nAuf die zu behandelnde Hautoberfl\u00e4che auftragen.<br \/>\n20 Minuten einwirken lassen und anschlie\u00dfend entfernen<\/p>\n<p><strong><span style=\"color: #000000;\">ANWENDUNGEN:<\/span><\/strong><\/p>\n<p>Gesicht: 17 Anwendungen<br \/>\nGesicht und Hals: 10 Anwendungen.<\/p>\n<p><span style=\"color: #000000;\"><strong>AMOUNT: 500gr.<\/strong><\/span><\/p>","protected":false},"excerpt":{"rendered":"<p><span style=\"color: #000000;\">Lieferung 2-3 Werktage<\/span><\/p>","protected":false},"featured_media":1643,"comment_status":"open","ping_status":"closed","template":"","meta":[],"product_cat":[109,113,114,71,122],"product_tag":[87,73,74,80],"class_list":{"0":"post-1641","1":"product","2":"type-product","3":"status-publish","4":"has-post-thumbnail","6":"product_brand-esthemax","7":"product_cat-all-skin-types","8":"product_cat-dry-skin","9":"product_cat-dull-skin","10":"product_cat-hydrojelly-mask","11":"product_cat-sensitive-skin","12":"product_tag-all-skin-types","13":"product_tag-dry-skin","14":"product_tag-dull-skin","15":"product_tag-sensitive-skin","17":"first","18":"outofstock","19":"taxable","20":"shipping-taxable","21":"product-type-simple"},"_links":{"self":[{"href":"https:\/\/swissbeautypro.com\/de\/wp-json\/wp\/v2\/product\/1641","targetHints":{"allow":["GET"]}}],"collection":[{"href":"https:\/\/swissbeautypro.com\/de\/wp-json\/wp\/v2\/product"}],"about":[{"href":"https:\/\/swissbeautypro.com\/de\/wp-json\/wp\/v2\/types\/product"}],"replies":[{"embeddable":true,"href":"https:\/\/swissbeautypro.com\/de\/wp-json\/wp\/v2\/comments?post=1641"}],"version-history":[{"count":6,"href":"https:\/\/swissbeautypro.com\/de\/wp-json\/wp\/v2\/product\/1641\/revisions"}],"predecessor-version":[{"id":2893,"href":"https:\/\/swissbeautypro.com\/de\/wp-json\/wp\/v2\/product\/1641\/revisions\/2893"}],"wp:featuredmedia":[{"embeddable":true,"href":"https:\/\/swissbeautypro.com\/de\/wp-json\/wp\/v2\/media\/1643"}],"wp:attachment":[{"href":"https:\/\/swissbeautypro.com\/de\/wp-json\/wp\/v2\/media?parent=1641"}],"wp:term":[{"taxonomy":"product_cat","embeddable":true,"href":"https:\/\/swissbeautypro.com\/de\/wp-json\/wp\/v2\/product_cat?post=1641"},{"taxonomy":"product_tag","embeddable":true,"href":"https:\/\/swissbeautypro.com\/de\/wp-json\/wp\/v2\/product_tag?post=1641"}],"curies":[{"name":"wp","href":"https:\/\/api.w.org\/{rel}","templated":true}]}}