{"id":1652,"date":"2024-05-06T14:56:15","date_gmt":"2024-05-06T14:56:15","guid":{"rendered":"https:\/\/swissbeautypro.com\/?post_type=product&#038;p=1652"},"modified":"2025-11-24T02:34:15","modified_gmt":"2025-11-24T02:34:15","slug":"high-frequency-cream","status":"publish","type":"product","link":"https:\/\/swissbeautypro.com\/de\/produkt\/high-frequency-cream\/","title":{"rendered":"HIGH FREQUENCY CREAM"},"content":{"rendered":"<p><strong><span style=\"color: #000000;\">VORTEILE:<\/span><\/strong><\/p>\n<p class=\" translation-block\">Die Hochfrequenz-Creme enth\u00e4lt: Hydrolysiertes Kollagen: Eine Mischung aus kleinen Peptiden, \ndie in viel kleinere Fragmente zerfallen, die in die Hautoberfl\u00e4che eindringen. Sie straffen die Haut \nund reduzieren die Auswirkungen der Hautalterung, da das Kollagen von der Haut aufgenommen \nwird. Hyalurons\u00e4ure: Nat\u00fcrlicher Feuchtigkeits. Faktor, der in die oberen Hautschichten eindringen \nkann, um die Haut bei der Anwendung zu verbessern und zu pflegen. Sie dringt in die Dermis ein \nund erh\u00f6ht so die Elastizit\u00e4t und Feuchtigkeit der Haut. Oliven\u00f6l: H\u00e4lt die Haut geschmeidig und \nberuhigt sogar Irritationen. Lindert Unbehagen und Reizungen.<\/p>\n<p><span style=\"color: #000000;\"><strong>HAUTTYPEN\/HAUTPROBLEME:<\/strong><\/span><\/p>\n<p class=\" translation-block\">Alle Hauttypen, Feine Linien &amp; F\u00e4ltchen, Festigkeit, Hydratisiert und verj\u00fcngt.<\/p>\n<p><strong><span style=\"color: #000000;\">AKTIVE INHALTSSTOFFE:<\/span><\/strong><\/p>\n<p>Hydrolysiertes Kollagen, Hyalurons\u00e4ure, Oliven\u00f6l<\/p>\n<p><strong><span style=\"color: #000000;\">INHALTSSTOFFE<\/span><\/strong><\/p>\n<p class=\" translation-block\">Mineral oil, Water, Glycerin, Cetyl ethylhexanoate, Petrolatum, Cetyl alcohol, Beeswax, \nMicrocrystalline wax, Olea europaea (olive) fruit oil, Glyceryl stearate, PEG-100 stearate, PEG-40 \nstearate, Polysorbate 60, Dimethicone, Sorbitan sesquioleate, Camellia sinensis leaf extract, Coffea \narabica (coffee) seed extract, Diospyros kaki leaf extract, Theobrama cacao(cocoa) extract, Wine \nextract, Allantoin, Squalane, Hydrolyzed collagen, Tocopheryl acetate, Sodium hyaluronate, \nDisodium EDTA, Xanthan gum, Carbomer, Triethanolamine, Methylparaben<\/p>\n<p><span style=\"color: #000000;\"><strong>WIE ES FUNKTIONIERT:<\/strong><\/span><\/p>\n<p class=\" translation-block\">Die Hochfrequenzcreme wurde zur Verbesserung von Hochfrequenzbehandlungen entwickelt und \nerh\u00f6ht die W\u00e4rmeleitf\u00e4higkeit und reduziert Hautreizungen. Sie ist auch das perfekte Produkt f\u00fcr die Gesichtsmassage.<\/p>\n<p><strong><span style=\"color: #000000;\">MENGE: 1000 ml<\/span><\/strong><\/p>","protected":false},"excerpt":{"rendered":"<p><span style=\"color: #000000;\">Lieferung 2-3 Werktage<\/span><\/p>","protected":false},"featured_media":1646,"comment_status":"open","ping_status":"closed","template":"","meta":[],"product_cat":[110,113,125,93],"product_tag":[72,73,79],"class_list":{"0":"post-1652","1":"product","2":"type-product","3":"status-publish","4":"has-post-thumbnail","6":"product_brand-esthemax","7":"product_cat-anti-ageing","8":"product_cat-dry-skin","9":"product_cat-wrinkles","10":"product_cat-cream-face-mask","11":"product_tag-anti-aging","12":"product_tag-dry-skin","13":"product_tag-wrinkles","15":"first","16":"outofstock","17":"downloadable","18":"taxable","19":"shipping-taxable","20":"product-type-simple"},"_links":{"self":[{"href":"https:\/\/swissbeautypro.com\/de\/wp-json\/wp\/v2\/product\/1652","targetHints":{"allow":["GET"]}}],"collection":[{"href":"https:\/\/swissbeautypro.com\/de\/wp-json\/wp\/v2\/product"}],"about":[{"href":"https:\/\/swissbeautypro.com\/de\/wp-json\/wp\/v2\/types\/product"}],"replies":[{"embeddable":true,"href":"https:\/\/swissbeautypro.com\/de\/wp-json\/wp\/v2\/comments?post=1652"}],"version-history":[{"count":4,"href":"https:\/\/swissbeautypro.com\/de\/wp-json\/wp\/v2\/product\/1652\/revisions"}],"predecessor-version":[{"id":2891,"href":"https:\/\/swissbeautypro.com\/de\/wp-json\/wp\/v2\/product\/1652\/revisions\/2891"}],"wp:featuredmedia":[{"embeddable":true,"href":"https:\/\/swissbeautypro.com\/de\/wp-json\/wp\/v2\/media\/1646"}],"wp:attachment":[{"href":"https:\/\/swissbeautypro.com\/de\/wp-json\/wp\/v2\/media?parent=1652"}],"wp:term":[{"taxonomy":"product_cat","embeddable":true,"href":"https:\/\/swissbeautypro.com\/de\/wp-json\/wp\/v2\/product_cat?post=1652"},{"taxonomy":"product_tag","embeddable":true,"href":"https:\/\/swissbeautypro.com\/de\/wp-json\/wp\/v2\/product_tag?post=1652"}],"curies":[{"name":"wp","href":"https:\/\/api.w.org\/{rel}","templated":true}]}}