{"id":1669,"date":"2024-05-06T15:31:14","date_gmt":"2024-05-06T15:31:14","guid":{"rendered":"https:\/\/swissbeautypro.com\/?post_type=product&#038;p=1669"},"modified":"2024-09-11T22:54:32","modified_gmt":"2024-09-11T22:54:32","slug":"energetic-renovation-protocol","status":"publish","type":"product","link":"https:\/\/swissbeautypro.com\/de\/produkt\/energetic-renovation-protocol\/","title":{"rendered":"ENERGETISCHE ERNEUERUNG"},"content":{"rendered":"<p>\u2022 1 Enzyme Podwer<br \/>\n\u2022 1 snow cream Face Mask<br \/>\n\u2022 1 Chi Energy Infused<br \/>\n\u2022 1 SERUM VITAMIN C<\/p>\n<p><span style=\"color: #000000;\"><strong>Schritt 1:<\/strong> <span style=\"text-decoration: underline;\"><span style=\"color: #993300;\"><a style=\"color: #993300; text-decoration: underline;\" href=\"https:\/\/swissbeautypro.com\/product\/enzyme-powder-includes-measuring-cup\/\">Enzyme Powder<\/a><\/span><\/span><\/span><\/p>\n<p class=\" translation-block\">Diese Maske enth\u00e4lt Argilerin, ein Hexapeptid 3 und 8, das auf der Ebene der neuromuskul\u00e4ren \nVerbindung wirkt und die Muskelkontraktion und die sich wiederholenden Bewegungen verringert. \nAuf diese Weise reduziert sie feine Mimikfalten. Au\u00dferdem enth\u00e4lt sie Allantoin, ein \nKeratolytikum, das die Zellregeneration f\u00f6rdert und feuchtigkeitsspendend wirkt.<\/p>\n<p>Aktive Bestandteile:<\/p>\n<p>\u2022 Papain<br \/>\n\u2022 Allantoin<\/p>\n<p><span style=\"color: #000000;\"><strong>Schritt 2:<\/strong> <span style=\"text-decoration: underline;\"><span style=\"color: #993300;\"><a style=\"color: #993300; text-decoration: underline;\" href=\"https:\/\/swissbeautypro.com\/product\/snow-face-mask\/\">Snow Cream Face Mask<\/a><\/span><\/span><\/span><\/p>\n<p class=\" translation-block\">Die hohe Konzentration an Fetts\u00e4uren (Laurin- und Caprins\u00e4ure) und die Vitamine A, E und D, die in Sheabutter, Honig und Kokosnussextrakt enthalten sind, spenden der Haut viel Feuchtigkeit, sch\u00fctzen sie und verleihen ihr ein seidiges und strahlendes Aussehen. Ideal f\u00fcr empfindliche, intolerante Haut, Ekzeme und Schuppenflechte. <br>\nDank ihrer leichten Textur erm\u00f6glicht sie auch aktivierende Massagen der verschiedenen Wirkstoffe \nund Lymphdrainage.<\/p>\n<p><strong><span style=\"color: #000000;\">Schritt 3:<\/span><\/strong> <span style=\"color: #993300;\"><a style=\"color: #993300; text-decoration: underline;\" href=\"https:\/\/swissbeautypro.com\/product\/chi-energy-infused\/\">Chi Energy Infused Hydrojelly Mask<\/a><\/span><\/p>\n<p>Maske mit entz\u00fcndungshemmender und schmerzlindernder Wirkung. Es hat desensibilisierende, \nhypoallergen und anti-reizende Eigenschaften. Quarzkristalle wirken zusammen als Energieleiter \nund Erneuerer.<\/p>\n<p>Aktive Bestandteile:<\/p>\n<p class=\" translation-block\">\u2022 Cannabis (THC free)<br>\r\n\u2022 Portulaca oleracea extract<br>\r\n\u2022 Green tea leaf<br>\r\n\u2022 Centella asiatica extract<br>\r\n\u2022 Green chromium oxide<\/p>\n<p><strong><span style=\"color: #000000;\">Schritt 4:<\/span><\/strong> <span style=\"color: #993300;\"><a style=\"color: #993300; text-decoration: underline;\" href=\"https:\/\/swissbeautypro.com\/?post_type=product&amp;p=1669&amp;preview=true\">Vitamin C cure serum<\/a><\/span><\/p>\n<p>Serum auf Vitamin-C-Basis, ideal zur Versiegelung der antioxidativen Behandlung.<\/p>\n<p><span style=\"color: #000000;\"><strong>Wie man sich bewirbt:<\/strong><\/span><\/p>\n<p><span style=\"color: #000000;\"><strong>Schritt 1:<\/strong><\/span><\/p>\n<p class=\" translation-block\">\u2022 Mischen Sie 2,5 g Enzympulver (1\/2 Messbecher) mit 5 ml Wasser (voller Messbecher).<br>\n\u2022 1 Minute lang schaumig r\u00fchren.<br>\n\u2022 Mit einem F\u00e4cherpinsel auf das gesamte Gesicht auftragen und einmassieren.<br>\n\u2022 7 Minuten einwirken lassen.<br>\n\u2022 Entfernen Sie das Produkt mit einem feuchten Tuch oder Gaze.<br>\n* Bei empfindlicher Haut 5 Minuten einwirken lassen und entfernen.<\/p>\n<p><span style=\"color: #000000;\"><strong>Schritt 2:<\/strong><\/span><\/p>\n<p class=\" translation-block\">\u2022 Tragen Sie die gew\u00fcnschte Menge Snow Cream Face Mask auf die zu behandelnde Stelle auf.<br>\n\u2022 Massieren Sie die Creme mit kreisenden Bewegungen ein und lassen Sie sie 5-7 Minuten einwirken.<br>\n\u2022 \u00dcbersch\u00fcsse mit einem Tuch oder Spachtel entfernen.<br>\n\u2022 Wischen Sie das Gesicht mit einem feuchten Tuch ab.<\/p>\n<p><strong><span style=\"color: #000000;\">Schritt 3:<\/span><\/strong><\/p>\n<p class=\" translation-block\">\u2022 Mischen Sie 50 g der Chi Energy Infused Hydrojelly Mask mit 40 ml Wasser, bis eine \ngelartige Konsistenz erreicht ist.<br>\n\u2022 Tragen Sie die Mischung auf die zu behandelnde Haut auf und verteilen Sie sie gleichm\u00e4\u00dfig. \nAchten Sie darauf, eine dicke Schicht an den \u00e4u\u00dferen R\u00e4ndern der Maske zu hinterlassen.<br>\n\u2022 Lassen Sie die Maske 15 bis 20 Minuten einwirken.<br>\n\u2022 Heben Sie die R\u00e4nder an und entfernen Sie die Maske in einem Schritt<\/p>\n<p><span style=\"color: #000000;\"><strong>Schritt 4:<\/strong><\/span><\/p>\n<p class=\" translation-block\">Tragen Sie 3-4 Tropfen des Vitamin-C-Serum auf die zu behandelnde Stelle auf und massieren Sie \nes ein, bis es vollst\u00e4ndig eingezogen ist.<\/p>","protected":false},"excerpt":{"rendered":"<p><span style=\"color: #000000;\">Lieferung 2-3 Werktage<\/span><\/p>","protected":false},"featured_media":1664,"comment_status":"open","ping_status":"closed","template":"","meta":[],"product_cat":[127],"product_tag":[],"class_list":{"0":"post-1669","1":"product","2":"type-product","3":"status-publish","4":"has-post-thumbnail","6":"product_cat-energetic-renovation","8":"first","9":"outofstock","10":"taxable","11":"shipping-taxable","12":"product-type-simple"},"_links":{"self":[{"href":"https:\/\/swissbeautypro.com\/de\/wp-json\/wp\/v2\/product\/1669","targetHints":{"allow":["GET"]}}],"collection":[{"href":"https:\/\/swissbeautypro.com\/de\/wp-json\/wp\/v2\/product"}],"about":[{"href":"https:\/\/swissbeautypro.com\/de\/wp-json\/wp\/v2\/types\/product"}],"replies":[{"embeddable":true,"href":"https:\/\/swissbeautypro.com\/de\/wp-json\/wp\/v2\/comments?post=1669"}],"version-history":[{"count":6,"href":"https:\/\/swissbeautypro.com\/de\/wp-json\/wp\/v2\/product\/1669\/revisions"}],"predecessor-version":[{"id":2888,"href":"https:\/\/swissbeautypro.com\/de\/wp-json\/wp\/v2\/product\/1669\/revisions\/2888"}],"wp:featuredmedia":[{"embeddable":true,"href":"https:\/\/swissbeautypro.com\/de\/wp-json\/wp\/v2\/media\/1664"}],"wp:attachment":[{"href":"https:\/\/swissbeautypro.com\/de\/wp-json\/wp\/v2\/media?parent=1669"}],"wp:term":[{"taxonomy":"product_cat","embeddable":true,"href":"https:\/\/swissbeautypro.com\/de\/wp-json\/wp\/v2\/product_cat?post=1669"},{"taxonomy":"product_tag","embeddable":true,"href":"https:\/\/swissbeautypro.com\/de\/wp-json\/wp\/v2\/product_tag?post=1669"}],"curies":[{"name":"wp","href":"https:\/\/api.w.org\/{rel}","templated":true}]}}