{"id":1671,"date":"2024-05-06T15:39:14","date_gmt":"2024-05-06T15:39:14","guid":{"rendered":"https:\/\/swissbeautypro.com\/?post_type=product&#038;p=1671"},"modified":"2024-09-11T22:54:31","modified_gmt":"2024-09-11T22:54:31","slug":"acne-bactericidal-therapy-protocol","status":"publish","type":"product","link":"https:\/\/swissbeautypro.com\/de\/produkt\/acne-bactericidal-therapy-protocol\/","title":{"rendered":"BAKTERIENT\u00d6TENDE THERAPIE BEI AKNE"},"content":{"rendered":"<p><span style=\"color: #000000;\"><strong>VORTEILE: <\/strong><\/span><\/p>\n<p class=\" translation-block\">Das Akne-Protokoll ist f\u00fcr die Behandlung von aktiver Akne durch den Einsatz von Phototherapie \nund einem Photosensibilisator (Aminol\u00e4vulins\u00e4ure) angezeigt. Es erzeugt eine bakteriostatische und \nbakterient\u00f6tende Wirkung und hilft au\u00dferdem, die Aktivit\u00e4t der Talgdr\u00fcsen zu regulieren.<\/p>\n<p>Dieses Protokoll umfasst:<\/p>\n<p>\u2022 1 Enzyme powder<br \/>\n\u2022 1 Green Tea Cream face mask<br \/>\n\u2022 1 Cure Serum ALA-13<br \/>\n\u2022 1 Spot Diminishing ALA Hydrojelly Mask<\/p>\n<p><span style=\"color: #000000;\"><strong>Schritt 1:<\/strong> <span style=\"color: #993300;\"><a style=\"color: #993300; text-decoration: underline;\" href=\"https:\/\/swissbeautypro.com\/product\/enzyme-powder-includes-measuring-cup\/\">Enzyme Powder<\/a><\/span><\/span><\/p>\n<p class=\" translation-block\">Diese Maske enth\u00e4lt Argilerin, ein Hexapeptid 3 und 8, das auf der Ebene der neuromuskul\u00e4ren \nVerbindung wirkt und die Muskelkontraktion und die sich wiederholenden Bewegungen verringert. \nAuf diese Weise reduziert sie feine Mimikfalten. Au\u00dferdem enth\u00e4lt sie Allantoin, ein \nKeratolytikum, das die Zellregeneration f\u00f6rdert und feuchtigkeitsspendend wirkt.<\/p>\n<p>Aktive Bestandteile:<\/p>\n<p>\u2022 Papain<br \/>\n\u2022 Allantoin<\/p>\n<p><span style=\"color: #000000;\"><strong>Schritt 2:<\/strong> <span style=\"text-decoration: underline; color: #993300;\"><a style=\"color: #993300; text-decoration: underline;\" href=\"https:\/\/swissbeautypro.com\/product\/enzyme-powder-includes-measuring-cup\/\">Green Tea Face Mask<\/a><\/span><\/span><\/p>\n<p class=\" translation-block\">Enth\u00e4lt Teepflanzen- (Camellia sinensis), Kaolin- und S\u00fc\u00dfholzextrakte, ideale Wirkstoffe, um \nGiftstoffe zu beseitigen, zu reinigen und \u00fcberm\u00e4\u00dfige Fettigkeit bei Mischhaut oder zu Akne \nneigender Haut zu reduzieren.<\/p>\n<p><strong><span style=\"color: #000000;\">Schritt 3:<\/span><\/strong> <span style=\"text-decoration: underline;\"><span style=\"color: #993300;\"><a style=\"color: #993300; text-decoration: underline;\" href=\"https:\/\/swissbeautypro.com\/product\/ala-13-serum\/\">Cure serum Ala-13<\/a><\/span><\/span> and <span style=\"text-decoration: underline;\"><span style=\"color: #993300;\"><a style=\"color: #993300; text-decoration: underline;\" href=\"https:\/\/swissbeautypro.com\/product\/spot-diminishing-ala\/\">Spot Diminishing Hydrojelly Mask<\/a><\/span><\/span><\/p>\n<p class=\" translation-block\">Serum auf der Basis von Aminol\u00e4vulins\u00e4ure, die als Photosensibilisierungsmittel wirkt, wenn sie \ndurch blaues LED-Licht aktiviert wird. Es dringt direkt in die Follikel ein, in denen sich die \nBakterienkolonien ansiedeln, und beseitigt wirksam das Propinebacterium acnes. Zusammen mit \nmedizinischen Wirkstoffen wie Centella Asiatica, Oxals\u00e4ure und Bromelie beschleunigt es den \nHeilungsprozess und sch\u00fctzt die Haut vor m\u00f6glichen Reizungen.<\/p>\n<p><strong><span style=\"color: #000000;\">Wie man sich bewirbt:<\/span><\/strong><\/p>\n<p><strong><span style=\"color: #000000;\">Schritt 1:<\/span><\/strong><\/p>\n<p class=\" translation-block\">\u2022 Mischen Sie 2,5 g Enzympulver (1\/2 Messbecher) mit 5 ml Wasser (voller Messbecher).<br>\n\u2022 1 Minute lang schaumig r\u00fchren.<br>\n\u2022 Mit einem F\u00e4cherpinsel auf das gesamte Gesicht auftragen und einmassieren.<br>\n\u2022 7 Minuten einwirken lassen.<br>\n\u2022 Entfernen Sie das Produkt mit einem feuchten Tuch oder Gaze.<br>\n* Bei empfindlicher Haut 5 Minuten einwirken lassen und entfernen.<\/p>\n<p><span style=\"color: #000000;\"><strong>Schritt 2:<\/strong><\/span><\/p>\n<p class=\" translation-block\">\u2022 Tragen Sie die gew\u00fcnschte Menge der Gr\u00fcntee-Gesichtsmaske auf die zu behandelnde Stelle auf.<br>\n\u2022 5-7 Minuten einwirken lassen.<br>\n\u2022 \u00dcbersch\u00fcsse mit einem Tuch oder Spachtel entfernen.<br>\n\u2022 Wischen Sie das Gesicht mit einem feuchten Tuch ab.<\/p>\n<p><span style=\"color: #000000;\"><strong>Schritt 3:<\/strong><\/span><\/p>\n<p>3-4 Tropfen des Serums auf die behandelte Stelle auftragen und einmassieren, bis es vollst\u00e4ndig \neingezogen ist.<\/p>\n<p><strong><span style=\"color: #000000;\">Schritt 4:<\/span><\/strong><\/p>\n<p class=\" translation-block\">\u2022 Mischen Sie 50 g der Spot Diminishing Ala Hydrojelly Mask mit 40 ml Wasser, bis eine \ngelartige Konsistenz erreicht ist. <br>\n\u2022 Tragen Sie die Maske auf die zu behandelnde Haut auf und verteilen Sie sie gleichm\u00e4\u00dfig. \nAchten Sie darauf, eine dicke Schicht an den \u00e4u\u00dferen R\u00e4ndern der Maske zu hinterlassen. <br>\n\u2022 Lassen Sie die Maske 15-20 Minuten einwirken. Wenn Sie eine LED-Lampe haben, k\u00f6nnen \nSie diese gleichzeitig mit dem blauen Licht verwenden, um die bakterient\u00f6tende Wirkung zu \nverst\u00e4rken. <br>\n\u2022 Heben Sie die R\u00e4nder an und entfernen Sie die Maske in einem Schritt.<\/p>","protected":false},"excerpt":{"rendered":"<p><span style=\"color: #000000;\">Lieferung 2-3 Werktage<\/span><\/p>","protected":false},"featured_media":1661,"comment_status":"open","ping_status":"closed","template":"","meta":[],"product_cat":[128],"product_tag":[],"class_list":{"0":"post-1671","1":"product","2":"type-product","3":"status-publish","4":"has-post-thumbnail","6":"product_cat-acne-bactericidal-therapy","8":"first","9":"outofstock","10":"taxable","11":"shipping-taxable","12":"product-type-simple"},"_links":{"self":[{"href":"https:\/\/swissbeautypro.com\/de\/wp-json\/wp\/v2\/product\/1671","targetHints":{"allow":["GET"]}}],"collection":[{"href":"https:\/\/swissbeautypro.com\/de\/wp-json\/wp\/v2\/product"}],"about":[{"href":"https:\/\/swissbeautypro.com\/de\/wp-json\/wp\/v2\/types\/product"}],"replies":[{"embeddable":true,"href":"https:\/\/swissbeautypro.com\/de\/wp-json\/wp\/v2\/comments?post=1671"}],"version-history":[{"count":6,"href":"https:\/\/swissbeautypro.com\/de\/wp-json\/wp\/v2\/product\/1671\/revisions"}],"predecessor-version":[{"id":2887,"href":"https:\/\/swissbeautypro.com\/de\/wp-json\/wp\/v2\/product\/1671\/revisions\/2887"}],"wp:featuredmedia":[{"embeddable":true,"href":"https:\/\/swissbeautypro.com\/de\/wp-json\/wp\/v2\/media\/1661"}],"wp:attachment":[{"href":"https:\/\/swissbeautypro.com\/de\/wp-json\/wp\/v2\/media?parent=1671"}],"wp:term":[{"taxonomy":"product_cat","embeddable":true,"href":"https:\/\/swissbeautypro.com\/de\/wp-json\/wp\/v2\/product_cat?post=1671"},{"taxonomy":"product_tag","embeddable":true,"href":"https:\/\/swissbeautypro.com\/de\/wp-json\/wp\/v2\/product_tag?post=1671"}],"curies":[{"name":"wp","href":"https:\/\/api.w.org\/{rel}","templated":true}]}}