{"id":1674,"date":"2024-05-06T15:45:58","date_gmt":"2024-05-06T15:45:58","guid":{"rendered":"https:\/\/swissbeautypro.com\/?post_type=product&#038;p=1674"},"modified":"2024-09-11T22:54:30","modified_gmt":"2024-09-11T22:54:30","slug":"detoxifying-and-seboregulating-protocol","status":"publish","type":"product","link":"https:\/\/swissbeautypro.com\/de\/produkt\/detoxifying-and-seboregulating-protocol\/","title":{"rendered":"ENTGIFTENDES UND SEBOREGULIERENDES PROTOKOLL"},"content":{"rendered":"<p>&#8211; 1 Enzyme powder<br \/>\n&#8211; 1 Vitamin Cream Face Mask<br \/>\n&#8211; 1 Super Greens Strength Hydrojelly Mask or Purifying Actived Charcoal<br \/>\n&#8211; 1 O2 Cure serum<\/p>\n<p><span style=\"color: #000000;\"><strong>Schritt 1:<\/strong><\/span><span style=\"color: #993300;\"><a style=\"color: #993300; text-decoration: underline;\" href=\"https:\/\/swissbeautypro.com\/product\/enzyme-powder-includes-measuring-cup\/\">Enzyme Powder<\/a><\/span><\/p>\n<p class=\" translation-block\">Diese Maske enth\u00e4lt Argilerin, ein Hexapeptid 3 und 8, das auf der Ebene der neuromuskul\u00e4ren \nVerbindung wirkt und die Muskelkontraktion und die sich wiederholenden Bewegungen verringert. \nAuf diese Weise reduziert sie feine Mimikfalten. Au\u00dferdem enth\u00e4lt sie Allantoin, ein \nKeratolytikum, das die Zellregeneration f\u00f6rdert und feuchtigkeitsspendend wirkt.<\/p>\n<p><span style=\"color: #000000;\"><strong>Aktive Bestandteile:<\/strong><\/span><\/p>\n<p>\u2022 Papain<br \/>\n\u2022 Allantoin<\/p>\n<p><span style=\"color: #000000;\"><strong>Schritt 2:<\/strong> <span style=\"text-decoration: underline; color: #993300;\"><a style=\"color: #993300; text-decoration: underline;\" href=\"https:\/\/swissbeautypro.com\/product\/vitamin-face-mask\/\">Vitamin Cream Face Mask<\/a><\/span><\/span><\/p>\n<p class=\" translation-block\">Der Wirkmechanismus von Alpha-Arbutin besteht darin, die Tyrosinase-Aktivit\u00e4t zu hemmen und \nso den Pigmentierungsprozess zu verlangsamen, indem die Hyperpigmentierung der Haut \nschrittweise beseitigt wird. Zusammen mit der Grapefruit, einer Frucht, die reich an Vitamin C, B2, \nB3, Kalium, Kalzium, Eisen, Phosphor, Magnesium und Mineralien ist, hellt sie die Haut auf, macht \nsie weich und verleiht ihr einen strahlenden Effekt.<\/p>\n<p class=\" translation-block\">Aktive Bestandteile<br>\n\u2022 Arbutin <br>\n\u2022 Grapefruit<\/p>\n<p><span style=\"color: #000000;\"><strong>Schritt 3:<\/strong> <span style=\"color: #993300;\"><a style=\"color: #993300; text-decoration: underline;\" href=\"https:\/\/swissbeautypro.com\/product\/super-greens-strength\/\">Super Greens Strength Hydrojelly<\/a><\/span><\/span> Mask or <span style=\"color: #993300;\"><a style=\"color: #993300; text-decoration: underline;\" href=\"https:\/\/swissbeautypro.com\/product\/purifying-actived-charcoal\/\">Purifying Activated Charcoal<\/a><\/span><\/p>\n<p class=\" translation-block\">Die Super Greens Strength Maske ist reich an Mikron\u00e4hrstoffen, Flavonoiden und PhytoN\u00e4hrstoffen, die den pH-Wert der Haut wiederherstellen und die Synthese von neuen Proteinen \nerm\u00f6glichen. Sie reduziert Hautunreinheiten durch ihre Detox-Wirkung.<\/p>\n<p><span style=\"color: #000000;\">Aktive Bestandteile:<\/span><\/p>\n<p class=\" translation-block\">\u2022 Organic powder of Kale, Spinach, Alfal- fa, Spirulina, Moringa, Olive, Acerola, Olive,<br>\r\nBarley, Psyllium and Baobad.<br>\r\n\u2022 Willow bark<br>\r\n\u2022 Kiwi seeds<\/p>\n<p>ODER<\/p>\n<p class=\" translation-block\">Purifying Activated Charcoal Mask wirkt gegen Wunden nach der Rasur, Follikulitis, R\u00f6tungen und \nPigmentierung. Es ist eine reinigende Maske, die tief reinigt. Sie ist wirksam bei leichten \nAknebehandlungen.<\/p>\n<p class=\" translation-block\">Active ingredients:<br>\r\n\u2022 Pure charcoal<br>\r\n\u2022 Tea tree extract<br>\r\n\u2022 Essential extract of peppermint leaves<\/p>\n<p><strong><span style=\"color: #000000;\">Schritt 4:<\/span> <\/strong><span style=\"text-decoration: underline;\"><span style=\"color: #993300;\"><a style=\"color: #993300; text-decoration: underline;\" href=\"https:\/\/swissbeautypro.com\/product\/o2-20-serum\/\">O2 Cure Serum<\/a><\/span><\/span><\/p>\n<p class=\" translation-block\">Es hat eine Sauerstoffkonzentration von 20 %, die zusammen mit Rosmarin und HimalayaGranatapfel stumpfe Haut, die durch verschiedene Faktoren wie Alter, Stress oder \nUmweltverschmutzung entstanden ist, revitalisiert und adstringierende, antiseptische, reinigende \nund lindernde Eigenschaften besitzt.<\/p>\n<p><span style=\"color: #000000;\"><strong>Wie man sich bewirbt:<\/strong><\/span><\/p>\n<p><strong><span style=\"color: #000000;\">Schritt 1:<\/span><\/strong><\/p>\n<p class=\" translation-block\">\u2022 Mischen Sie 2,5 g Enzympulver (1\/2 Meter) mit 5 ml Wasser (voller Meter).<br>\n\u2022 1 Minute lang schaumig r\u00fchren.<br>\n\u2022 Mit einem F\u00e4cherpinsel auf das gesamte Gesicht auftragen und einmassieren.<br>\n\u2022 7 Minuten einwirken lassen.<br>\n\u2022 Entfernen Sie das Produkt mit einem feuchten Tuch oder Gaze.<br>\n* Bei empfindlicher Haut 5 Minuten einwirken lassen und dann entfernen.<\/p>\n<p><span style=\"color: #000000;\"><strong>Schritt 2:<\/strong><\/span><\/p>\n<p class=\" translation-block\">\u2022 Tragen Sie die gew\u00fcnschte Menge Vitamin Cream Face Mask auf die zu behandelnde Stelle auf.<br>\n\u2022 Massieren Sie die Creme mit kreisenden Bewegungen ein und lassen Sie sie 5-7 Minuten einwirken.<br>\n\u2022 \u00dcbersch\u00fcsse mit einem Tuch oder Spachtel entfernen.<br>\n\u2022 Wischen Sie das Gesicht mit einem feuchten Tuch ab.<\/p>\n<p><span style=\"color: #000000;\"><strong>Schritt 3:<\/strong><\/span><\/p>\n<p class=\" translation-block\">\u2022 Mischen Sie 50 g Super Greens Strength Hydrojelly Mask oder Purifying Activated \nCharcoal mit 40 ml Wasser zu einer gelartigen Masse. <br>\n\u2022 Tragen Sie die Mischung auf die zu behandelnde Hautoberfl\u00e4che auf und verteilen Sie sie \ngleichm\u00e4\u00dfig. Achten Sie darauf, eine dicke Schicht an den \u00e4u\u00dferen R\u00e4ndern der Maske zu \nhinterlassen. <br>\n\u2022 Lassen Sie die Maske 15 bis 20 Minuten einwirken. <br>\n\u2022 Heben Sie die R\u00e4nder an und entfernen Sie die Maske in einem Schritt.<\/p>\n<p><span style=\"color: #000000;\"><strong>Schritt 4:<\/strong><\/span><\/p>\n<p>Tragen Sie 3-4 Tropfen des O2 Cure Serums auf die behandelte Stelle auf und massieren Sie es ein, \nbis es vollst\u00e4ndig eingezogen ist.<\/p>","protected":false},"excerpt":{"rendered":"<p><span style=\"color: #000000;\">Lieferung 2-3 Werktage<\/span><\/p>","protected":false},"featured_media":1663,"comment_status":"closed","ping_status":"closed","template":"","meta":[],"product_cat":[129],"product_tag":[],"class_list":{"0":"post-1674","1":"product","2":"type-product","3":"status-publish","4":"has-post-thumbnail","6":"product_cat-detoxifying-and-seboregulating","8":"first","9":"outofstock","10":"taxable","11":"shipping-taxable","12":"product-type-simple"},"_links":{"self":[{"href":"https:\/\/swissbeautypro.com\/de\/wp-json\/wp\/v2\/product\/1674","targetHints":{"allow":["GET"]}}],"collection":[{"href":"https:\/\/swissbeautypro.com\/de\/wp-json\/wp\/v2\/product"}],"about":[{"href":"https:\/\/swissbeautypro.com\/de\/wp-json\/wp\/v2\/types\/product"}],"replies":[{"embeddable":true,"href":"https:\/\/swissbeautypro.com\/de\/wp-json\/wp\/v2\/comments?post=1674"}],"version-history":[{"count":6,"href":"https:\/\/swissbeautypro.com\/de\/wp-json\/wp\/v2\/product\/1674\/revisions"}],"predecessor-version":[{"id":2886,"href":"https:\/\/swissbeautypro.com\/de\/wp-json\/wp\/v2\/product\/1674\/revisions\/2886"}],"wp:featuredmedia":[{"embeddable":true,"href":"https:\/\/swissbeautypro.com\/de\/wp-json\/wp\/v2\/media\/1663"}],"wp:attachment":[{"href":"https:\/\/swissbeautypro.com\/de\/wp-json\/wp\/v2\/media?parent=1674"}],"wp:term":[{"taxonomy":"product_cat","embeddable":true,"href":"https:\/\/swissbeautypro.com\/de\/wp-json\/wp\/v2\/product_cat?post=1674"},{"taxonomy":"product_tag","embeddable":true,"href":"https:\/\/swissbeautypro.com\/de\/wp-json\/wp\/v2\/product_tag?post=1674"}],"curies":[{"name":"wp","href":"https:\/\/api.w.org\/{rel}","templated":true}]}}