{"id":1678,"date":"2024-05-06T16:02:37","date_gmt":"2024-05-06T16:02:37","guid":{"rendered":"https:\/\/swissbeautypro.com\/?post_type=product&#038;p=1678"},"modified":"2024-09-11T22:54:28","modified_gmt":"2024-09-11T22:54:28","slug":"photodynamic-therapy-protocol","status":"publish","type":"product","link":"https:\/\/swissbeautypro.com\/de\/produkt\/photodynamic-therapy-protocol\/","title":{"rendered":"PHOTODYNAMISCHE THERAPIE"},"content":{"rendered":"<p>\u2022 1 Enzyme Powder<br \/>\n\u2022 1 Snow face mask<br \/>\n\u2022 1 Serum Hyaluronic Acid<br \/>\n\u2022 1 LED Light See Through Hydrojelly Mask<\/p>\n<p><span style=\"color: #000000;\"><strong>Schritt 1:<\/strong> <span style=\"text-decoration: underline;\"><span style=\"color: #993300;\"><a style=\"color: #993300; text-decoration: underline;\" href=\"https:\/\/swissbeautypro.com\/product\/enzyme-powder-includes-measuring-cup\/\">Enzyme Powder<\/a><\/span><\/span><\/span><\/p>\n<p class=\" translation-block\">Diese Maske enth\u00e4lt Argilerin, ein Hexapeptid 3 und 8, das auf der Ebene der neuromuskul\u00e4ren \nVerbindung wirkt und die Muskelkontraktion und die sich wiederholenden Bewegungen verringert. \nAuf diese Weise reduziert sie feine Mimikfalten. Au\u00dferdem enth\u00e4lt sie Allantoin, ein \nKeratolytikum, das die Zellregeneration f\u00f6rdert und feuchtigkeitsspendend wirkt.<\/p>\n<p>Aktive Bestandteile:<\/p>\n<p>\u2022 Papain<br \/>\n\u2022 Allantoin<\/p>\n<p><span style=\"color: #000000;\"><strong>Schritt 2:<\/strong> <span style=\"text-decoration: underline;\"><span style=\"color: #993300;\"><a style=\"color: #993300; text-decoration: underline;\" href=\"https:\/\/swissbeautypro.com\/product\/snow-face-mask\/\">Snow Cream Face Mask<\/a><\/span><\/span><\/span><\/p>\n<p class=\" translation-block\">Die hohe Konzentration an Fetts\u00e4uren (Laurin- und Caprins\u00e4ure) und die Vitamine A, E und D, die \nin Sheabutter, Honig und Kokosnussextrakt enthalten sind, spenden der Haut viel Feuchtigkeit, \nsch\u00fctzen sie und verleihen ihr ein seidiges und strahlendes Aussehen. Ideal f\u00fcr empfindliche, \nintolerante Haut, Ekzeme und Schuppenflechte.<br> \nDank ihrer leichten Textur erm\u00f6glicht sie auch aktivierende Massagen der verschiedenen Wirkstoffe \nund Lymphdrainage.<\/p>\n<p><span style=\"color: #000000;\"><strong>Schritt 3:<\/strong> <span style=\"color: #993300;\"><a style=\"color: #993300; text-decoration: underline;\" href=\"https:\/\/swissbeautypro.com\/product\/led-light-see-through-hydrojelly\/\">LED Light See Through Hydrojelly Mask<\/a><\/span><\/span><\/p>\n<p class=\" translation-block\">Ideale Maske f\u00fcr die <b> Phototherapie-Behandlung mit Strahlen (UVA und UVB), <\/b> je nach \nL\u00e4sionen, Eigenschaften und\/oder Hautzustand. Sie l\u00e4sst das Licht durch und verbessert gleichzeitig \ndie Elastizit\u00e4t, verj\u00fcngt, reduziert das Erscheinungsbild von feinen Linien und reduziert \nHyperpigmentierung.<\/p>\n<p>Aktive Bestandteile:<\/p>\n<p>Hyalurons\u00e4ure<br \/>\n\u2022 Bio-Gr\u00fcntee-Pulver<\/p>\n<p><span style=\"color: #000000;\"><strong>Schritt 4:<\/strong> <span style=\"text-decoration: underline;\"><span style=\"color: #993300;\"><a style=\"color: #993300; text-decoration: underline;\" href=\"https:\/\/swissbeautypro.com\/product\/100-hyaluronic-acid-serum\/\">Hyaluronic Acid 100 Cure Serum<\/a><\/span><\/span><\/span><\/p>\n<p class=\" translation-block\">Serum mit 100% Hyalurons\u00e4ure. Versorgt die Haut tiefgehend mit Feuchtigkeit und verj\u00fcngt sie. \nDringt in die Dermis ein, f\u00f6rdert die Kollagensynthese und verbessert die Elastizit\u00e4t der Haut. Sorgt \nf\u00fcr Festigkeit und Flexibilit\u00e4t der Haut.<\/p>\n<p><span style=\"color: #000000;\"><strong>Schritt 1:<\/strong><\/span><\/p>\n<p class=\" translation-block\">\u2022 Mischen Sie 2,5 g Enzympulver (1\/2 Messbecher) mit 5 ml Wasser (voller Messbecher).<br>\n\u2022 1 Minute lang schaumig r\u00fchren.<br>\n\u2022 Mit einem F\u00e4cherpinsel auf das gesamte Gesicht auftragen und einmassieren.<br>\n\u2022 7 Minuten einwirken lassen.<br>\n\u2022 Entfernen Sie das Produkt mit einem feuchten Tuch oder Gaze.<br>\n* Bei empfindlicher Haut 5 Minuten einwirken lassen und entfernen.<\/p>\n<p><strong><span style=\"color: #000000;\">Schritt 2:<\/span><\/strong><\/p>\n<p class=\" translation-block\">\u2022 Tragen Sie die gew\u00fcnschte Menge Snow Cream Face Mask auf die zu behandelnde Stelle auf.<br>\n\u2022 Massieren Sie die Creme mit kreisenden Bewegungen ein und lassen Sie sie 5-7 Minuten einwirken.<br>\n\u2022 \u00dcbersch\u00fcsse mit einem Tuch oder Spachtel entfernen.<br>\n\u2022 Wischen Sie das Gesicht mit einem feuchten Tuch ab.<\/p>\n<p><span style=\"color: #000000;\"><strong>Schritt 3:<\/strong><\/span><\/p>\n<p class=\" translation-block\">\u2022 Mischen Sie 50 g Led Ligh See Through Hydrojelly Mask mit 40 ml Wasser, bis eine \ngelartige Konsistenz erreicht ist. <br>\n\u2022 Auf die zu behandelnde Hautoberfl\u00e4che auftragen und die Mischung gleichm\u00e4\u00dfig verteilen. Achten Sie darauf, eine dicke Schicht an den \u00e4u\u00dferen R\u00e4ndern der Maske zu hinterlassen. <br>\n\u2022 Lassen Sie die Maske 15 bis 20 Minuten lang unter LED-Licht einwirken. <br>\n\u2022 Heben Sie die R\u00e4nder an und entfernen Sie die Maske in einem Schritt.<\/p>\n<p><strong><span style=\"color: #000000;\">Schritt 4:<\/span><\/strong><\/p>\n<p class=\" translation-block\">3-4 Tropfen Hyalurons\u00e4ure 100 Cure Serum auf die behandelte Stelle auftragen und einmassieren, \nbis es vollst\u00e4ndig eingezogen ist.<\/p>","protected":false},"excerpt":{"rendered":"<p><span style=\"color: #000000;\">Lieferung 2-3 Werktage<\/span><\/p>","protected":false},"featured_media":1682,"comment_status":"open","ping_status":"closed","template":"","meta":[],"product_cat":[130],"product_tag":[],"class_list":{"0":"post-1678","1":"product","2":"type-product","3":"status-publish","4":"has-post-thumbnail","6":"product_cat-photodynamic-therapy","8":"first","9":"outofstock","10":"taxable","11":"shipping-taxable","12":"product-type-simple"},"_links":{"self":[{"href":"https:\/\/swissbeautypro.com\/de\/wp-json\/wp\/v2\/product\/1678","targetHints":{"allow":["GET"]}}],"collection":[{"href":"https:\/\/swissbeautypro.com\/de\/wp-json\/wp\/v2\/product"}],"about":[{"href":"https:\/\/swissbeautypro.com\/de\/wp-json\/wp\/v2\/types\/product"}],"replies":[{"embeddable":true,"href":"https:\/\/swissbeautypro.com\/de\/wp-json\/wp\/v2\/comments?post=1678"}],"version-history":[{"count":7,"href":"https:\/\/swissbeautypro.com\/de\/wp-json\/wp\/v2\/product\/1678\/revisions"}],"predecessor-version":[{"id":2885,"href":"https:\/\/swissbeautypro.com\/de\/wp-json\/wp\/v2\/product\/1678\/revisions\/2885"}],"wp:featuredmedia":[{"embeddable":true,"href":"https:\/\/swissbeautypro.com\/de\/wp-json\/wp\/v2\/media\/1682"}],"wp:attachment":[{"href":"https:\/\/swissbeautypro.com\/de\/wp-json\/wp\/v2\/media?parent=1678"}],"wp:term":[{"taxonomy":"product_cat","embeddable":true,"href":"https:\/\/swissbeautypro.com\/de\/wp-json\/wp\/v2\/product_cat?post=1678"},{"taxonomy":"product_tag","embeddable":true,"href":"https:\/\/swissbeautypro.com\/de\/wp-json\/wp\/v2\/product_tag?post=1678"}],"curies":[{"name":"wp","href":"https:\/\/api.w.org\/{rel}","templated":true}]}}