{"id":1683,"date":"2024-05-06T16:10:58","date_gmt":"2024-05-06T16:10:58","guid":{"rendered":"https:\/\/swissbeautypro.com\/?post_type=product&#038;p=1683"},"modified":"2024-09-11T22:54:27","modified_gmt":"2024-09-11T22:54:27","slug":"post-acne-scars-protocol","status":"publish","type":"product","link":"https:\/\/swissbeautypro.com\/de\/produkt\/post-acne-scars-protocol\/","title":{"rendered":"POST-AKNE-NARBEN-PROTOKOLL"},"content":{"rendered":"<p>\u2022 1 Enzyme Powder<br \/>\n\u2022 1 Snow Face Mask<br \/>\n\u2022 1 Serum Nano EGF (Factores de crecimiento)<br \/>\n\u2022 1 Renewal Boost Hydrojelly Mask<\/p>\n<p><span style=\"color: #000000;\"><strong>Schritt 1:<\/strong> <span style=\"text-decoration: underline; color: #993300;\"><a style=\"color: #993300; text-decoration: underline;\" href=\"https:\/\/swissbeautypro.com\/product\/enzyme-powder-includes-measuring-cup\/\">Enzyme Powder<\/a><\/span><\/span><\/p>\n<p class=\" translation-block\">Diese Maske enth\u00e4lt Argilerin, ein Hexapeptid 3 und 8, das auf der Ebene der neuromuskul\u00e4ren \nVerbindung wirkt und die Muskelkontraktion und die sich wiederholenden Bewegungen verringert. \nAuf diese Weise reduziert sie feine Mimikfalten. Au\u00dferdem enth\u00e4lt sie Allantoin, ein \nKeratolytikum, das die Zellregeneration f\u00f6rdert und feuchtigkeitsspendend wirkt.<\/p>\n<p class=\" translation-block\">Active ingredients:<br>\r\n\u2022 Papain<br>\r\n\u2022 Allantoin<\/p>\n<p><span style=\"color: #000000;\"><strong>Schritt 2:<\/strong> <span style=\"color: #993300;\"><a style=\"color: #993300; text-decoration: underline;\" href=\"https:\/\/swissbeautypro.com\/product\/snow-face-mask\/\">Snow Cream Face Mask<\/a><\/span><\/span><\/p>\n<p class=\" translation-block\">Die hohe Konzentration an Fetts\u00e4uren (Laurin- und Caprins\u00e4ure) und die Vitamine A, E und D, die \nin Sheabutter, Honig und Kokosnussextrakt enthalten sind, spenden der Haut viel Feuchtigkeit, \nsch\u00fctzen sie und verleihen ihr ein seidiges und strahlendes Aussehen. Ideal f\u00fcr empfindliche, \nintolerante Haut, Ekzeme und Schuppenflechte.<\/p>\n<p class=\" translation-block\">Dank ihrer leichten Textur erm\u00f6glicht sie auch aktivierende Massagen der verschiedenen Wirkstoffe und Lymphdrainage.<\/p>\n<p><strong><span style=\"color: #000000;\">Schritt 3:<\/span><\/strong> <span style=\"text-decoration: underline;\"><span style=\"color: #993300;\"><a style=\"color: #993300; text-decoration: underline;\" href=\"https:\/\/swissbeautypro.com\/product\/renewal-boost\/\">Renewal Boost Hydrojelly Mask<\/a><\/span><\/span><\/p>\n<p class=\" translation-block\">Ideale Maske f\u00fcr die Behandlung von Narben nach Akne, Peeling und Hauterneuerung sowie als \nAnti-Cellulite-Behandlung. Hilft bei der Erneuerung und Reparatur gesch\u00e4digter Zellen. Minimiert \ndas Erscheinungsbild von Aknenarben.<\/p>\n<p>Aktive Bestandteile:<\/p>\n<p class=\" translation-block\">\u2013 Cyanophyceae algae<br>\r\n\u2013 Spirulina<br>\r\n\u2013 Diamond Powder<\/p>\n<p><span style=\"color: #000000;\"><strong>Schritt 4:<\/strong> Nano EGF Cure Serum (Factores de crecimiento)<\/span><\/p>\n<p class=\" translation-block\">Wachstumsfaktoren erm\u00f6glichen die extrazellul\u00e4re Umstrukturierung der Hautmatrix. Sie haben \neine mitogene Kapazit\u00e4t auf eine Vielzahl von Epithelzellen und Fibroblasten. Sie stimulieren die \nTeilung von Keratinozyten und die Regeneration der Epidermis.<\/p>\n<p><strong><span style=\"color: #000000;\">Wie man sich bewirbt:<\/span><\/strong><\/p>\n<p><span style=\"color: #000000;\"><strong>Schritt 1:<\/strong><\/span><\/p>\n<p class=\" translation-block\">\u2022 Mischen Sie 2,5 g Enzympulver (1\/2 Meter) mit 5 ml Wasser (voller Meter).<br>\n\u2022 1 Minute lang schaumig r\u00fchren.<br>\n\u2022 Mit einem F\u00e4cherpinsel auf das gesamte Gesicht auftragen und einmassieren.<br>\n\u2022 7 Minuten einwirken lassen.<br>\n\u2022 Entfernen Sie das Produkt mit einem feuchten Tuch oder Gaze.<br>\n* Bei empfindlicher Haut 5 Minuten einwirken lassen und dann entfernen.<\/p>\n<p><strong><span style=\"color: #000000;\">Schritt 2:<\/span><\/strong><\/p>\n<p class=\" translation-block\">\u2022 Tragen Sie die gew\u00fcnschte Menge Snow Cream Face Mask auf die zu behandelnde Stelle auf.<br>\n\u2022 Massieren Sie die Creme in kreisenden Bewegungen ein und lassen Sie sie 5\u20137 Minuten einwirken.<br>\n\u2022 \u00dcbersch\u00fcsse mit einem Tuch oder Spachtel entfernen.<br>\n\u2022 Wischen Sie das Gesicht mit einem feuchten Tuch ab.<\/p>\n<p><strong><span style=\"color: #000000;\">Schritt 3:<\/span><\/strong><\/p>\n<p class=\" translation-block\">\u2022 Mischen Sie 50 g Renewal Boost Hydrojelly Mask mit 40 ml Wasser zu einer gelartigen \nKonsistenz. <br>\n\u2022 Tragen Sie die Mischung auf die zu behandelnde Haut auf und verteilen Sie sie gleichm\u00e4\u00dfig. \nAchten Sie darauf, eine dicke Schicht an den \u00e4u\u00dferen R\u00e4ndern der Maske zu hinterlassen. <br>\n\u2022 Lassen Sie die Maske 15 bis 20 Minuten einwirken. <br>\n\u2022 Heben Sie die R\u00e4nder an und entfernen Sie die Maske in einem Schritt.<\/p>\n<p><strong><span style=\"color: #000000;\">Schritt 4:<\/span><\/strong><\/p>\n<p class=\" translation-block\">Tragen Sie 3-4 Tropfen des Nano EGF Cure Serums auf die behandelte Stelle auf und massieren Sie \nes ein, bis es vollst\u00e4ndig eingezogen ist.<\/p>","protected":false},"excerpt":{"rendered":"<p><span style=\"color: #000000;\">Lieferung 2-3 Werktage<\/span><\/p>","protected":false},"featured_media":1658,"comment_status":"open","ping_status":"closed","template":"","meta":[],"product_cat":[132],"product_tag":[],"class_list":{"0":"post-1683","1":"product","2":"type-product","3":"status-publish","4":"has-post-thumbnail","6":"product_cat-post-acne-scars","8":"first","9":"outofstock","10":"taxable","11":"shipping-taxable","12":"product-type-simple"},"_links":{"self":[{"href":"https:\/\/swissbeautypro.com\/de\/wp-json\/wp\/v2\/product\/1683","targetHints":{"allow":["GET"]}}],"collection":[{"href":"https:\/\/swissbeautypro.com\/de\/wp-json\/wp\/v2\/product"}],"about":[{"href":"https:\/\/swissbeautypro.com\/de\/wp-json\/wp\/v2\/types\/product"}],"replies":[{"embeddable":true,"href":"https:\/\/swissbeautypro.com\/de\/wp-json\/wp\/v2\/comments?post=1683"}],"version-history":[{"count":8,"href":"https:\/\/swissbeautypro.com\/de\/wp-json\/wp\/v2\/product\/1683\/revisions"}],"predecessor-version":[{"id":2883,"href":"https:\/\/swissbeautypro.com\/de\/wp-json\/wp\/v2\/product\/1683\/revisions\/2883"}],"wp:featuredmedia":[{"embeddable":true,"href":"https:\/\/swissbeautypro.com\/de\/wp-json\/wp\/v2\/media\/1658"}],"wp:attachment":[{"href":"https:\/\/swissbeautypro.com\/de\/wp-json\/wp\/v2\/media?parent=1683"}],"wp:term":[{"taxonomy":"product_cat","embeddable":true,"href":"https:\/\/swissbeautypro.com\/de\/wp-json\/wp\/v2\/product_cat?post=1683"},{"taxonomy":"product_tag","embeddable":true,"href":"https:\/\/swissbeautypro.com\/de\/wp-json\/wp\/v2\/product_tag?post=1683"}],"curies":[{"name":"wp","href":"https:\/\/api.w.org\/{rel}","templated":true}]}}