{"id":1687,"date":"2024-05-06T16:21:30","date_gmt":"2024-05-06T16:21:30","guid":{"rendered":"https:\/\/swissbeautypro.com\/?post_type=product&#038;p=1687"},"modified":"2024-09-11T22:54:26","modified_gmt":"2024-09-11T22:54:26","slug":"brightening-shining-roses-protocol","status":"publish","type":"product","link":"https:\/\/swissbeautypro.com\/de\/produkt\/brightening-shining-roses-protocol\/","title":{"rendered":"AUFHELLENDES &amp; LEUCHTENDES ROSEN-PROTOKOLL"},"content":{"rendered":"<p>\u2022 1 Enzyme Powder<br \/>\n\u2022 1 Rose Face Mask<br \/>\n\u2022 1 Egyptian Rose Hydrojelly Mask<br \/>\n\u2022 1 Serum Vitamin C<\/p>\n<p><span style=\"color: #000000;\"><strong>Schritt 1: <\/strong><span style=\"text-decoration: underline;\"><span style=\"color: #993300;\"><a style=\"color: #993300; text-decoration: underline;\" href=\"https:\/\/swissbeautypro.com\/product\/enzyme-powder-includes-measuring-cup\/\">Enzyme Powder<\/a><\/span><\/span><\/span><\/p>\n<p class=\" translation-block\">Diese Maske enth\u00e4lt Argilerin, ein Hexapeptid 3 und 8, das auf der Ebene der neuromuskul\u00e4ren \nVerbindung wirkt und die Muskelkontraktion und die sich wiederholenden Bewegungen verringert. \nAuf diese Weise reduziert sie feine Mimikfalten. Au\u00dferdem enth\u00e4lt sie Allantoin, ein \nKeratolytikum, das die Zellregeneration f\u00f6rdert und feuchtigkeitsspendend wirkt.<\/p>\n<p class=\" translation-block\">Active ingredients:<br>\r\n\u2022 Papain<br>\r\n\u2022 Allantoin<\/p>\n<p><span style=\"color: #000000;\"><strong>Schritt 2: <\/strong><span style=\"text-decoration: underline; color: #993300;\"><a style=\"color: #993300; text-decoration: underline;\" href=\"https:\/\/swissbeautypro.com\/product\/rose-face-mask\/\">Rose Cream Face Mask<\/a><\/span><\/span><\/p>\n<p class=\" translation-block\">Enth\u00e4lt Rosenknospen, Damaszener Rosenwasser, Rosa Gallica, Teepflanze (Camellia Sinensis), \nBio-Granatapfel und japanisches Basilikum; reich an Antioxidantien und den Vitaminen A, C, D \nund E, die der Haut Feuchtigkeit spenden, sie revitalisieren und aufhellen und feine Linien und \nR\u00f6tungen minimieren.<\/p>\n<p><span style=\"color: #000000;\"><strong>Schritt 3: <\/strong><span style=\"color: #993300;\"><a style=\"color: #993300; text-decoration: underline;\" href=\"https:\/\/swissbeautypro.com\/product\/egyptian-rose\/\">Egyptian Rose Hydrojelly Mask<\/a><\/span><\/span><\/p>\n<p class=\" translation-block\">Enth\u00e4lt acht Arten von Rosenbl\u00e4ttern, reich an Vitamin C f\u00fcr ihre antioxidative Wirkung. Spendet \nFeuchtigkeit, beleuchtet, depigmentiert und sch\u00fctzt die Haut vor Austrocknung und \nVerschmutzung<\/p>\n<p class=\" translation-block\">Active ingredients:<br>\r\n\u2022 Organic powder of petal buds and buds of Egyptian roses.<\/p>\n<p><strong><span style=\"color: #000000;\">Schritt 4: <\/span><\/strong><span style=\"text-decoration: underline;\"><span style=\"color: #993300;\"><a style=\"color: #993300; text-decoration: underline;\" href=\"https:\/\/swissbeautypro.com\/product\/vitamin-c-serum\/\">Vitamin C Cure Serum<\/a><\/span><\/span><\/p>\n<p>Serum auf Vitamin-C-Basis, ideal zur Versiegelung der antioxidativen Behandlung.<\/p>\n<p><strong>Wie man sich bewirbt:<\/strong><\/p>\n<p><strong><span style=\"color: #000000;\">Schritt 1:<\/span><\/strong><\/p>\n<p class=\" translation-block\">\u2022 Mischen Sie 2,5 g Enzympulver (1\/2 Meter) mit 5 ml Wasser (voller Meter).<br>\n\u2022 1 Minute lang schaumig r\u00fchren.<br>\n\u2022 Mit einem F\u00e4cherpinsel auf das gesamte Gesicht auftragen und einmassieren.<br>\n\u2022 7 Minuten einwirken lassen.<br>\n\u2022 Entfernen Sie das Produkt mit einem feuchten Tuch oder Gaze.<br>\n* Bei empfindlicher Haut 5 Minuten einwirken lassen und dann entfernen.<\/p>\n<p><strong><span style=\"color: #000000;\">Schritt 2:<\/span><\/strong><\/p>\n<p class=\" translation-block\">\u2022 Tragen Sie die gew\u00fcnschte Menge der Rose Cream Face Mask auf die zu behandelnde Stelle auf.<br>\n\u2022 Massieren Sie die Creme mit kreisenden Bewegungen ein und lassen Sie sie 5-7 Minuten einwirken.<br>\n\u2022 \u00dcbersch\u00fcsse mit einem Tuch oder Spachtel entfernen.<br>\n\u2022 Wischen Sie das Gesicht mit einem feuchten Tuch ab.<\/p>\n<p><span style=\"color: #000000;\"><strong>Schritt 3:<\/strong><\/span><\/p>\n<p class=\" translation-block\">\u2022 Mischen Sie 50 g Egyptian Rose Hydrojelly Mask mit 40 ml Wasser, bis eine gelartige \nKonsistenz entsteht. <br>\n\u2022 Tragen Sie die Mischung auf die zu behandelnde Haut auf und verteilen Sie sie gleichm\u00e4\u00dfig. \nAchten Sie darauf, eine dicke Schicht an den \u00e4u\u00dferen R\u00e4ndern der Maske zu hinterlassen.<br> \n\u2022 Lassen Sie die Maske 15 bis 20 Minuten einwirken. <br>\n\u2022 Heben Sie die R\u00e4nder an und entfernen Sie die Maske in einem Schritt.<\/p>\n<p><strong><span style=\"color: #000000;\">Schritt 4:<\/span><\/strong><\/p>\n<p class=\" translation-block\">3-4 Tropfen des Vitamin Cure Serums auf die zu behandelnde Stelle auftragen und einmassieren, \nbis es vollst\u00e4ndig eingezogen ist.<\/p>","protected":false},"excerpt":{"rendered":"<p><span style=\"color: #000000;\">Lieferung 2-3 Werktage<\/span><\/p>","protected":false},"featured_media":1662,"comment_status":"open","ping_status":"closed","template":"","meta":[],"product_cat":[133],"product_tag":[],"class_list":{"0":"post-1687","1":"product","2":"type-product","3":"status-publish","4":"has-post-thumbnail","6":"product_cat-brightening-shining-roses","8":"first","9":"outofstock","10":"taxable","11":"shipping-taxable","12":"product-type-simple"},"_links":{"self":[{"href":"https:\/\/swissbeautypro.com\/de\/wp-json\/wp\/v2\/product\/1687","targetHints":{"allow":["GET"]}}],"collection":[{"href":"https:\/\/swissbeautypro.com\/de\/wp-json\/wp\/v2\/product"}],"about":[{"href":"https:\/\/swissbeautypro.com\/de\/wp-json\/wp\/v2\/types\/product"}],"replies":[{"embeddable":true,"href":"https:\/\/swissbeautypro.com\/de\/wp-json\/wp\/v2\/comments?post=1687"}],"version-history":[{"count":8,"href":"https:\/\/swissbeautypro.com\/de\/wp-json\/wp\/v2\/product\/1687\/revisions"}],"predecessor-version":[{"id":2882,"href":"https:\/\/swissbeautypro.com\/de\/wp-json\/wp\/v2\/product\/1687\/revisions\/2882"}],"wp:featuredmedia":[{"embeddable":true,"href":"https:\/\/swissbeautypro.com\/de\/wp-json\/wp\/v2\/media\/1662"}],"wp:attachment":[{"href":"https:\/\/swissbeautypro.com\/de\/wp-json\/wp\/v2\/media?parent=1687"}],"wp:term":[{"taxonomy":"product_cat","embeddable":true,"href":"https:\/\/swissbeautypro.com\/de\/wp-json\/wp\/v2\/product_cat?post=1687"},{"taxonomy":"product_tag","embeddable":true,"href":"https:\/\/swissbeautypro.com\/de\/wp-json\/wp\/v2\/product_tag?post=1687"}],"curies":[{"name":"wp","href":"https:\/\/api.w.org\/{rel}","templated":true}]}}