{"id":1695,"date":"2024-05-06T16:39:58","date_gmt":"2024-05-06T16:39:58","guid":{"rendered":"https:\/\/swissbeautypro.com\/?post_type=product&#038;p=1695"},"modified":"2024-09-11T22:54:24","modified_gmt":"2024-09-11T22:54:24","slug":"post-treatment-intensive-protocol","status":"publish","type":"product","link":"https:\/\/swissbeautypro.com\/de\/produkt\/post-treatment-intensive-protocol\/","title":{"rendered":"NACHBEHANDLUNGS-INTENSIV-PROTOKOLL"},"content":{"rendered":"<p>\u2022 1 Enzyme Powder<br \/>\n\u2022 1 Intensive Aftercare Or Blue Glacier Cryo Hydrojelly Mask<br \/>\n\u2022 1 Serum Peptide<\/p>\n<p><strong><span style=\"color: #000000;\">Schritt 1:<\/span><\/strong> <span style=\"color: #993300;\"><a style=\"color: #993300; text-decoration: underline;\" href=\"https:\/\/swissbeautypro.com\/product\/enzyme-powder-includes-measuring-cup\/\">Enzyme Powder<\/a><\/span><\/p>\n<p class=\" translation-block\">Diese Maske enth\u00e4lt Argilerin, ein Hexapeptid 3 und 8, das auf der Ebene der neuromuskul\u00e4ren \nVerbindung wirkt und die Muskelkontraktion und die sich wiederholenden Bewegungen verringert. \nAuf diese Weise reduziert sie feine Mimikfalten. Au\u00dferdem enth\u00e4lt sie Allantoin, ein \nKeratolytikum, das die Zellregeneration f\u00f6rdert und feuchtigkeitsspendend wirkt.<\/p>\n<p>Aktive Bestandteile:<\/p>\n<p>\u2022 Papain<br \/>\n\u2022 Allantoin<\/p>\n<p><strong><span style=\"color: #000000;\">Schritt 2:<\/span><\/strong> <span style=\"color: #000000;\"><span style=\"color: #993300;\"><a style=\"color: #993300; text-decoration: underline;\" href=\"https:\/\/swissbeautypro.com\/product\/intensive-aftercare\/\">Intensive aftercare<\/a><\/span> ODER <span style=\"text-decoration: underline;\"><span style=\"color: #993300;\"><a style=\"color: #993300; text-decoration: underline;\" href=\"https:\/\/swissbeautypro.com\/product\/blue-glacier-cryo-hydrojelly\/\">Blue Glacier Hydrojelly Mask<\/a><\/span><\/span><\/span><\/p>\n<p class=\" translation-block\">Nach abrasiven oder irritierenden Eingriffen wie Laser, Extraktionen, Dermapen oder Microneedling und<br>\nPeeling.<\/p>\n<p class=\" translation-block\">Die Intensive Aftercare Maske enth\u00e4lt Traubenextrakt, Bromelain-Extrakt und Lavendelbl\u00fctenExtrakt. Sie hat eine schmerzlindernde und entz\u00fcndungshemmende Wirkung. Sie hilft, R\u00f6tungen zu \nreduzieren.<\/p>\n<p class=\" translation-block\">Die Blue Glacier Hydrojelly Maske enth\u00e4lt Xylitol, Gletschererde, Centella Asiatica und Kokosnuss\u00f6l. Sie erzeugt eine endothermische Reaktion zwischen 1 und 3 \u00b0C, die Entz\u00fcndungen lindert und reduziert, die Haut strafft und das Erscheinungsbild vergr\u00f6\u00dferter Poren verringert.<\/p>\n<p><strong><span style=\"color: #000000;\">Schritt 3:<\/span><\/strong> <span style=\"color: #993300;\"><a style=\"color: #993300; text-decoration: underline;\" href=\"https:\/\/swissbeautypro.com\/product\/peptide-serum\/\">Peptide Cure Serum<\/a><\/span><\/p>\n<p class=\" translation-block\">Serum auf der Basis von Wirkstoffen, die die Synthese von Kollagen und Hyalurons\u00e4ure \nstimulieren und so die Spannkraft und Elastizit\u00e4t der Haut verbessern. Enth\u00e4lt Allantoin, Argilerin, \nHyalurons\u00e4ure und Avocadoextrakt.<\/p>\n<p><span style=\"color: #000000;\"><strong>Wie man sich bewirbt:<\/strong><\/span><\/p>\n<p><strong><span style=\"color: #000000;\">Schritt 1:<\/span><\/strong><\/p>\n<p class=\" translation-block\">\u2022 Mischen Sie 2,5 g Enzympulver (1\/2 Meter) mit 5 ml Wasser (voller Meter).<br>\n\u2022 1 Minute lang schaumig r\u00fchren.<br>\n\u2022 Mit einem F\u00e4cherpinsel auf das gesamte Gesicht auftragen und einmassieren.<br>\n\u2022 7 Minuten einwirken lassen.<br>\n\u2022 Entfernen Sie das Produkt mit einem feuchten Tuch oder Gaze.<br>\n* Bei empfindlicher Haut 5 Minuten einwirken lassen und dann entfernen.<\/p>\n<p><strong><span style=\"color: #000000;\">Schritt 2:<\/span><\/strong><\/p>\n<p class=\" translation-block\">\u2022 Mischen Sie 50 g der Intensive Aftercare \u00d3 Blue Glacier Hydrojelly Mask mit 40 ml Wasser \nzu einer gelartigen Konsistenz. <br>\n\u2022 Bewerben auf der Oberfl\u00e4che der Haut behandelt werden, die Verteilung der Mischung \ngleichm\u00e4\u00dfig. Achten Sie darauf, eine dicke Schicht an den \u00e4u\u00dferen R\u00e4ndern der Maske zu \nhinterlassen. <br>\n\u2022 Lassen Sie die Maske 15 bis 20 Minuten einwirken. <br>\n\u2022 Heben Sie die R\u00e4nder an und entfernen Sie die Maske in einem Schritt.<\/p>\n<p><strong><span style=\"color: #000000;\">Schritt 3:<\/span><\/strong><\/p>\n<p class=\" translation-block\">Tragen Sie 3-4 Tropfen des Peptide Cure Serum auf die zu behandelnde Stelle auf und massieren \nSie es ein, bis es vollst\u00e4ndig eingezogen ist.<\/p>","protected":false},"excerpt":{"rendered":"<p><span style=\"color: #000000;\">Lieferung 2-3 Werktage<\/span><\/p>","protected":false},"featured_media":1696,"comment_status":"open","ping_status":"closed","template":"","meta":[],"product_cat":[135],"product_tag":[],"class_list":{"0":"post-1695","1":"product","2":"type-product","3":"status-publish","4":"has-post-thumbnail","6":"product_cat-post-treatment-intensive","8":"first","9":"outofstock","10":"taxable","11":"shipping-taxable","12":"product-type-simple"},"_links":{"self":[{"href":"https:\/\/swissbeautypro.com\/de\/wp-json\/wp\/v2\/product\/1695","targetHints":{"allow":["GET"]}}],"collection":[{"href":"https:\/\/swissbeautypro.com\/de\/wp-json\/wp\/v2\/product"}],"about":[{"href":"https:\/\/swissbeautypro.com\/de\/wp-json\/wp\/v2\/types\/product"}],"replies":[{"embeddable":true,"href":"https:\/\/swissbeautypro.com\/de\/wp-json\/wp\/v2\/comments?post=1695"}],"version-history":[{"count":7,"href":"https:\/\/swissbeautypro.com\/de\/wp-json\/wp\/v2\/product\/1695\/revisions"}],"predecessor-version":[{"id":2880,"href":"https:\/\/swissbeautypro.com\/de\/wp-json\/wp\/v2\/product\/1695\/revisions\/2880"}],"wp:featuredmedia":[{"embeddable":true,"href":"https:\/\/swissbeautypro.com\/de\/wp-json\/wp\/v2\/media\/1696"}],"wp:attachment":[{"href":"https:\/\/swissbeautypro.com\/de\/wp-json\/wp\/v2\/media?parent=1695"}],"wp:term":[{"taxonomy":"product_cat","embeddable":true,"href":"https:\/\/swissbeautypro.com\/de\/wp-json\/wp\/v2\/product_cat?post=1695"},{"taxonomy":"product_tag","embeddable":true,"href":"https:\/\/swissbeautypro.com\/de\/wp-json\/wp\/v2\/product_tag?post=1695"}],"curies":[{"name":"wp","href":"https:\/\/api.w.org\/{rel}","templated":true}]}}