{"id":1700,"date":"2024-05-06T16:58:56","date_gmt":"2024-05-06T16:58:56","guid":{"rendered":"https:\/\/swissbeautypro.com\/?post_type=product&#038;p=1700"},"modified":"2024-09-11T22:54:23","modified_gmt":"2024-09-11T22:54:23","slug":"post-hyperchromia-treatment-protocol","status":"publish","type":"product","link":"https:\/\/swissbeautypro.com\/de\/produkt\/post-hyperchromia-treatment-protocol\/","title":{"rendered":"BEHANDLUNGSPROTOKOLL NACH HYPERCHROMIE"},"content":{"rendered":"<p>Geeignet f\u00fcr empfindliche Haut<br \/>\n\u2022 1 Enzyme Powder<br \/>\n\u2022 1 Vitamin Face Mask<br \/>\n\u2022 1 Discoloration Alpha Alburtin Hydrojelly Mask<br \/>\n\u2022 Vitamin C Serum<\/p>\n<p><strong><span style=\"color: #000000;\">Schritt 1:<\/span><\/strong> <span style=\"color: #993300;\"><a style=\"color: #993300; text-decoration: underline;\" href=\"https:\/\/swissbeautypro.com\/product\/enzyme-powder-includes-measuring-cup\/\">Enzyme<\/a> <a style=\"color: #993300; text-decoration: underline;\" href=\"https:\/\/swissbeautypro.com\/product\/enzyme-powder-includes-measuring-cup\/\">Powder<\/a><\/span><\/p>\n<p class=\" translation-block\">Dieser Schritt ist unerl\u00e4sslich, um die Haut vor jedem medizinisch-\u00e4sthetischen Eingriff \nvorzubereiten. Er hilft, die Haut tief zu reinigen und die Poren zu erweitern, um alle Unreinheiten, \neinschlie\u00dflich Cremes und Make-up, zu entfernen. Dar\u00fcber hinaus bewirken die enzymatischen \nBestandteile ein oberfl\u00e4chliches Peeling der Hornschicht, das abgestorbene Zellen entfernt.<\/p>\n<p class=\" translation-block\">Active ingredients:<br>\r\n\u2022 Papain<br>\r\n\u2022 Allantoin<\/p>\n<p><span style=\"color: #000000;\"><strong>Schritt 2: <\/strong><span style=\"text-decoration: underline;\"><span style=\"color: #993300;\"><a style=\"color: #993300; text-decoration: underline;\" href=\"https:\/\/swissbeautypro.com\/product\/vitamin-face-mask\/\">Vitamin Cream Face Mask<\/a><\/span><\/span><\/span><\/p>\n<p class=\" translation-block\">Der Wirkmechanismus von Alpha-Arbutin besteht darin, die Tyrosinase-Aktivit\u00e4t zu hemmen und \nso den Pigmentierungsprozess zu verlangsamen, indem die Hyperpigmentierung der Haut \nschrittweise beseitigt wird. Zusammen mit der Grapefruit, einer Frucht, die reich an Vitamin C, B2, \nB3, Kalium, Kalzium, Eisen, Phosphor, Magnesium und Mineralien ist, hellt sie die Haut auf, macht \nsie weich und verleiht ihr einen strahlenden Effekt.<\/p>\n<p>Aktive Bestandteile:<\/p>\n<p class=\" translation-block\">\u2022 Arbutin <br>\n\u2022 Grapefruit<\/p>\n<p><strong><span style=\"color: #000000;\">Schritt 3:<\/span><\/strong> <span style=\"color: #993300;\"><a style=\"color: #993300; text-decoration: underline;\" href=\"https:\/\/swissbeautypro.com\/product\/discoloration-alpha-arbutin-hydrojelly\/\">Discolouration Alpha Alburtin Hydrojelly Mask<\/a><\/span><\/p>\n<p class=\" translation-block\">Ideal f\u00fcr die Behandlung der kutanen Hyperpigmentierung auf empfindlicher Haut, ohne die \nHautempfindlichkeit zu erh\u00f6hen, und wirkt der irritierenden oder allergenen Wirkung auf die \nMelanozyten entgegen. Glutathion sch\u00fctzt die Zellen vor Oxidation, bek\u00e4mpft freie Radikale und \nhemmt die Melaninsynthese. <br>\n\u2022 Alpha-Arbutin \n<br> \n\u2022 Glutathion<\/p>\n<p><span style=\"color: #000000;\"><strong>\u00a0Schritt 4:<\/strong> <span style=\"color: #993300;\"><a style=\"color: #993300; text-decoration: underline;\" href=\"https:\/\/swissbeautypro.com\/product\/vitamin-c-serum\/\">Vitamin C Cure Serum<\/a><\/span><\/span><\/p>\n<p>Serum auf Vitamin-C-Basis, ideal zur Versiegelung der antioxidativen Behandlung.<\/p>\n<p><strong><span style=\"color: #000000;\">Wie man sich bewirbt:<\/span><\/strong><\/p>\n<p><strong><span style=\"color: #000000;\">Schritt 1:<\/span><\/strong><\/p>\n<p class=\" translation-block\">\u2022 Mischen Sie 2,5 g Enzympulver (1\/2 Meter) mit 5 ml Wasser (voller Meter).<br>\n\u2022 1 Minute lang schaumig r\u00fchren.<br>\n\u2022 Mit einem F\u00e4cherpinsel auf das gesamte Gesicht auftragen und einmassieren.<br>\n\u2022 7 Minuten einwirken lassen.<br>\n\u2022 Entfernen Sie das Produkt mit einem feuchten Tuch oder Gaze.<br>\n\u2022 * Bei empfindlicher Haut 5 Minuten einwirken lassen und dann entfernen.<\/p>\n<p><strong><span style=\"color: #000000;\">Schritt 2:<\/span><\/strong><\/p>\n<p class=\" translation-block\">\u2022 Tragen Sie die gew\u00fcnschte Menge der Vitamin-Gesichtsmaske auf die zu behandelnde Stelle \nauf.<br>\n\u2022 Massieren Sie die Creme mit kreisenden Bewegungen ein und lassen Sie sie 5-7 Minuten \neinwirken.<br>\n\u2022 Entfernen Sie den \u00dcberschuss mit einem Tuch oder Spatel.<br>\n\u2022 Wischen Sie das Gesicht mit einem feuchten Tuch ab<\/p>\n<p><strong><span style=\"color: #000000;\">Schritt 3:<\/span><\/strong><\/p>\n<p class=\" translation-block\">\u2022 Mischen Sie 50 g Discoloration Alpha Arbutin Hydrojelly Mask mit 40 ml Wasser zu einer \ngelartigen Konsistenz. <br>\n\u2022 Tragen Sie die Mischung auf die zu behandelnde Haut auf und verteilen Sie sie gleichm\u00e4\u00dfig. \nAchten Sie darauf, eine dicke Schicht an den \u00e4u\u00dferen R\u00e4ndern der Maske zu hinterlassen. <br>\n\u2022 Lassen Sie die Maske 15 bis 20 Minuten einwirken. <br>\n\u2022 Heben Sie die R\u00e4nder an und entfernen Sie die Maske in einem Schritt.<\/p>\n<p><strong><span style=\"color: #000000;\">Schritt 4:<\/span><\/strong><\/p>\n<p class=\" translation-block\">3-4 Tropfen des Vitamin C Cure Serums auf die zu behandelnde Stelle auftragen und einmassieren, bis es vollst\u00e4ndig eingezogen ist.<\/p>","protected":false},"excerpt":{"rendered":"<p><span style=\"color: #000000;\">Lieferung 2-3 Werktage<\/span><\/p>","protected":false},"featured_media":1659,"comment_status":"open","ping_status":"closed","template":"","meta":[],"product_cat":[136],"product_tag":[],"class_list":{"0":"post-1700","1":"product","2":"type-product","3":"status-publish","4":"has-post-thumbnail","6":"product_cat-post-hyperchromia-treatment","8":"first","9":"outofstock","10":"taxable","11":"shipping-taxable","12":"product-type-simple"},"_links":{"self":[{"href":"https:\/\/swissbeautypro.com\/de\/wp-json\/wp\/v2\/product\/1700","targetHints":{"allow":["GET"]}}],"collection":[{"href":"https:\/\/swissbeautypro.com\/de\/wp-json\/wp\/v2\/product"}],"about":[{"href":"https:\/\/swissbeautypro.com\/de\/wp-json\/wp\/v2\/types\/product"}],"replies":[{"embeddable":true,"href":"https:\/\/swissbeautypro.com\/de\/wp-json\/wp\/v2\/comments?post=1700"}],"version-history":[{"count":6,"href":"https:\/\/swissbeautypro.com\/de\/wp-json\/wp\/v2\/product\/1700\/revisions"}],"predecessor-version":[{"id":2878,"href":"https:\/\/swissbeautypro.com\/de\/wp-json\/wp\/v2\/product\/1700\/revisions\/2878"}],"wp:featuredmedia":[{"embeddable":true,"href":"https:\/\/swissbeautypro.com\/de\/wp-json\/wp\/v2\/media\/1659"}],"wp:attachment":[{"href":"https:\/\/swissbeautypro.com\/de\/wp-json\/wp\/v2\/media?parent=1700"}],"wp:term":[{"taxonomy":"product_cat","embeddable":true,"href":"https:\/\/swissbeautypro.com\/de\/wp-json\/wp\/v2\/product_cat?post=1700"},{"taxonomy":"product_tag","embeddable":true,"href":"https:\/\/swissbeautypro.com\/de\/wp-json\/wp\/v2\/product_tag?post=1700"}],"curies":[{"name":"wp","href":"https:\/\/api.w.org\/{rel}","templated":true}]}}