{"id":1702,"date":"2024-05-06T17:06:17","date_gmt":"2024-05-06T17:06:17","guid":{"rendered":"https:\/\/swissbeautypro.com\/?post_type=product&#038;p=1702"},"modified":"2024-09-11T22:54:22","modified_gmt":"2024-09-11T22:54:22","slug":"facial-rejuvenation-protocol","status":"publish","type":"product","link":"https:\/\/swissbeautypro.com\/de\/produkt\/facial-rejuvenation-protocol\/","title":{"rendered":"PROTOKOLL ZUR GESICHTSVERJ\u00dcNGUNG"},"content":{"rendered":"<p class=\" translation-block\">Das Gesichtsverj\u00fcngung Protokoll ist zur Behandlung der Zeichen der Hautalterung angezeigt. Seine Wirkstoffe wirken regenerierend, antioxidativ, festigend und straffend.<\/p>\n<p><strong><span style=\"color: #000000;\">Enth\u00e4lt:<\/span><\/strong><\/p>\n<p>\u2022 1 Enzyme Powder<br \/>\n\u2022 1 Contouring Face Mask<br \/>\n\u2022 1 Skin Warrior Ageless<br \/>\n\u2022 1 Cure Peptide Serum<\/p>\n<p><strong><span style=\"color: #000000;\">Schritt 1:<\/span><\/strong> <span style=\"color: #993300;\"><a style=\"color: #993300; text-decoration: underline;\" href=\"https:\/\/swissbeautypro.com\/product\/enzyme-powder-includes-measuring-cup\/\">Enzyme Powder<\/a><\/span><\/p>\n<p class=\" translation-block\">Diese Maske enth\u00e4lt Argilerin, ein Hexapeptid 3 und 8, das auf der Ebene der neuromuskul\u00e4ren \nVerbindung wirkt und die Muskelkontraktion und die sich wiederholenden Bewegungen verringert. \nAuf diese Weise reduziert sie feine Mimikfalten. Au\u00dferdem enth\u00e4lt sie Allantoin, ein \nKeratolytikum, das die Zellregeneration f\u00f6rdert und feuchtigkeitsspendend wirkt.<\/p>\n<p class=\" translation-block\">Active ingredients:<br>\r\n\u2022 Papain<br>\r\n\u2022 Allantoin<\/p>\n<p><span style=\"color: #000000;\"><strong>Schritt 2:<\/strong> <span style=\"color: #993300;\"><a style=\"color: #993300; text-decoration: underline;\" href=\"https:\/\/swissbeautypro.com\/product\/contouring-face-mask\/\">Contouring Face Mask<\/a><\/span><\/span><\/p>\n<p class=\" translation-block\">Diese Maske enth\u00e4lt Argilerin, ein Hexapeptid 3 und 8, das auf der Ebene der neuromuskul\u00e4ren \nVerbindung wirkt und die Muskelkontraktion und die sich wiederholenden Bewegungen verringert. \nAuf diese Weise reduziert sie feine Mimikfalten. Au\u00dferdem enth\u00e4lt sie Allantoin, ein \nKeratolytikum, das die Zellregeneration f\u00f6rdert und feuchtigkeitsspendend wirkt.<\/p>\n<p><span style=\"color: #000000;\"><strong>Schritt 3:<\/strong> <span style=\"text-decoration: underline;\"><span style=\"color: #993300;\"><a style=\"color: #993300; text-decoration: underline;\" href=\"https:\/\/swissbeautypro.com\/product\/skin-warrior-ageless\/\">Skin Warrior Agels Hydrojelly Mask<\/a><\/span><\/span><\/span><\/p>\n<p class=\" translation-block\">Es enth\u00e4lt eine erfrischende Formel mit Ginseng, der f\u00fcr seine beruhigenden und \nfeuchtigkeitsspendenden Eigenschaften bekannt ist, sowie Lotusbl\u00fcten, die Fetts\u00e4uren, Flavonoide \nund Proteine enthalten, die zur St\u00e4rkung des Bindegewebes beitragen und die Haut glatt und weich \nhalten. Au\u00dferdem enth\u00e4lt es Coenzym Q10, ein starkes Antioxidans, das hilft, die Wirkung freier \nRadikale zu neutralisieren und oxidativen Stress zu reduzieren.<\/p>\n<p><strong><span style=\"color: #000000;\">Schritt 4:<\/span><\/strong> <span style=\"color: #993300;\"><a style=\"color: #993300; text-decoration: underline;\" href=\"https:\/\/swissbeautypro.com\/product\/peptide-serum\/\">Peptide Cure Serum<\/a><\/span><\/p>\n<p class=\" translation-block\">Serum auf der Basis von Wirkstoffen, die die Synthese von Kollagen und Hyalurons\u00e4ure \nstimulieren und so die Spannkraft und Elastizit\u00e4t der Haut verbessern. Enth\u00e4lt Allantoin, Argilerin, \nHyalurons\u00e4ure und Avocadoextrakt.<\/p>\n<p><strong><span style=\"color: #000000;\">Wie man sich bewirbt:<\/span><\/strong><\/p>\n<p><span style=\"color: #000000;\"><strong>Schritt 1:<\/strong><\/span><\/p>\n<p class=\" translation-block\">\u2022 Mischen Sie 2,5 g Enzympulver (1\/2 Messbecher) mit 5 ml Wasser (voller Messbecher).<br>\n\u2022 1 Minute lang schaumig r\u00fchren.<br>\n\u2022 Mit einem F\u00e4cherpinsel auf das gesamte Gesicht auftragen und einmassieren.<br>\n\u2022 7 Minuten einwirken lassen.<br>\n\u2022 Entfernen Sie das Produkt mit einem feuchten Tuch oder Gaze.<br>\n* Bei empfindlicher Haut 5 Minuten einwirken lassen und entfernen.<\/p>\n<p><strong><span style=\"color: #000000;\">Schritt 2:<\/span><\/strong><\/p>\n<p class=\" translation-block\">Mischen Sie 5 g Contouring Face Mask (volle Menge) mit 2,5 ml Wasser (1\/2 Menge), bis \neine fl\u00fcssige Konsistenz erreicht ist. <br>\n\u2022 Tragen Sie das Produkt auf Gesicht und Hals aufsteigend auf und gehen Sie dabei \u00fcber \nMimikfalten auf: Stirn, zwischen den Augenbrauen, vertikale Lippenlinien, periorbikul\u00e4re \nLinien und Gesichtsfalten (Nasojugalfalten, Nasolabialfalten, Nasogenitalfalten). <br>\n\u2022 Trocknen lassen und 10 Minuten lang einwirken lassen. <br>\n\u2022 Das Gesicht anfeuchten, bis die Spannung nachl\u00e4sst, dann mit einem feuchten Tuch oder \nGaze abnehmen.<\/p>\n<p><strong><span style=\"color: #000000;\">Schritt 3:<\/span><\/strong><\/p>\n<p class=\" translation-block\">\u2022 Mischen Sie 50 g Skin Warrior Ageless Hydrojelly Mask mit 40 ml Wasser zu einer \ngelartigen Konsistenz. <br>\n\u2022 Tragen Sie die Mischung auf die zu behandelnde Haut auf und verteilen Sie sie gleichm\u00e4\u00dfig. \nAchten Sie darauf, eine dicke Schicht an den \u00e4u\u00dferen R\u00e4ndern der Maske zu hinterlassen. <br>\n\u2022 Lassen Sie die Maske 15 bis 20 Minuten einwirken. <br>\n\u2022 Heben Sie die R\u00e4nder an und entfernen Sie die Maske in einem Schritt.<\/p>\n<p><strong><span style=\"color: #000000;\">Schritt 4:<\/span><\/strong><\/p>\n<p>3-4 Tropfen auf die behandelte Stelle auftragen und einmassieren, bis sie vollst\u00e4ndig eingezogen \nsind<\/p>\n<p><em><strong><span style=\"color: #000000;\">*Sie k\u00f6nnen das Serum mit galvanischem Strom oder Hochfrequenzger\u00e4ten durchdringen.<\/span><\/strong><\/em><\/p>","protected":false},"excerpt":{"rendered":"<p><span style=\"color: #000000;\">Lieferung 2-3 Werktage<\/span><\/p>","protected":false},"featured_media":1665,"comment_status":"open","ping_status":"closed","template":"","meta":[],"product_cat":[137],"product_tag":[],"class_list":{"0":"post-1702","1":"product","2":"type-product","3":"status-publish","4":"has-post-thumbnail","6":"product_cat-facial-rejuvenation","8":"first","9":"outofstock","10":"taxable","11":"shipping-taxable","12":"product-type-simple"},"_links":{"self":[{"href":"https:\/\/swissbeautypro.com\/de\/wp-json\/wp\/v2\/product\/1702","targetHints":{"allow":["GET"]}}],"collection":[{"href":"https:\/\/swissbeautypro.com\/de\/wp-json\/wp\/v2\/product"}],"about":[{"href":"https:\/\/swissbeautypro.com\/de\/wp-json\/wp\/v2\/types\/product"}],"replies":[{"embeddable":true,"href":"https:\/\/swissbeautypro.com\/de\/wp-json\/wp\/v2\/comments?post=1702"}],"version-history":[{"count":6,"href":"https:\/\/swissbeautypro.com\/de\/wp-json\/wp\/v2\/product\/1702\/revisions"}],"predecessor-version":[{"id":2877,"href":"https:\/\/swissbeautypro.com\/de\/wp-json\/wp\/v2\/product\/1702\/revisions\/2877"}],"wp:featuredmedia":[{"embeddable":true,"href":"https:\/\/swissbeautypro.com\/de\/wp-json\/wp\/v2\/media\/1665"}],"wp:attachment":[{"href":"https:\/\/swissbeautypro.com\/de\/wp-json\/wp\/v2\/media?parent=1702"}],"wp:term":[{"taxonomy":"product_cat","embeddable":true,"href":"https:\/\/swissbeautypro.com\/de\/wp-json\/wp\/v2\/product_cat?post=1702"},{"taxonomy":"product_tag","embeddable":true,"href":"https:\/\/swissbeautypro.com\/de\/wp-json\/wp\/v2\/product_tag?post=1702"}],"curies":[{"name":"wp","href":"https:\/\/api.w.org\/{rel}","templated":true}]}}