{"id":1704,"date":"2024-05-06T17:08:46","date_gmt":"2024-05-06T17:08:46","guid":{"rendered":"https:\/\/swissbeautypro.com\/?post_type=product&#038;p=1704"},"modified":"2024-09-11T22:54:21","modified_gmt":"2024-09-11T22:54:21","slug":"summer-protocol","status":"publish","type":"product","link":"https:\/\/swissbeautypro.com\/de\/produkt\/summer-protocol\/","title":{"rendered":"SOMMERPROTOKOLL"},"content":{"rendered":"<p><span style=\"color: #000000;\"><strong>Enth\u00e4lt: <\/strong><\/span><\/p>\n<p>&#8211; 1 Enzyme Powder<\/p>\n<p>&#8211; 1 Vitamin Cream Face Mask<\/p>\n<p>&#8211; 1 Illuminating Orange Hydrojelly Mask<\/p>\n<p>&#8211; 1 Vitamin C Cure Serum<\/p>\n<p><strong><span style=\"color: #000000;\">Schritt 1: <\/span><\/strong><span style=\"color: #993300;\"><a style=\"color: #993300; text-decoration: underline;\" href=\"https:\/\/swissbeautypro.com\/product\/summer-protocol\/\">Enzyme Powder<\/a><\/span><\/p>\n<p class=\" translation-block\">Dieser Schritt ist unerl\u00e4sslich, um die Haut vor jedem medizinisch-\u00e4sthetischen Eingriff \nvorzubereiten. Er hilft, die Haut tief zu reinigen und die Poren zu erweitern, um alle Unreinheiten, \neinschlie\u00dflich Cremes und Make-up, zu entfernen. Dar\u00fcber hinaus bewirken die enzymatischen \nBestandteile ein oberfl\u00e4chliches Peeling der Hornschicht, das abgestorbene Zellen entfernt<\/p>\n<p><span style=\"color: #000000;\"><strong>Schritt 2: <\/strong><span style=\"text-decoration: underline;\"><span style=\"color: #993300;\"><a style=\"color: #993300; text-decoration: underline;\" href=\"https:\/\/swissbeautypro.com\/product\/vitamin-face-mask\/\">Vitamin Cream Face Mask<\/a><\/span><\/span><\/span><\/p>\n<p class=\" translation-block\">Der Wirkmechanismus von Alpha-Arbutin besteht darin, die Tyrosinase-Aktivit\u00e4t zu hemmen und \nso den Pigmentierungsprozess zu verlangsamen, indem die Hyperpigmentierung der Haut \nschrittweise beseitigt wird. Zusammen mit der Grapefruit, einer Frucht, die reich an Vitamin C, B2, \nB3, Kalium, Kalzium, Eisen, Phosphor, Magnesium und Mineralien ist, hellt sie die Haut auf, macht \nsie weich und verleiht ihr einen strahlenden Effekt.<\/p>\n<p><span style=\"color: #000000;\"><strong>Schritt 3:<\/strong><span style=\"color: #993300;\"> <a style=\"color: #993300; text-decoration: underline;\" href=\"https:\/\/swissbeautypro.com\/product\/illuminating-orange\/\">Illuminating Orange Hydrojelly Mask<\/a><\/span><\/span><\/p>\n<p class=\" translation-block\">Die Hydrojelly Illuminating Orange Mask bringt Ihre Haut zum Strahlen und spendet ihr \nFeuchtigkeit. Es ist stark antioxidativ durch seine Konzentration von Vitamin C. Es enth\u00e4lt auch \nNiacinamide mit feuchtigkeitsspendende, seboregulator, depigmenting und antioxidative Wirkung.<\/p>\n<p><strong><span style=\"color: #000000;\">Schritt 4:<\/span><\/strong> <span style=\"text-decoration: underline;\"><span style=\"color: #993300;\"><a style=\"color: #993300; text-decoration: underline;\" href=\"https:\/\/swissbeautypro.com\/product\/vitamin-c-serum\/\">Vitamin C Serum<\/a><\/span><\/span><\/p>\n<p class=\" translation-block\">Schlie\u00dfen Sie das Protokoll mit unserem Vitamin-C-Serum (10 %) ab, um die antioxidative und \naufhellende Wirkung zu verst\u00e4rken.<\/p>\n<p><strong><span style=\"color: #000000;\">Wie man sich bewirbt:<\/span><\/strong><\/p>\n<p><strong><span style=\"color: #000000;\">Schritt 1:<\/span><\/strong><\/p>\n<p class=\" translation-block\">\u2022 Mischen Sie 2,5 g Enzympulver (1\/2 Meter) mit 5 ml Wasser (voller Meter).<br>\n\u2022 1 Minute lang schaumig r\u00fchren.<br>\n\u2022 Mit einem F\u00e4cherpinsel auf das gesamte Gesicht auftragen und einmassieren.<br>\n\u2022 7 Minuten einwirken lassen.<br>\n\u2022 Entfernen Sie das Produkt mit einem feuchten Tuch oder Gaze.<br>\n\u2022 * Bei empfindlicher Haut 5 Minuten einwirken lassen und dann entfernen.<\/p>\n<p><strong><span style=\"color: #000000;\">Schritt 2:<\/span><\/strong><\/p>\n<p class=\" translation-block\">\u2022 Tragen Sie die gew\u00fcnschte Menge der Vitamin-Gesichtsmaske auf die zu behandelnde Stelle \nauf.<br>\n\u2022 Massieren Sie die Creme mit kreisenden Bewegungen ein und lassen Sie sie 5-7 Minuten \neinwirken.<br>\n\u2022 Entfernen Sie den \u00dcberschuss mit einem Tuch oder Spatel.<br>\n\u2022 Wischen Sie das Gesicht mit einem feuchten Tuch ab<\/p>\n<p><strong><span style=\"color: #000000;\">Schritt 3:<\/span><\/strong><\/p>\n<p class=\" translation-block\">\u2022 Mischen Sie 50 g Illuminating Orange Hydrojelly Mask mit 40 ml Wasser zu einer \ngelartigen Konsistenz. <br>\n\u2022 Tragen Sie die Mischung auf die zu behandelnde Haut auf und verteilen Sie sie gleichm\u00e4\u00dfig. \nAchten Sie darauf, eine dicke Schicht an den \u00e4u\u00dferen R\u00e4ndern der Maske zu hinterlassen. <br>\n\u2022 Lassen Sie die Maske 15 bis 20 Minuten einwirken. <br>\n\u2022 Heben Sie die R\u00e4nder an und entfernen Sie die Maske in einem Schritt.<\/p>\n<p><strong><span style=\"color: #000000;\">Schritt 4:<\/span><\/strong><\/p>\n<p class=\" translation-block\">3-4 Tropfen des Vitamin Cure Serums auf die zu behandelnde Stelle auftragen und einmassieren, \nbis es vollst\u00e4ndig eingezogen ist.<\/p>","protected":false},"excerpt":{"rendered":"<p><span style=\"color: #000000;\">Lieferung 2-3 Werktage<\/span><\/p>","protected":false},"featured_media":1660,"comment_status":"open","ping_status":"closed","template":"","meta":[],"product_cat":[138],"product_tag":[],"class_list":{"0":"post-1704","1":"product","2":"type-product","3":"status-publish","4":"has-post-thumbnail","6":"product_cat-summer","8":"first","9":"outofstock","10":"taxable","11":"shipping-taxable","12":"product-type-simple"},"_links":{"self":[{"href":"https:\/\/swissbeautypro.com\/de\/wp-json\/wp\/v2\/product\/1704","targetHints":{"allow":["GET"]}}],"collection":[{"href":"https:\/\/swissbeautypro.com\/de\/wp-json\/wp\/v2\/product"}],"about":[{"href":"https:\/\/swissbeautypro.com\/de\/wp-json\/wp\/v2\/types\/product"}],"replies":[{"embeddable":true,"href":"https:\/\/swissbeautypro.com\/de\/wp-json\/wp\/v2\/comments?post=1704"}],"version-history":[{"count":8,"href":"https:\/\/swissbeautypro.com\/de\/wp-json\/wp\/v2\/product\/1704\/revisions"}],"predecessor-version":[{"id":2876,"href":"https:\/\/swissbeautypro.com\/de\/wp-json\/wp\/v2\/product\/1704\/revisions\/2876"}],"wp:featuredmedia":[{"embeddable":true,"href":"https:\/\/swissbeautypro.com\/de\/wp-json\/wp\/v2\/media\/1660"}],"wp:attachment":[{"href":"https:\/\/swissbeautypro.com\/de\/wp-json\/wp\/v2\/media?parent=1704"}],"wp:term":[{"taxonomy":"product_cat","embeddable":true,"href":"https:\/\/swissbeautypro.com\/de\/wp-json\/wp\/v2\/product_cat?post=1704"},{"taxonomy":"product_tag","embeddable":true,"href":"https:\/\/swissbeautypro.com\/de\/wp-json\/wp\/v2\/product_tag?post=1704"}],"curies":[{"name":"wp","href":"https:\/\/api.w.org\/{rel}","templated":true}]}}