{"id":2246,"date":"2024-06-10T19:01:36","date_gmt":"2024-06-10T19:01:36","guid":{"rendered":"https:\/\/swissbeautypro.com\/?post_type=product&#038;p=2246"},"modified":"2026-02-25T20:40:10","modified_gmt":"2026-02-25T20:40:10","slug":"lotion-comfort","status":"publish","type":"product","link":"https:\/\/swissbeautypro.com\/de\/produkt\/lotion-comfort\/","title":{"rendered":"Lotion Comfort"},"content":{"rendered":"<p><strong><span style=\"color: #000000;\">AKTION:<\/span><\/strong><\/p>\n<p class=\" translation-block\">\u2022 bes\u00e4nftigt und erfrischt die Haut <br>\n\u2022 mindert Schwellungen und R\u00f6tungen<\/p>\n<p><strong><span style=\"color: #000000;\">HAUTTYPEN\/HAUTPROBLEME:<\/span> <\/strong><\/p>\n<p>F\u00fcr alle Hauttypen, insbesondere f\u00fcr Haut, die zu Schwellungen und R\u00f6tungen neigt<\/p>\n<p><strong><span style=\"color: #000000;\">AKTIVE INHALTSSTOFFE:<\/span><\/strong><\/p>\n<p>Extrakte aus marokkanischer Rose, gr\u00fcnem Tee, Sophora japonica, Mimose; Panthenol<\/p>\n<p><strong><span style=\"color: #000000;\">ANWENDUNG<\/span><\/strong><\/p>\n<p class=\" translation-block\">\u2022 Reinigen Sie die Haut mit LK Mousse oder Milch.<br> \n\u2022 Lotion comfort mit einem Wattepad auftragen und die Haut im Gesicht und am Hals tonisieren. <br>\n\u2022 Tragen Sie 1-2 Dosen Linda Kristel Serum oder Fluidkonzentrat auf und lassen Sie es einziehen. <br>\n\u2022 Die Creme auftragen, nachdem sie in der Handfl\u00e4che mit 1-3 Tropfen Linda Kristel Active Serum vermischt wurde. <br>\n\u2022 T\u00e4glich morgens und\/oder abends anwenden.<\/p>\n<p><strong><span style=\"color: #000000;\">MENGE:<\/span> <\/strong><\/p>\n<p>250 ML.<\/p>\n<p><span style=\"color: #ff99cc;\"><em><strong>Sell Linda Kristel products in your salon and ensure great home care results for your clients.<\/strong><\/em><\/span><\/p>","protected":false},"excerpt":{"rendered":"<p><span style=\"color: #000000;\">Lieferung 2-3 Werktage<\/span><\/p>","protected":false},"featured_media":2248,"comment_status":"open","ping_status":"closed","template":"","meta":[],"product_cat":[92],"product_tag":[87,81,80],"class_list":{"0":"post-2246","1":"product","2":"type-product","3":"status-publish","4":"has-post-thumbnail","6":"product_brand-linda-kristel","7":"product_cat-cleansers","8":"product_tag-all-skin-types","9":"product_tag-redness","10":"product_tag-sensitive-skin","12":"first","13":"outofstock","14":"taxable","15":"shipping-taxable","16":"product-type-simple"},"_links":{"self":[{"href":"https:\/\/swissbeautypro.com\/de\/wp-json\/wp\/v2\/product\/2246","targetHints":{"allow":["GET"]}}],"collection":[{"href":"https:\/\/swissbeautypro.com\/de\/wp-json\/wp\/v2\/product"}],"about":[{"href":"https:\/\/swissbeautypro.com\/de\/wp-json\/wp\/v2\/types\/product"}],"replies":[{"embeddable":true,"href":"https:\/\/swissbeautypro.com\/de\/wp-json\/wp\/v2\/comments?post=2246"}],"version-history":[{"count":5,"href":"https:\/\/swissbeautypro.com\/de\/wp-json\/wp\/v2\/product\/2246\/revisions"}],"predecessor-version":[{"id":2865,"href":"https:\/\/swissbeautypro.com\/de\/wp-json\/wp\/v2\/product\/2246\/revisions\/2865"}],"wp:featuredmedia":[{"embeddable":true,"href":"https:\/\/swissbeautypro.com\/de\/wp-json\/wp\/v2\/media\/2248"}],"wp:attachment":[{"href":"https:\/\/swissbeautypro.com\/de\/wp-json\/wp\/v2\/media?parent=2246"}],"wp:term":[{"taxonomy":"product_cat","embeddable":true,"href":"https:\/\/swissbeautypro.com\/de\/wp-json\/wp\/v2\/product_cat?post=2246"},{"taxonomy":"product_tag","embeddable":true,"href":"https:\/\/swissbeautypro.com\/de\/wp-json\/wp\/v2\/product_tag?post=2246"}],"curies":[{"name":"wp","href":"https:\/\/api.w.org\/{rel}","templated":true}]}}