{"id":2300,"date":"2024-06-10T23:34:37","date_gmt":"2024-06-10T23:34:37","guid":{"rendered":"https:\/\/swissbeautypro.com\/?post_type=product&#038;p=2300"},"modified":"2026-02-25T20:35:59","modified_gmt":"2026-02-25T20:35:59","slug":"fluide-concentre-19","status":"publish","type":"product","link":"https:\/\/swissbeautypro.com\/de\/produkt\/fluide-concentre-19\/","title":{"rendered":"Fluide Concentr\u00e9 19"},"content":{"rendered":"<p><span style=\"color: #000000;\"><strong>AKTION:<\/strong><\/span><\/p>\n<p class=\" translation-block\">\u2022 st\u00e4rkt die Kapillaren <br>\n\u2022 mindert R\u00f6tungen und Schwellungen <br>\n\u2022 beruhigt und befeuchtet die Haut<\/p>\n<p><strong><span style=\"color: #000000;\">HAUTTYPEN\/HAUTPROBLEME: <\/span><\/strong><\/p>\n<p>Empfindliche Haut, R\u00f6tung, Rosacea<\/p>\n<p><strong><span style=\"color: #000000;\">AKTIVE INHALTSSTOFFE:<\/span><\/strong><\/p>\n<p class=\" translation-block\">Gef\u00e4\u00dfst\u00e4rkende und beruhigende Extrakte aus Hamamelis virginiana, Eichenrinde, Mimose, \nCentella asiatica, Rosskastanie, Ginkgo biloba, Wildberry; Panthenol; Feuchtigkeitskomplex<\/p>\n<p><strong><span style=\"color: #000000;\">ANWENDUNG<\/span><\/strong><\/p>\n<p class=\" translation-block\">\u2022 Nachdem Sie Ihre Haut mit LK-Mousse oder -Milch gereinigt und mit dem Toner (Lotion) \ntonisiert haben, tragen Sie 1-2 Dosen Fluid Concentr\u00e9 19 auf und lassen es einziehen.<br> \n\u2022 Dann tragen Sie eine Dosis Ihrer bevorzugten LK-Creme auf, nachdem Sie sie in Ihrer \nHandfl\u00e4che mit 1-3 Tropfen des aktiven Serums von Linda Kristel vermischt haben. <br>\n\u2022 Morgens und\/oder abends anwenden.<\/p>\n<p><strong><span style=\"color: #000000;\">MENGE:<\/span> <\/strong><\/p>\n<p>30 ML<\/p>\n<p><em><strong><span style=\"color: #ff99cc;\">Sell Linda Kristel products in your salon and ensure great home care results for your clients.<\/span><\/strong><\/em><\/p>","protected":false},"excerpt":{"rendered":"<p><span style=\"color: #000000;\">Lieferung 2-3 Werktage<\/span><\/p>","protected":false},"featured_media":2301,"comment_status":"open","ping_status":"closed","template":"","meta":[],"product_cat":[95],"product_tag":[81,89,80],"class_list":{"0":"post-2300","1":"product","2":"type-product","3":"status-publish","4":"has-post-thumbnail","6":"product_brand-linda-kristel","7":"product_cat-serums","8":"product_tag-redness","9":"product_tag-rosacea","10":"product_tag-sensitive-skin","12":"first","13":"outofstock","14":"taxable","15":"shipping-taxable","16":"product-type-simple"},"_links":{"self":[{"href":"https:\/\/swissbeautypro.com\/de\/wp-json\/wp\/v2\/product\/2300","targetHints":{"allow":["GET"]}}],"collection":[{"href":"https:\/\/swissbeautypro.com\/de\/wp-json\/wp\/v2\/product"}],"about":[{"href":"https:\/\/swissbeautypro.com\/de\/wp-json\/wp\/v2\/types\/product"}],"replies":[{"embeddable":true,"href":"https:\/\/swissbeautypro.com\/de\/wp-json\/wp\/v2\/comments?post=2300"}],"version-history":[{"count":4,"href":"https:\/\/swissbeautypro.com\/de\/wp-json\/wp\/v2\/product\/2300\/revisions"}],"predecessor-version":[{"id":2850,"href":"https:\/\/swissbeautypro.com\/de\/wp-json\/wp\/v2\/product\/2300\/revisions\/2850"}],"wp:featuredmedia":[{"embeddable":true,"href":"https:\/\/swissbeautypro.com\/de\/wp-json\/wp\/v2\/media\/2301"}],"wp:attachment":[{"href":"https:\/\/swissbeautypro.com\/de\/wp-json\/wp\/v2\/media?parent=2300"}],"wp:term":[{"taxonomy":"product_cat","embeddable":true,"href":"https:\/\/swissbeautypro.com\/de\/wp-json\/wp\/v2\/product_cat?post=2300"},{"taxonomy":"product_tag","embeddable":true,"href":"https:\/\/swissbeautypro.com\/de\/wp-json\/wp\/v2\/product_tag?post=2300"}],"curies":[{"name":"wp","href":"https:\/\/api.w.org\/{rel}","templated":true}]}}