{"id":2320,"date":"2024-06-11T00:36:41","date_gmt":"2024-06-11T00:36:41","guid":{"rendered":"https:\/\/swissbeautypro.com\/?post_type=product&#038;p=2320"},"modified":"2025-11-24T02:24:41","modified_gmt":"2025-11-24T02:24:41","slug":"caviar-creme","status":"publish","type":"product","link":"https:\/\/swissbeautypro.com\/de\/produkt\/caviar-creme\/","title":{"rendered":"Caviar Cr\u00e8me"},"content":{"rendered":"<p><strong><span style=\"color: #000000;\">AKTION:<\/span><\/strong><\/p>\n<p class=\" translation-block\">\u2022 verleiht der Haut einen Lifting-Effekt <br>\n\u2022 gl\u00e4ttet feine Linien und F\u00e4ltchen <br>\n\u2022 verbessert die Festigkeit und Elastizit\u00e4t <br> \n\u2022 beugt altersbedingten Hautver\u00e4nderungen vor<\/p>\n<p><strong><span style=\"color: #000000;\">HAUTTYPEN\/HAUTPROBLEME:<\/span> <\/strong><\/p>\n<p>Anti-Ageing, Reife Haut, Falten<\/p>\n<p><strong><span style=\"color: #000000;\">AKTIVE INHALTSSTOFFE:<\/span><\/strong><\/p>\n<p class=\" translation-block\">Schwarzer Kaviarextrakt; Phyto\u00f6strogene aus Extrakten von Kigelia africana, Iris florentina, \nQuillaja saponaria; S\u00fc\u00dfmandel\u00f6l<\/p>\n<p><strong><span style=\"color: #000000;\">ANWENDUNG<\/span><\/strong><\/p>\n<p class=\" translation-block\">\u2022 Nachdem Sie Ihre Haut mit LK Mousse oder Milch gereinigt, tonisiert und das Serum oder \nkonzentrierte Fluid aufgetragen haben, tragen Sie eine Dosis der Caviar Lift Creme auf Ihre \nHandfl\u00e4che auf und vermischen sie mit 1\/3 Tropfen des LK Aktivserums. <br>\n\u2022 Morgens und\/oder abends anwenden.<\/p>\n<p><strong><span style=\"color: #000000;\">MENGE:<\/span> <\/strong><\/p>\n<p>50 ML<\/p>\n<p><em><strong><span style=\"color: #ff99cc;\">Sell Linda Kristel products in your salon and ensure great home care results for your clients.<\/span><\/strong><\/em><\/p>","protected":false},"excerpt":{"rendered":"<p><span style=\"color: #000000;\">Lieferung 2-3 Werktage<\/span><\/p>","protected":false},"featured_media":2323,"comment_status":"open","ping_status":"closed","template":"","meta":[],"product_cat":[141],"product_tag":[94,76,79],"class_list":{"0":"post-2320","1":"product","2":"type-product","3":"status-publish","4":"has-post-thumbnail","6":"product_brand-linda-kristel","7":"product_cat-face-creams","8":"product_tag-anti-ageing","9":"product_tag-mature-skin","10":"product_tag-wrinkles","12":"first","13":"outofstock","14":"taxable","15":"shipping-taxable","16":"product-type-simple"},"_links":{"self":[{"href":"https:\/\/swissbeautypro.com\/de\/wp-json\/wp\/v2\/product\/2320","targetHints":{"allow":["GET"]}}],"collection":[{"href":"https:\/\/swissbeautypro.com\/de\/wp-json\/wp\/v2\/product"}],"about":[{"href":"https:\/\/swissbeautypro.com\/de\/wp-json\/wp\/v2\/types\/product"}],"replies":[{"embeddable":true,"href":"https:\/\/swissbeautypro.com\/de\/wp-json\/wp\/v2\/comments?post=2320"}],"version-history":[{"count":4,"href":"https:\/\/swissbeautypro.com\/de\/wp-json\/wp\/v2\/product\/2320\/revisions"}],"predecessor-version":[{"id":2843,"href":"https:\/\/swissbeautypro.com\/de\/wp-json\/wp\/v2\/product\/2320\/revisions\/2843"}],"wp:featuredmedia":[{"embeddable":true,"href":"https:\/\/swissbeautypro.com\/de\/wp-json\/wp\/v2\/media\/2323"}],"wp:attachment":[{"href":"https:\/\/swissbeautypro.com\/de\/wp-json\/wp\/v2\/media?parent=2320"}],"wp:term":[{"taxonomy":"product_cat","embeddable":true,"href":"https:\/\/swissbeautypro.com\/de\/wp-json\/wp\/v2\/product_cat?post=2320"},{"taxonomy":"product_tag","embeddable":true,"href":"https:\/\/swissbeautypro.com\/de\/wp-json\/wp\/v2\/product_tag?post=2320"}],"curies":[{"name":"wp","href":"https:\/\/api.w.org\/{rel}","templated":true}]}}