{"id":2324,"date":"2024-06-11T00:41:58","date_gmt":"2024-06-11T00:41:58","guid":{"rendered":"https:\/\/swissbeautypro.com\/?post_type=product&#038;p=2324"},"modified":"2025-11-24T02:27:51","modified_gmt":"2025-11-24T02:27:51","slug":"creme-peau-lisse","status":"publish","type":"product","link":"https:\/\/swissbeautypro.com\/de\/produkt\/creme-peau-lisse\/","title":{"rendered":"Creme Peau Lisse"},"content":{"rendered":"<p><span style=\"color: #000000;\"><strong>AKTION:<\/strong><\/span><\/p>\n<p class=\" translation-block\">\u2022 gleicht den Teint aus und mattiert die Haut <br>\n\u2022 normalisiert die Talgproduktion <br>\n\u2022 verengt die Poren, f\u00f6rdert die Heilung <br>\n\u2022 f\u00f6rdert das nat\u00fcrliche Gleichgewicht der Mikroflora der Haut<\/p>\n<p><span style=\"color: #000000;\"><strong>HAUTTYPEN\/HAUTPROBLEME:<\/strong> <\/span><\/p>\n<p>Fettige Haut, Flecken, Akne<\/p>\n<p><strong><span style=\"color: #000000;\">AKTIVE INHALTSSTOFFE:<\/span><\/strong><\/p>\n<p class=\" translation-block\">Zinkoxid; Extrakte aus Propolis, Sophora japonica, Ananas, Klette, Silberbirke, Enantia chlorantha, \nChinesische Dattel (Z\u00edz\u00edphus juj\u00faba), Papaya, Thymian; Vitamin F; Komplex aus \u00e4therischen \u00d6len<\/p>\n<p><strong><span style=\"color: #000000;\">ANWENDUNG<\/span><\/strong><\/p>\n<p class=\" translation-block\">\u2022 Reinigen Sie die Haut mit LK-Mousse oder Milch.<br> \n\u2022 Tonisieren Sie sie mit einem Wattepad, das mit Tonic (Lotion) befeuchtet ist. <br>\n\u2022 Tragen Sie eine Dosis der Peau Lisse Creme mit klopfenden Bewegungen auf, nachdem Sie sie in \nIhrer Handfl\u00e4che mit 1-3 Tropfen des aktiven Serums von Linda Kristel vermischt haben. <br>\n\u2022 Morgens und\/oder abends anwenden.<\/p>\n<p><strong><span style=\"color: #000000;\">MENGE:<\/span> <\/strong><\/p>\n<p>50 ML<\/p>\n<p><em><strong><span style=\"color: #ff99cc;\">Sell Linda Kristel products in your salon and ensure great home care results for your clients.<\/span><\/strong><\/em><\/p>","protected":false},"excerpt":{"rendered":"<p><span style=\"color: #000000;\">Lieferung 2-3 Werktage<\/span><\/p>","protected":false},"featured_media":2326,"comment_status":"open","ping_status":"closed","template":"","meta":[],"product_cat":[141],"product_tag":[86,83,88],"class_list":{"0":"post-2324","1":"product","2":"type-product","3":"status-publish","4":"has-post-thumbnail","6":"product_brand-linda-kristel","7":"product_cat-face-creams","8":"product_tag-acne","9":"product_tag-blemishes","10":"product_tag-oily-skin","12":"first","13":"instock","14":"taxable","15":"shipping-taxable","16":"product-type-simple"},"_links":{"self":[{"href":"https:\/\/swissbeautypro.com\/de\/wp-json\/wp\/v2\/product\/2324","targetHints":{"allow":["GET"]}}],"collection":[{"href":"https:\/\/swissbeautypro.com\/de\/wp-json\/wp\/v2\/product"}],"about":[{"href":"https:\/\/swissbeautypro.com\/de\/wp-json\/wp\/v2\/types\/product"}],"replies":[{"embeddable":true,"href":"https:\/\/swissbeautypro.com\/de\/wp-json\/wp\/v2\/comments?post=2324"}],"version-history":[{"count":3,"href":"https:\/\/swissbeautypro.com\/de\/wp-json\/wp\/v2\/product\/2324\/revisions"}],"predecessor-version":[{"id":2842,"href":"https:\/\/swissbeautypro.com\/de\/wp-json\/wp\/v2\/product\/2324\/revisions\/2842"}],"wp:featuredmedia":[{"embeddable":true,"href":"https:\/\/swissbeautypro.com\/de\/wp-json\/wp\/v2\/media\/2326"}],"wp:attachment":[{"href":"https:\/\/swissbeautypro.com\/de\/wp-json\/wp\/v2\/media?parent=2324"}],"wp:term":[{"taxonomy":"product_cat","embeddable":true,"href":"https:\/\/swissbeautypro.com\/de\/wp-json\/wp\/v2\/product_cat?post=2324"},{"taxonomy":"product_tag","embeddable":true,"href":"https:\/\/swissbeautypro.com\/de\/wp-json\/wp\/v2\/product_tag?post=2324"}],"curies":[{"name":"wp","href":"https:\/\/api.w.org\/{rel}","templated":true}]}}