{"id":2332,"date":"2024-06-11T00:48:09","date_gmt":"2024-06-11T00:48:09","guid":{"rendered":"https:\/\/swissbeautypro.com\/?post_type=product&#038;p=2332"},"modified":"2024-09-11T22:22:56","modified_gmt":"2024-09-11T22:22:56","slug":"kojic-creme","status":"publish","type":"product","link":"https:\/\/swissbeautypro.com\/de\/produkt\/kojic-creme\/","title":{"rendered":"Kojic Cr\u00e8me"},"content":{"rendered":"<p><span style=\"color: #000000;\"><strong>AKTION:<\/strong><\/span><\/p>\n<p class=\" translation-block\">\u2022 hilft, Hyperpigmentierungen zu behandeln und ihnen vorzubeugen <br>\n\u2022 erweicht und beruhigt die Haut <br>\n\u2022 verbessert die Festigkeit der Haut<\/p>\n<p><strong><span style=\"color: #000000;\">HAUTTYPEN\/HAUTPROBLEME:<\/span> <\/strong><\/p>\n<p>Pigmentierung, Sonnengesch\u00e4digte Haut, Anti-Ageing, Fahle Haut<\/p>\n<p><strong><span style=\"color: #000000;\">AKTIVE INHALTSSTOFFE:<\/span><\/strong><\/p>\n<p>Kojis\u00e4ure; Vitamine A, E; Milchs\u00e4ure; S\u00fc\u00dfholzwurzelextrakt<\/p>\n<p><strong><span style=\"color: #000000;\">ANWENDUNG<\/span><\/strong><\/p>\n<p class=\" translation-block\">\u2022 Nachdem Sie Ihre Haut mit Linda Kristel Mousse oder Milch gereinigt, tonisiert und das Serum oder <br>\n\u2022 tragen Sie eine Dosis Kojic-Creme auf Ihre Handfl\u00e4che auf und vermischen Sie sie mit 1-3 \nTropfen des aktiven Serums von Linda Kristel. <br>\n\u2022 Bei intensiver Sonneneinstrahlung immer mit einem Sonnenschutzmittel mit entsprechendem LSF \nkombinieren (Cr\u00e8me sunblock SPF 35 REF 181). <br>\n\u2022 Abends anwenden.<\/p>\n<p><strong><span style=\"color: #000000;\">MENGE:<\/span><\/strong><\/p>\n<p>50 ML<\/p>\n<p><em><strong><span style=\"color: #ff99cc;\">Sell Linda Kristel products in your salon and ensure great home care results for your clients.<\/span><\/strong><\/em><\/p>","protected":false},"excerpt":{"rendered":"<p><span style=\"color: #000000;\">Lieferung 2-3 Werktage<\/span><\/p>","protected":false},"featured_media":2333,"comment_status":"open","ping_status":"closed","template":"","meta":[],"product_cat":[141],"product_tag":[94,74,84,78],"class_list":{"0":"post-2332","1":"product","2":"type-product","3":"status-publish","4":"has-post-thumbnail","6":"product_brand-linda-kristel","7":"product_cat-face-creams","8":"product_tag-anti-ageing","9":"product_tag-dull-skin","10":"product_tag-pigmentation","11":"product_tag-sun-damaged-skin","13":"first","14":"outofstock","15":"taxable","16":"shipping-taxable","17":"product-type-simple"},"_links":{"self":[{"href":"https:\/\/swissbeautypro.com\/de\/wp-json\/wp\/v2\/product\/2332","targetHints":{"allow":["GET"]}}],"collection":[{"href":"https:\/\/swissbeautypro.com\/de\/wp-json\/wp\/v2\/product"}],"about":[{"href":"https:\/\/swissbeautypro.com\/de\/wp-json\/wp\/v2\/types\/product"}],"replies":[{"embeddable":true,"href":"https:\/\/swissbeautypro.com\/de\/wp-json\/wp\/v2\/comments?post=2332"}],"version-history":[{"count":5,"href":"https:\/\/swissbeautypro.com\/de\/wp-json\/wp\/v2\/product\/2332\/revisions"}],"predecessor-version":[{"id":2839,"href":"https:\/\/swissbeautypro.com\/de\/wp-json\/wp\/v2\/product\/2332\/revisions\/2839"}],"wp:featuredmedia":[{"embeddable":true,"href":"https:\/\/swissbeautypro.com\/de\/wp-json\/wp\/v2\/media\/2333"}],"wp:attachment":[{"href":"https:\/\/swissbeautypro.com\/de\/wp-json\/wp\/v2\/media?parent=2332"}],"wp:term":[{"taxonomy":"product_cat","embeddable":true,"href":"https:\/\/swissbeautypro.com\/de\/wp-json\/wp\/v2\/product_cat?post=2332"},{"taxonomy":"product_tag","embeddable":true,"href":"https:\/\/swissbeautypro.com\/de\/wp-json\/wp\/v2\/product_tag?post=2332"}],"curies":[{"name":"wp","href":"https:\/\/api.w.org\/{rel}","templated":true}]}}