{"id":2371,"date":"2024-06-11T16:12:23","date_gmt":"2024-06-11T16:12:23","guid":{"rendered":"https:\/\/swissbeautypro.com\/?post_type=product&#038;p=2371"},"modified":"2024-09-23T18:29:06","modified_gmt":"2024-09-23T18:29:06","slug":"azelaic-masque-peeling","status":"publish","type":"product","link":"https:\/\/swissbeautypro.com\/de\/produkt\/azelaic-masque-peeling\/","title":{"rendered":"Azelaic Masque Peeling"},"content":{"rendered":"<p><span style=\"color: #000000;\"><strong>AKTION:<\/strong><\/span><\/p>\n<p class=\" translation-block\">\u2022 peelt sanft abgestorbene Hautzellen ab <br>\n\u2022 verbessert und gleicht das Hautbild aus<br> \n\u2022 beruhigt Entz\u00fcndungen und bes\u00e4nftigt die Haut<br> \n\u2022 heilt Akne<\/p>\n<p><strong><span style=\"color: #000000;\">HAUTTYPEN\/HAUTPROBLEME:<\/span> <\/strong><\/p>\n<p>Alle Hauttypen, Empfindliche Haut, Akne<\/p>\n<p><strong><span style=\"color: #000000;\">AKTIVE INHALTSSTOFFE:<\/span><\/strong><\/p>\n<p class=\" translation-block\">Azelains\u00e4ure und Glykols\u00e4ure; Palmitoyl-Oligopeptid, das die Kollagen- und Elastinsynthese \naktiviert; Rigin-Peptid, das die Hautimmunit\u00e4t st\u00e4rkt; Squalan; Traubenkern\u00f6l<\/p>\n<p><strong><span style=\"color: #000000;\">ANWENDUNG<\/span><\/strong><\/p>\n<p class=\" translation-block\">\u2022 Nach der Reinigung eine d\u00fcnne Schicht des Peelings auf Gesicht, Hals und Dekollet\u00e9 auftragen. <br>\n\u2022 Nach 5-7 Minuten gr\u00fcndlich mit k\u00fchlem Wasser absp\u00fclen. <br>\n\u2022 Tonisieren Sie Ihre Haut mit Tonic (Lotion), tragen Sie 1-2 Dosen LK-Serum oder konzentriertes \nFluid auf und tragen Sie dann eine Dosis der Creme auf, nachdem Sie sie auf Ihrer Handfl\u00e4che \nmit 1-3 Tropfen des aktiven Serums von Linda Kristel vermischt haben. <br>\n\u2022 Verwenden Sie das Produkt alle 7-10 Tage f\u00fcr zwei Monate. Wiederholen Sie die Anwendung \nnach 4-6 Monaten. <br>\n*F\u00fcr weitere Informationen \u00fcber Linda Kristel Protokolle <span style=\"text-decoration: underline\"><span style=\"color: #000000\"><strong><a style=\"color: #000000;text-decoration: underline\" href=\"https:\/\/swissbeautypro.com\/en\/contact\/\" target=\"_self\"> kontaktieren\u00a0<\/a><\/strong><\/span><\/span> Sie uns bitte<\/p>\n<p><strong><span style=\"color: #000000;\">MENGE:<\/span> <\/strong><\/p>\n<p>100 ML.<\/p>\n<p><em><strong><span style=\"color: #ff99cc;\">Nur f\u00fcr den professionellen Gebrauch!<\/span><\/strong><\/em><\/p>","protected":false},"excerpt":{"rendered":"<p><span style=\"color: #000000;\">Lieferung 2-3 Werktage<\/span><\/p>","protected":false},"featured_media":2372,"comment_status":"open","ping_status":"closed","template":"","meta":[],"product_cat":[148],"product_tag":[86,87,150,80],"class_list":{"0":"post-2371","1":"product","2":"type-product","3":"status-publish","4":"has-post-thumbnail","6":"product_brand-linda-kristel","7":"product_cat-peelings","8":"product_tag-acne","9":"product_tag-all-skin-types","10":"product_tag-peeling","11":"product_tag-sensitive-skin","13":"first","14":"outofstock","15":"taxable","16":"shipping-taxable","17":"product-type-simple"},"_links":{"self":[{"href":"https:\/\/swissbeautypro.com\/de\/wp-json\/wp\/v2\/product\/2371","targetHints":{"allow":["GET"]}}],"collection":[{"href":"https:\/\/swissbeautypro.com\/de\/wp-json\/wp\/v2\/product"}],"about":[{"href":"https:\/\/swissbeautypro.com\/de\/wp-json\/wp\/v2\/types\/product"}],"replies":[{"embeddable":true,"href":"https:\/\/swissbeautypro.com\/de\/wp-json\/wp\/v2\/comments?post=2371"}],"version-history":[{"count":3,"href":"https:\/\/swissbeautypro.com\/de\/wp-json\/wp\/v2\/product\/2371\/revisions"}],"predecessor-version":[{"id":2827,"href":"https:\/\/swissbeautypro.com\/de\/wp-json\/wp\/v2\/product\/2371\/revisions\/2827"}],"wp:featuredmedia":[{"embeddable":true,"href":"https:\/\/swissbeautypro.com\/de\/wp-json\/wp\/v2\/media\/2372"}],"wp:attachment":[{"href":"https:\/\/swissbeautypro.com\/de\/wp-json\/wp\/v2\/media?parent=2371"}],"wp:term":[{"taxonomy":"product_cat","embeddable":true,"href":"https:\/\/swissbeautypro.com\/de\/wp-json\/wp\/v2\/product_cat?post=2371"},{"taxonomy":"product_tag","embeddable":true,"href":"https:\/\/swissbeautypro.com\/de\/wp-json\/wp\/v2\/product_tag?post=2371"}],"curies":[{"name":"wp","href":"https:\/\/api.w.org\/{rel}","templated":true}]}}