{"id":2374,"date":"2024-06-11T16:16:53","date_gmt":"2024-06-11T16:16:53","guid":{"rendered":"https:\/\/swissbeautypro.com\/?post_type=product&#038;p=2374"},"modified":"2024-09-23T18:43:04","modified_gmt":"2024-09-23T18:43:04","slug":"multiacid-active-peel-43","status":"publish","type":"product","link":"https:\/\/swissbeautypro.com\/de\/produkt\/multiacid-active-peel-43\/","title":{"rendered":"Multiacid Active peel 43%"},"content":{"rendered":"<p><strong><span style=\"color: #000000;\">AKTION:<\/span><\/strong><\/p>\n<p class=\" translation-block\">\u2022 peelt sanft abgestorbene Hautzellen ab <br>\n\u2022 sorgt f\u00fcr einen Lifting-Effekt und verbessert die Elastizit\u00e4t der Haut <br>\n\u2022 reduziert das Auftreten von Pigmentflecken und gleicht den Hautton aus <br> \n\u2022 lindert Entz\u00fcndungen und reduziert die sch\u00e4dlichen Auswirkungen der freien Radikale <br>\n\u2022 normalisiert die Talgproduktion <br>\n\u2022 verbessert die Immunit\u00e4t der Haut<\/p>\n<p><strong><span style=\"color: #000000;\">HAUTTYPEN\/HAUTPROBLEME:<\/span> <\/strong><\/p>\n<p>F\u00fcr alle Hauttypen au\u00dfer empfindlicher Haut.<\/p>\n<p><strong><span style=\"color: #000000;\">AKTIVE INHALTSSTOFFE:<\/span><\/strong><\/p>\n<p class=\" translation-block\">Peelings\u00e4uren (Glykols\u00e4ure 36%, Mandels\u00e4ure 5%, Laktobions\u00e4ure 2%); DMAE; antioxidative \nS\u00e4uren (Thiocts\u00e4ure, Phytins\u00e4ure, Linols\u00e4ure)<\/p>\n<p><strong><span style=\"color: #000000;\">ANWENDUNG<\/span><\/strong><\/p>\n<p class=\" translation-block\">\u2022 Tragen Sie das Peeling nach einer professionellen Reinigung und nach dem Abtrocknen der Haut \nmit Papiert\u00fcchern d\u00fcnn auf Gesicht, Hals und Dekollet\u00e9 auf nach dem Abtrocknen der Haut mit Papiert\u00fcchern. <br>\n\u2022 Nach 2-8 Minuten gr\u00fcndlich mit k\u00fchlem Wasser absp\u00fclen. <br>\n\u2022 Setzen Sie die Behandlung gem\u00e4\u00df dem Protokoll fort. <br>\n*F\u00fcr weitere Informationen \u00fcber Linda Kristel Protokolle <span style=\"text-decoration: underline\"><strong><span style=\"color: #000000;text-decoration: underline\"><a style=\"color: #000000;text-decoration: underline\" href=\"https:\/\/swissbeautypro.com\/en\/contact\/\" target=\"_self\">kontaktieren\u00a0<\/a><\/span><\/strong><\/span> Sie uns bitte<\/p>\n<p><strong><span style=\"color: #000000;\">MENGE:<\/span> <\/strong><\/p>\n<p>50 ML.<\/p>\n<p><em><strong><span style=\"color: #ff99cc;\">Nur f\u00fcr den professionellen Gebrauch!<\/span><\/strong><\/em><\/p>","protected":false},"excerpt":{"rendered":"<p><span style=\"color: #000000;\">Lieferung 2-3 Werktage<\/span><\/p>","protected":false},"featured_media":2375,"comment_status":"open","ping_status":"closed","template":"","meta":[],"product_cat":[148],"product_tag":[87,94,150,84],"class_list":{"0":"post-2374","1":"product","2":"type-product","3":"status-publish","4":"has-post-thumbnail","6":"product_brand-linda-kristel","7":"product_cat-peelings","8":"product_tag-all-skin-types","9":"product_tag-anti-ageing","10":"product_tag-peeling","11":"product_tag-pigmentation","13":"first","14":"instock","15":"taxable","16":"shipping-taxable","17":"product-type-simple"},"_links":{"self":[{"href":"https:\/\/swissbeautypro.com\/de\/wp-json\/wp\/v2\/product\/2374","targetHints":{"allow":["GET"]}}],"collection":[{"href":"https:\/\/swissbeautypro.com\/de\/wp-json\/wp\/v2\/product"}],"about":[{"href":"https:\/\/swissbeautypro.com\/de\/wp-json\/wp\/v2\/types\/product"}],"replies":[{"embeddable":true,"href":"https:\/\/swissbeautypro.com\/de\/wp-json\/wp\/v2\/comments?post=2374"}],"version-history":[{"count":3,"href":"https:\/\/swissbeautypro.com\/de\/wp-json\/wp\/v2\/product\/2374\/revisions"}],"predecessor-version":[{"id":2826,"href":"https:\/\/swissbeautypro.com\/de\/wp-json\/wp\/v2\/product\/2374\/revisions\/2826"}],"wp:featuredmedia":[{"embeddable":true,"href":"https:\/\/swissbeautypro.com\/de\/wp-json\/wp\/v2\/media\/2375"}],"wp:attachment":[{"href":"https:\/\/swissbeautypro.com\/de\/wp-json\/wp\/v2\/media?parent=2374"}],"wp:term":[{"taxonomy":"product_cat","embeddable":true,"href":"https:\/\/swissbeautypro.com\/de\/wp-json\/wp\/v2\/product_cat?post=2374"},{"taxonomy":"product_tag","embeddable":true,"href":"https:\/\/swissbeautypro.com\/de\/wp-json\/wp\/v2\/product_tag?post=2374"}],"curies":[{"name":"wp","href":"https:\/\/api.w.org\/{rel}","templated":true}]}}