{"id":2378,"date":"2024-06-11T16:41:18","date_gmt":"2024-06-11T16:41:18","guid":{"rendered":"https:\/\/swissbeautypro.com\/?post_type=product&#038;p=2378"},"modified":"2024-09-11T22:24:56","modified_gmt":"2024-09-11T22:24:56","slug":"masque-peeling-25-professionel","status":"publish","type":"product","link":"https:\/\/swissbeautypro.com\/de\/produkt\/masque-peeling-25-professionel\/","title":{"rendered":"Masque Peeling 25 Professionel"},"content":{"rendered":"<p><strong><span style=\"color: #000000;\">AKTION:<\/span><\/strong><\/p>\n<p class=\" translation-block\">\u2022 peelt sanft abgestorbene Hautzellen ab <br>\n\u2022 verbessert die Mikrozirkulation und die Immunit\u00e4t der Haut <br>\n\u2022 sorgt f\u00fcr einen Lifting-Effekt und verbessert die Elastizit\u00e4t der Haut <br>\n\u2022 verj\u00fcngt die Haut <br>\n\u2022 verbessert die Synthese von Kollagen und Elastin<\/p>\n<p><strong><span style=\"color: #000000;\">HAUTTYPEN\/HAUTPROBLEME:<\/span> <\/strong><\/p>\n<p>F\u00fcr alle Hauttypen au\u00dfer empfindlicher Haut.<\/p>\n<p><strong><span style=\"color: #000000;\">AKTIVE INHALTSSTOFFE:<\/span><\/strong><\/p>\n<p class=\" translation-block\">Glykols\u00e4ure 25%; Trifolium pratense-Extrakt, reich an Phyto\u00f6strogenen; Rigin-Peptid, das die \nImmunit\u00e4t der Haut st\u00e4rkt; DERMAXIL-Peptid, das die Kollagen- und Elastinsynthese aktiviert; \nBioflavonoid-Komplex<\/p>\n<p><strong><span style=\"color: #000000;\">ANWENDUNG<\/span><\/strong><\/p>\n<p class=\" translation-block\">\u2022 Tragen Sie das Peeling nach einer professionellen Reinigung und dem Abtrocknen der Haut mit \nPapiert\u00fcchern d\u00fcnn auf Gesicht, Hals und Dekollet\u00e9 auf. <br>\n\u2022 Nach 3-10 Minuten gr\u00fcndlich mit k\u00fchlem Wasser absp\u00fclen. <br> \n\u2022 Setzen Sie die Behandlung gem\u00e4\u00df dem Protokoll fort. <br>\n*F\u00fcr weitere Informationen \u00fcber Linda Kristel Protokolle \u00a0<span style=\"text-decoration: underline\"><span style=\"color: #000000;text-decoration: underline\"><strong><a style=\"color: #000000;text-decoration: underline\" href=\"https:\/\/swissbeautypro.com\/en\/contact\/\" target=\"_self\">kontaktieren \u00a0<\/a><\/strong><\/span><\/span> Sie uns bitte<\/p>\n<p><span style=\"color: #000000;\"><strong>MENGE:<\/strong> <\/span><\/p>\n<p>100 ML.<\/p>\n<p><em><strong><span style=\"color: #ff99cc;\">\u00a0Nur f\u00fcr den professionellen Gebrauch!<\/span><\/strong><\/em><\/p>","protected":false},"excerpt":{"rendered":"<p><span style=\"color: #000000;\">Lieferung 2-3 Werktage<\/span><\/p>","protected":false},"featured_media":2380,"comment_status":"open","ping_status":"closed","template":"","meta":[],"product_cat":[148],"product_tag":[87,94,150],"class_list":{"0":"post-2378","1":"product","2":"type-product","3":"status-publish","4":"has-post-thumbnail","6":"product_brand-linda-kristel","7":"product_cat-peelings","8":"product_tag-all-skin-types","9":"product_tag-anti-ageing","10":"product_tag-peeling","12":"first","13":"outofstock","14":"taxable","15":"shipping-taxable","16":"product-type-simple"},"_links":{"self":[{"href":"https:\/\/swissbeautypro.com\/de\/wp-json\/wp\/v2\/product\/2378","targetHints":{"allow":["GET"]}}],"collection":[{"href":"https:\/\/swissbeautypro.com\/de\/wp-json\/wp\/v2\/product"}],"about":[{"href":"https:\/\/swissbeautypro.com\/de\/wp-json\/wp\/v2\/types\/product"}],"replies":[{"embeddable":true,"href":"https:\/\/swissbeautypro.com\/de\/wp-json\/wp\/v2\/comments?post=2378"}],"version-history":[{"count":5,"href":"https:\/\/swissbeautypro.com\/de\/wp-json\/wp\/v2\/product\/2378\/revisions"}],"predecessor-version":[{"id":2825,"href":"https:\/\/swissbeautypro.com\/de\/wp-json\/wp\/v2\/product\/2378\/revisions\/2825"}],"wp:featuredmedia":[{"embeddable":true,"href":"https:\/\/swissbeautypro.com\/de\/wp-json\/wp\/v2\/media\/2380"}],"wp:attachment":[{"href":"https:\/\/swissbeautypro.com\/de\/wp-json\/wp\/v2\/media?parent=2378"}],"wp:term":[{"taxonomy":"product_cat","embeddable":true,"href":"https:\/\/swissbeautypro.com\/de\/wp-json\/wp\/v2\/product_cat?post=2378"},{"taxonomy":"product_tag","embeddable":true,"href":"https:\/\/swissbeautypro.com\/de\/wp-json\/wp\/v2\/product_tag?post=2378"}],"curies":[{"name":"wp","href":"https:\/\/api.w.org\/{rel}","templated":true}]}}