{"id":2382,"date":"2024-06-11T16:44:40","date_gmt":"2024-06-11T16:44:40","guid":{"rendered":"https:\/\/swissbeautypro.com\/?post_type=product&#038;p=2382"},"modified":"2025-11-24T02:23:57","modified_gmt":"2025-11-24T02:23:57","slug":"body-bust-push-up-cream","status":"publish","type":"product","link":"https:\/\/swissbeautypro.com\/de\/produkt\/body-bust-push-up-cream\/","title":{"rendered":"Body-Bust Push-up Cream"},"content":{"rendered":"<p><strong><span style=\"color: #000000;\">AKTION:<\/span><\/strong><\/p>\n<p class=\" translation-block\">\u2022 Lifting-Creme mit Lipofilling-Effekt <br>\n\u2022 formt die Brust <br>\n\u2022 strafft und gl\u00e4ttet die Haut <br> \n\u2022 Wirkt nicht hormonell!<\/p>\n<p><strong><span style=\"color: #000000;\">HAUTTYPEN\/HAUTPROBLEME:<\/span> <\/strong><\/p>\n<p>F\u00fcr alle Hauttypen, PUSH-UP Creme f\u00fcr Brust und Dekollet\u00e9<\/p>\n<p><strong><span style=\"color: #000000;\">AKTIVE INHALTSSTOFFE:<\/span><\/strong><\/p>\n<p class=\" translation-block\">Extrakte aus Anemarrhena, Kigelia africana, Quillaja saponaria; Centella asiatica; Palmitoil \nOligopeptid (das die Kollagen- und Elastinsynthese aktiviert); Rutin<\/p>\n<p><strong><span style=\"color: #000000;\">ANWENDUNG<\/span><\/strong><\/p>\n<p class=\" translation-block\">\u2022 Massieren Sie die Body-bust push-up cream in die gereinigte Haut von Brust und Dekollet\u00e9 ein \n(vermeiden Sie den Brustwarzenbereich) und lassen Sie sie einziehen. <br>\n\u2022 Um die Wirkung zu verst\u00e4rken, tragen Sie das Body-bust push-up lift serum vor der Body-bust \npush-up lift cream auf die Haut auf oder mischen Sie beide Produkte zu gleichen Teilen in der \nHandfl\u00e4che, bevor Sie sie auf die Haut auftragen. <br>\n\u2022 Abends anwenden.<\/p>\n<p><strong><span style=\"color: #000000;\">MENGE:<\/span> <\/strong><\/p>\n<p>100 ML.<\/p>\n<p><em><strong><span style=\"color: #ff99cc;\">Sell Linda Kristel products in your salon and ensure great home care results for your clients.<\/span><\/strong><\/em><\/p>","protected":false},"excerpt":{"rendered":"<p><span style=\"color: #000000;\">Lieferung 2-3 Werktage<\/span><\/p>","protected":false},"featured_media":2383,"comment_status":"open","ping_status":"closed","template":"","meta":[],"product_cat":[142],"product_tag":[87,94],"class_list":{"0":"post-2382","1":"product","2":"type-product","3":"status-publish","4":"has-post-thumbnail","6":"product_brand-linda-kristel","7":"product_cat-body-products","8":"product_tag-all-skin-types","9":"product_tag-anti-ageing","11":"first","12":"outofstock","13":"taxable","14":"shipping-taxable","15":"product-type-simple"},"_links":{"self":[{"href":"https:\/\/swissbeautypro.com\/de\/wp-json\/wp\/v2\/product\/2382","targetHints":{"allow":["GET"]}}],"collection":[{"href":"https:\/\/swissbeautypro.com\/de\/wp-json\/wp\/v2\/product"}],"about":[{"href":"https:\/\/swissbeautypro.com\/de\/wp-json\/wp\/v2\/types\/product"}],"replies":[{"embeddable":true,"href":"https:\/\/swissbeautypro.com\/de\/wp-json\/wp\/v2\/comments?post=2382"}],"version-history":[{"count":4,"href":"https:\/\/swissbeautypro.com\/de\/wp-json\/wp\/v2\/product\/2382\/revisions"}],"predecessor-version":[{"id":2824,"href":"https:\/\/swissbeautypro.com\/de\/wp-json\/wp\/v2\/product\/2382\/revisions\/2824"}],"wp:featuredmedia":[{"embeddable":true,"href":"https:\/\/swissbeautypro.com\/de\/wp-json\/wp\/v2\/media\/2383"}],"wp:attachment":[{"href":"https:\/\/swissbeautypro.com\/de\/wp-json\/wp\/v2\/media?parent=2382"}],"wp:term":[{"taxonomy":"product_cat","embeddable":true,"href":"https:\/\/swissbeautypro.com\/de\/wp-json\/wp\/v2\/product_cat?post=2382"},{"taxonomy":"product_tag","embeddable":true,"href":"https:\/\/swissbeautypro.com\/de\/wp-json\/wp\/v2\/product_tag?post=2382"}],"curies":[{"name":"wp","href":"https:\/\/api.w.org\/{rel}","templated":true}]}}