{"id":2390,"date":"2024-06-11T16:56:03","date_gmt":"2024-06-11T16:56:03","guid":{"rendered":"https:\/\/swissbeautypro.com\/?post_type=product&#038;p=2390"},"modified":"2024-09-11T22:24:54","modified_gmt":"2024-09-11T22:24:54","slug":"lipo-creme","status":"publish","type":"product","link":"https:\/\/swissbeautypro.com\/de\/produkt\/lipo-creme\/","title":{"rendered":"Lipo Cr\u00e8me"},"content":{"rendered":"<p><span style=\"color: #000000;\"><strong>AKTION:<\/strong><\/span><\/p>\n<p class=\" translation-block\"><span style=\"color: #000000\">Massagecreme mit WOW-Effekt  <\/span><br>\n\u2022 strafft sofort die Haut und formt die K\u00f6rperkonturen neu <br>\n\u2022 verst\u00e4rkt die entw\u00e4ssernde, entgiftende, Anti-Cellulite-, tonisierende, entspannende und \nharmonisierende Wirkung der Massage <br>\n\u2022 macht die Haut weich, spendet Feuchtigkeit und n\u00e4hrt sie intensiv<\/p>\n<p><strong><span style=\"color: #000000;\">HAUTTYPEN\/HAUTPROBLEME:<\/span> <\/strong><\/p>\n<p>F\u00fcr alle Hauttypen, Toning, Anti-Cellulite, K\u00f6rpermassagecreme<\/p>\n<p><strong><span style=\"color: #000000;\">AKTIVE INHALTSSTOFFE:<\/span><\/strong><\/p>\n<p class=\" translation-block\">Mineral\u00f6l; \u00e4therische \u00d6le (Bitterorange, Pfefferminz, Teebaum, Thymian, Salbei, Rosmarin, \nZypresse, Lavendel, Zitrone); Vitamin \u0415<\/p>\n<p><strong><span style=\"color: #000000;\">ANWENDUNG<\/span><\/strong><\/p>\n<p class=\" translation-block\">\u2022 F\u00fcr die K\u00f6rpermassage die erforderliche Menge der Creme verwenden. Nicht absp\u00fclen. <br>\n<br>\n*F\u00fcr weitere Informationen \u00fcber Linda Kristel Protokolle <span style=\"text-decoration: underline\"><strong><span style=\"color: #000000;text-decoration: underline\"><a style=\"color: #000000;text-decoration: underline\" href=\"https:\/\/swissbeautypro.com\/en\/contact\/\" target=\"_self\">kontaktieren<\/a><\/span><\/strong><\/span> Sie uns bitte<\/p>\n<p><strong><span style=\"color: #000000;\">MENGE:<\/span> <\/strong><\/p>\n<p>500 ML.<\/p>\n<p><em><strong><span style=\"color: #ff99cc;\">F\u00fcr den professionellen Gebrauch reserviert!<\/span><\/strong><\/em><\/p>","protected":false},"excerpt":{"rendered":"<p><span style=\"color: #000000;\">Lieferung 2-3 Werktage<\/span><\/p>","protected":false},"featured_media":2392,"comment_status":"open","ping_status":"closed","template":"","meta":[],"product_cat":[142],"product_tag":[87],"class_list":{"0":"post-2390","1":"product","2":"type-product","3":"status-publish","4":"has-post-thumbnail","6":"product_brand-linda-kristel","7":"product_cat-body-products","8":"product_tag-all-skin-types","10":"first","11":"outofstock","12":"taxable","13":"shipping-taxable","14":"product-type-simple"},"_links":{"self":[{"href":"https:\/\/swissbeautypro.com\/de\/wp-json\/wp\/v2\/product\/2390","targetHints":{"allow":["GET"]}}],"collection":[{"href":"https:\/\/swissbeautypro.com\/de\/wp-json\/wp\/v2\/product"}],"about":[{"href":"https:\/\/swissbeautypro.com\/de\/wp-json\/wp\/v2\/types\/product"}],"replies":[{"embeddable":true,"href":"https:\/\/swissbeautypro.com\/de\/wp-json\/wp\/v2\/comments?post=2390"}],"version-history":[{"count":5,"href":"https:\/\/swissbeautypro.com\/de\/wp-json\/wp\/v2\/product\/2390\/revisions"}],"predecessor-version":[{"id":2822,"href":"https:\/\/swissbeautypro.com\/de\/wp-json\/wp\/v2\/product\/2390\/revisions\/2822"}],"wp:featuredmedia":[{"embeddable":true,"href":"https:\/\/swissbeautypro.com\/de\/wp-json\/wp\/v2\/media\/2392"}],"wp:attachment":[{"href":"https:\/\/swissbeautypro.com\/de\/wp-json\/wp\/v2\/media?parent=2390"}],"wp:term":[{"taxonomy":"product_cat","embeddable":true,"href":"https:\/\/swissbeautypro.com\/de\/wp-json\/wp\/v2\/product_cat?post=2390"},{"taxonomy":"product_tag","embeddable":true,"href":"https:\/\/swissbeautypro.com\/de\/wp-json\/wp\/v2\/product_tag?post=2390"}],"curies":[{"name":"wp","href":"https:\/\/api.w.org\/{rel}","templated":true}]}}