{"id":2397,"date":"2024-06-11T17:14:59","date_gmt":"2024-06-11T17:14:59","guid":{"rendered":"https:\/\/swissbeautypro.com\/?post_type=product&#038;p=2397"},"modified":"2024-09-11T22:24:53","modified_gmt":"2024-09-11T22:24:53","slug":"gel-thermo-actif","status":"publish","type":"product","link":"https:\/\/swissbeautypro.com\/de\/produkt\/gel-thermo-actif\/","title":{"rendered":"Gel Thermo-Actif"},"content":{"rendered":"<p><strong><span style=\"color: #000000;\">AKTION:<\/span><\/strong><\/p>\n<p class=\" translation-block\">W\u00e4rmende Wirkung <br>\n\u2022 erw\u00e4rmt die Haut, aktiviert die Mikrozirkulation und sorgt f\u00fcr eine vor\u00fcbergehende Hyper\u00e4mie <br>\n\u2022 verbessert die Stoffwechselprozesse im Anwendungsgebiet <br>\n\u2022 minimiert das Erscheinungsbild von Cellulite <br>\n\u2022 formt die K\u00f6rperkonturen neu<\/p>\n<p><strong><span style=\"color: #000000;\">HAUTTYPEN\/HAUTPROBLEME:<\/span> <\/strong><\/p>\n<p>F\u00fcr alle Hauttypen, Metabolic, Anti-Cellulite, Body Wrap \nTreatment<\/p>\n<p><strong><span style=\"color: #000000;\">AKTIVE INHALTSSTOFFE:<\/span><\/strong><\/p>\n<p>Hot pepper extract; Camphor; Methyl Nicotinate; Dianthus essential oil<\/p>\n<p><strong><span style=\"color: #000000;\">ANWENDUNG<\/span><\/strong><\/p>\n<p class=\" translation-block\">\u2022 Bei einer professionellen Behandlung tragen Sie das Gel mit einem Pinsel oder mit den H\u00e4nden \n(in Handschuhen) auf die K\u00f6rperstellen auf, die Anzeichen von Cellulite und lokalen \nFettablagerungen aufweisen. Vermeiden Sie den Kontakt mit den Schleimh\u00e4uten! <br>\n\u2022 Wickeln Sie den Kunden in Plastikfolie ein und decken Sie ihn mit einer W\u00e4rmedecke (t=37\u00b0C) \nzu. Lassen Sie sie 15-20 Minuten ruhen. <br>\n\u2022 Duschen Sie sich oder entfernen Sie das Gel gr\u00fcndlich mit feuchten Handt\u00fcchern. <br>\n\u2022 Setzen Sie das Verfahren entsprechend der Behandlung fort. <br>\n<br>\n*F\u00fcr weitere Informationen \u00fcber Linda Kristel Protokolle kontaktieren Sie uns bitte<\/p>\n<p><strong><span style=\"color: #000000;\">MENGE:<\/span> <\/strong><\/p>\n<p>500 ML.<\/p>\n<p><em><strong><span style=\"color: #ff99cc;\">Nur f\u00fcr den professionellen Gebrauch!<\/span><\/strong><\/em><\/p>","protected":false},"excerpt":{"rendered":"<p><span style=\"color: #000000;\">Lieferung 2-3 Werktage<\/span><\/p>","protected":false},"featured_media":2398,"comment_status":"open","ping_status":"closed","template":"","meta":[],"product_cat":[142],"product_tag":[87],"class_list":{"0":"post-2397","1":"product","2":"type-product","3":"status-publish","4":"has-post-thumbnail","6":"product_brand-linda-kristel","7":"product_cat-body-products","8":"product_tag-all-skin-types","10":"first","11":"outofstock","12":"taxable","13":"shipping-taxable","14":"product-type-simple"},"_links":{"self":[{"href":"https:\/\/swissbeautypro.com\/de\/wp-json\/wp\/v2\/product\/2397","targetHints":{"allow":["GET"]}}],"collection":[{"href":"https:\/\/swissbeautypro.com\/de\/wp-json\/wp\/v2\/product"}],"about":[{"href":"https:\/\/swissbeautypro.com\/de\/wp-json\/wp\/v2\/types\/product"}],"replies":[{"embeddable":true,"href":"https:\/\/swissbeautypro.com\/de\/wp-json\/wp\/v2\/comments?post=2397"}],"version-history":[{"count":4,"href":"https:\/\/swissbeautypro.com\/de\/wp-json\/wp\/v2\/product\/2397\/revisions"}],"predecessor-version":[{"id":2819,"href":"https:\/\/swissbeautypro.com\/de\/wp-json\/wp\/v2\/product\/2397\/revisions\/2819"}],"wp:featuredmedia":[{"embeddable":true,"href":"https:\/\/swissbeautypro.com\/de\/wp-json\/wp\/v2\/media\/2398"}],"wp:attachment":[{"href":"https:\/\/swissbeautypro.com\/de\/wp-json\/wp\/v2\/media?parent=2397"}],"wp:term":[{"taxonomy":"product_cat","embeddable":true,"href":"https:\/\/swissbeautypro.com\/de\/wp-json\/wp\/v2\/product_cat?post=2397"},{"taxonomy":"product_tag","embeddable":true,"href":"https:\/\/swissbeautypro.com\/de\/wp-json\/wp\/v2\/product_tag?post=2397"}],"curies":[{"name":"wp","href":"https:\/\/api.w.org\/{rel}","templated":true}]}}