{"id":3273,"date":"2024-11-20T01:29:41","date_gmt":"2024-11-20T01:29:41","guid":{"rendered":"https:\/\/swissbeautypro.com\/?post_type=product&#038;p=3273"},"modified":"2026-03-12T06:57:50","modified_gmt":"2026-03-12T06:57:50","slug":"nad-longevity","status":"publish","type":"product","link":"https:\/\/swissbeautypro.com\/de\/produkt\/nad-longevity\/","title":{"rendered":"NAD+ LONGEVITY"},"content":{"rendered":"<p><strong><span style=\"color: #000000;\">VORTEILE:<\/span><\/strong><\/p>\n<p>Das Coenzym NAD+ (Nicotinamid-Adenin-Dinukleotid), das in allen lebenden Zellen vorkommt, ist f\u00fcr die zellul\u00e4re Energieproduktion und die DNA-Reparatur unerl\u00e4sslich. Es bietet eine Reihe von Vorteilen f\u00fcr die Haut, einschlie\u00dflich der Verringerung von Hyperpigmentierung, feinen Linien und Falten, und erh\u00f6ht die Hautfeuchtigkeit und Festigkeit durch Stimulierung von Kollagen und Elastin.<\/p>\n<p><strong><span style=\"color: #000000;\">HAUTTYPEN\/PROBLEME:<\/span><\/strong> Anti-Aging, Trockene Haut, Pigmentierung, Falten<\/p>\n<p><strong><span style=\"color: #000000;\">AKTIVE INHALTSSTOFFE:<\/span><\/strong><\/p>\n<ul>\n<li>Coenzym NAD+ (Nicotinamid-Adenin-Dinukleotid)<\/li>\n<li>Niacinamid<\/li>\n<\/ul>\n<p><strong><span style=\"color: #000000;\">WIE BEWERBEN:<\/span><\/strong><\/p>\n<ul>\n<li>50 ml des Produkts mit 40 ml Wasser mischen.<\/li>\n<li>Auf die zu behandelnde Hautoberfl\u00e4che auftragen.<\/li>\n<li>20 Minuten einwirken lassen und abnehmen.<\/li>\n<\/ul>\n<p><strong><span style=\"color: #000000;\">ANWENDUNGEN:<\/span><\/strong><\/p>\n<p>Gesicht: 17 Anwendungen<\/p>\n<p>Gesicht und Hals: 10 Anwendungen.<\/p>\n<p><strong><span style=\"color: #000000;\">MENGE: 500 g<\/span><\/strong><\/p>","protected":false},"excerpt":{"rendered":"<p>DESCRIPTION: Coenzyme NAD+ (nicotinamide adenine dinucleotide), present in all living cells, is essential for cellular energy production and DNA repair. It provides a number of benefits to the skin, including<\/p>","protected":false},"featured_media":3274,"comment_status":"open","ping_status":"closed","template":"","meta":[],"product_cat":[71],"product_tag":[94,73,84,79],"class_list":{"0":"post-3273","1":"product","2":"type-product","3":"status-publish","4":"has-post-thumbnail","6":"product_brand-esthemax","7":"product_cat-hydrojelly-mask","8":"product_tag-anti-ageing","9":"product_tag-dry-skin","10":"product_tag-pigmentation","11":"product_tag-wrinkles","13":"first","14":"outofstock","15":"taxable","16":"shipping-taxable","17":"product-type-simple"},"_links":{"self":[{"href":"https:\/\/swissbeautypro.com\/de\/wp-json\/wp\/v2\/product\/3273","targetHints":{"allow":["GET"]}}],"collection":[{"href":"https:\/\/swissbeautypro.com\/de\/wp-json\/wp\/v2\/product"}],"about":[{"href":"https:\/\/swissbeautypro.com\/de\/wp-json\/wp\/v2\/types\/product"}],"replies":[{"embeddable":true,"href":"https:\/\/swissbeautypro.com\/de\/wp-json\/wp\/v2\/comments?post=3273"}],"version-history":[{"count":1,"href":"https:\/\/swissbeautypro.com\/de\/wp-json\/wp\/v2\/product\/3273\/revisions"}],"predecessor-version":[{"id":3275,"href":"https:\/\/swissbeautypro.com\/de\/wp-json\/wp\/v2\/product\/3273\/revisions\/3275"}],"wp:featuredmedia":[{"embeddable":true,"href":"https:\/\/swissbeautypro.com\/de\/wp-json\/wp\/v2\/media\/3274"}],"wp:attachment":[{"href":"https:\/\/swissbeautypro.com\/de\/wp-json\/wp\/v2\/media?parent=3273"}],"wp:term":[{"taxonomy":"product_cat","embeddable":true,"href":"https:\/\/swissbeautypro.com\/de\/wp-json\/wp\/v2\/product_cat?post=3273"},{"taxonomy":"product_tag","embeddable":true,"href":"https:\/\/swissbeautypro.com\/de\/wp-json\/wp\/v2\/product_tag?post=3273"}],"curies":[{"name":"wp","href":"https:\/\/api.w.org\/{rel}","templated":true}]}}