{"id":3361,"date":"2025-02-12T17:12:58","date_gmt":"2025-02-12T17:12:58","guid":{"rendered":"https:\/\/swissbeautypro.com\/?post_type=product&#038;p=3361"},"modified":"2025-04-28T08:26:47","modified_gmt":"2025-04-28T08:26:47","slug":"lemon-soft-peeling-gel","status":"publish","type":"product","link":"https:\/\/swissbeautypro.com\/de\/produkt\/lemon-soft-peeling-gel\/","title":{"rendered":"Lemon Soft Peeling Gel"},"content":{"rendered":"<p><strong>L\u00d6SUNG F\u00dcR:<\/strong><br \/>\nExfoliation abgestorbener oder trockener Hautzellen<br \/>\nAufhellung und Erfrischung<\/p>\n<p><strong>VORTEILE:<\/strong><br \/>\nNiacinamid tr\u00e4gt dazu bei, die Elastizit\u00e4t der Haut zu verbessern und die Barrierefunktion der Haut<br \/>\ndurch eine erh\u00f6hte interzellul\u00e4re Lipidsynthese deutlich zu verbessern. Es hilft auch, Verf\u00e4rbungen<br \/>\nund Rosacea zu reduzieren und den gesunden Ton und die Struktur der Haut wiederherzustellen.<br \/>\nZitronenextrakt wirkt adstringierend und hilft bei der Entgiftung von Unreinheiten. Papaya-Extrakt \nwirkt als nat\u00fcrliches Peeling, das abgestorbene und trockene Haut effektiv abl\u00f6st.<\/p>\n<p><strong>HAUTTYPEN\/HAUTPROBLEME:<\/strong> Fahle Haut, Ungleichm\u00e4\u00dfiger Hautton, Alle Hauttypen<\/p>\n<p><strong>AKTIVE INHALTSSTOFFE:<\/strong><\/p>\n<p>Zitronenextrakt<br \/>\nExfolierende Mikrok\u00fcgelchen<\/p>\n<p><strong>ANWENDUNG<\/strong><\/p>\n<p>Auf die saubere Haut auftragen.<br \/>\n1-2 Minuten einwirken lassen.<br \/>\n5 Minuten lang sanft einmassieren.<br \/>\nMit einem warmen Handtuch abnehmen.<\/p>\n<p><strong>MENGE: 1000 ml<\/strong><\/p>","protected":false},"excerpt":{"rendered":"<p>SOLUTION FOR: Exfoliation of Dead or Dry Skin Cells Brightening and Refreshing DESCRIPTION: Niacinamide helps improve the skin&#8217;s elasticity and significantly enhances its barrier function by increasing intercellular lipid synthesis.<\/p>","protected":false},"featured_media":3363,"comment_status":"open","ping_status":"closed","template":"","meta":[],"product_cat":[92,157],"product_tag":[87,74,150,75],"class_list":{"0":"post-3361","1":"product","2":"type-product","3":"status-publish","4":"has-post-thumbnail","6":"product_cat-cleansers","7":"product_cat-esthemax","8":"product_tag-all-skin-types","9":"product_tag-dull-skin","10":"product_tag-peeling","11":"product_tag-skin-renewal","13":"first","14":"instock","15":"taxable","16":"shipping-taxable","17":"product-type-simple"},"_links":{"self":[{"href":"https:\/\/swissbeautypro.com\/de\/wp-json\/wp\/v2\/product\/3361","targetHints":{"allow":["GET"]}}],"collection":[{"href":"https:\/\/swissbeautypro.com\/de\/wp-json\/wp\/v2\/product"}],"about":[{"href":"https:\/\/swissbeautypro.com\/de\/wp-json\/wp\/v2\/types\/product"}],"replies":[{"embeddable":true,"href":"https:\/\/swissbeautypro.com\/de\/wp-json\/wp\/v2\/comments?post=3361"}],"version-history":[{"count":1,"href":"https:\/\/swissbeautypro.com\/de\/wp-json\/wp\/v2\/product\/3361\/revisions"}],"predecessor-version":[{"id":3362,"href":"https:\/\/swissbeautypro.com\/de\/wp-json\/wp\/v2\/product\/3361\/revisions\/3362"}],"wp:featuredmedia":[{"embeddable":true,"href":"https:\/\/swissbeautypro.com\/de\/wp-json\/wp\/v2\/media\/3363"}],"wp:attachment":[{"href":"https:\/\/swissbeautypro.com\/de\/wp-json\/wp\/v2\/media?parent=3361"}],"wp:term":[{"taxonomy":"product_cat","embeddable":true,"href":"https:\/\/swissbeautypro.com\/de\/wp-json\/wp\/v2\/product_cat?post=3361"},{"taxonomy":"product_tag","embeddable":true,"href":"https:\/\/swissbeautypro.com\/de\/wp-json\/wp\/v2\/product_tag?post=3361"}],"curies":[{"name":"wp","href":"https:\/\/api.w.org\/{rel}","templated":true}]}}