{"id":3485,"date":"2025-08-18T16:00:10","date_gmt":"2025-08-18T16:00:10","guid":{"rendered":"https:\/\/swissbeautypro.com\/?post_type=product&#038;p=3485"},"modified":"2026-02-25T15:53:33","modified_gmt":"2026-02-25T15:53:33","slug":"charcoal-enzyme-powder","status":"publish","type":"product","link":"https:\/\/swissbeautypro.com\/de\/produkt\/charcoal-enzyme-powder\/","title":{"rendered":"CHARCOAL ENZYME POWDER"},"content":{"rendered":"<p>VORTEILE:<\/p>\n<p class=\" translation-block\">Charcoal Enzyme Powder ist ein idealer Gesichtsreiniger, der dank seiner Wirkstoffe hilft, die Haut \nzu reinigen und zu exfolieren. Die behandelte Hautpartie wird glatt und frei von Unreinheiten \nhinterlassen.<\/p>\n<p>AKTIVE INHALTSSTOFFE:<\/p>\n<p>\u2022 Reine Aktivkohle: Entgiftet und befreit die Poren gr\u00fcndlich.<br \/>\n\u2022 Papain: Peelt sanft und bereitet die Haut auf nachfolgende Behandlungen vor.<br \/>\n\u2022 Allantoin: Spendet Feuchtigkeit, beruhigt und f\u00f6rdert die Zellerneuerung.<br \/>\n\u2022 Cocoyl-Isethionat: Ein mildes, aus Kokosnuss gewonnenes Reinigungsmittel, das die Hautbarriere \nrespektiert \u2013 ideal f\u00fcr<br \/>\nempfindliche Haut.<\/p>\n<p>INHALTSSTOFFE<\/p>\n<p class=\" translation-block\">Zea Mays (Corn) Starch, Sodium Cocoyl Isethionate, Sodium Lauryl Sulfate, Sodium Palmitate, \nSodium Lauroyl Glutamate, Diglycerin, Sodium Lauroyl Aspartate, Titanium Dioxide, Allantoin, \nMaltodextrin, Papain, Charcoal Powder<\/p>\n<p>ANWENDUNG:<\/p>\n<p>\u2022 Gesicht: 1\/2 Messl\u00f6ffel Enzyme Powder und 1\/2 Messl\u00f6ffel Wasser hinzuf\u00fcgen.<br \/>\n\u2022 Gesicht und Hals: 1 Messl\u00f6ffel Enzyme Powder und 1 Messl\u00f6ffel Wasser hinzuf\u00fcgen.<br \/>\nKr\u00e4ftig mischen, bis eine schaumige Konsistenz entsteht. Auf die Haut auftragen, 5\u201310 Minuten \neinwirken lassen und mit einem feuchten Handtuch<br \/>\nentfernen oder ein Ultraschall-Gesichtsger\u00e4t \nverwenden, solange das Produkt noch feucht ist<\/p>\n<p>ANWENDUNGEN:<\/p>\n<p>Gesicht: 80 Anwendungen<br \/>\nGesicht und Hals: 40 Anwendungen<\/p>\n<p>MENGE: 225 g<\/p>","protected":false},"excerpt":{"rendered":"<p>DESCRIPTION: Charcoal Enzyme Powder is an ideal facial cleanser that, thanks to its active ingredients, helps cleanse and exfoliate the skin, leaving the treated area smooth and free of impurities.<\/p>","protected":false},"featured_media":3486,"comment_status":"open","ping_status":"closed","template":"","meta":[],"product_cat":[92],"product_tag":[87],"class_list":{"0":"post-3485","1":"product","2":"type-product","3":"status-publish","4":"has-post-thumbnail","6":"product_cat-cleansers","7":"product_tag-all-skin-types","9":"first","10":"outofstock","11":"taxable","12":"shipping-taxable","13":"product-type-simple"},"_links":{"self":[{"href":"https:\/\/swissbeautypro.com\/de\/wp-json\/wp\/v2\/product\/3485","targetHints":{"allow":["GET"]}}],"collection":[{"href":"https:\/\/swissbeautypro.com\/de\/wp-json\/wp\/v2\/product"}],"about":[{"href":"https:\/\/swissbeautypro.com\/de\/wp-json\/wp\/v2\/types\/product"}],"replies":[{"embeddable":true,"href":"https:\/\/swissbeautypro.com\/de\/wp-json\/wp\/v2\/comments?post=3485"}],"version-history":[{"count":6,"href":"https:\/\/swissbeautypro.com\/de\/wp-json\/wp\/v2\/product\/3485\/revisions"}],"predecessor-version":[{"id":3503,"href":"https:\/\/swissbeautypro.com\/de\/wp-json\/wp\/v2\/product\/3485\/revisions\/3503"}],"wp:featuredmedia":[{"embeddable":true,"href":"https:\/\/swissbeautypro.com\/de\/wp-json\/wp\/v2\/media\/3486"}],"wp:attachment":[{"href":"https:\/\/swissbeautypro.com\/de\/wp-json\/wp\/v2\/media?parent=3485"}],"wp:term":[{"taxonomy":"product_cat","embeddable":true,"href":"https:\/\/swissbeautypro.com\/de\/wp-json\/wp\/v2\/product_cat?post=3485"},{"taxonomy":"product_tag","embeddable":true,"href":"https:\/\/swissbeautypro.com\/de\/wp-json\/wp\/v2\/product_tag?post=3485"}],"curies":[{"name":"wp","href":"https:\/\/api.w.org\/{rel}","templated":true}]}}