{"id":3548,"date":"2025-11-17T19:48:22","date_gmt":"2025-11-17T19:48:22","guid":{"rendered":"https:\/\/swissbeautypro.com\/?post_type=product&#038;p=3548"},"modified":"2026-01-27T15:14:08","modified_gmt":"2026-01-27T15:14:08","slug":"salmon-dna-pdrn","status":"publish","type":"product","link":"https:\/\/swissbeautypro.com\/de\/produkt\/salmon-dna-pdrn\/","title":{"rendered":"SALMON DNA PDRN"},"content":{"rendered":"<p><strong>VORTEILE:<\/strong><\/p>\n<p class=\" translation-block\">Lachs-DNA (PDRN): F\u00f6rdert die Zellerneuerung und stimuliert die Kollagenproduktion.\n Entz\u00fcndungshemmend: Hilft, R\u00f6tungen, Schwellungen und Reizungen nach Behandlungen zu \nreduzieren.\n Aufhellender Effekt: Unterst\u00fctzt einen gleichm\u00e4\u00dfigen Hautton und reduziert fahle Haut.\n Schutz der Hautbarriere: St\u00e4rkt und regeneriert eine geschw\u00e4chte oder gesch\u00e4digte Hautbarriere.<\/p>\n<p><strong>AKTIVE INHALTSSTOFFE:<\/strong><br \/>\nPDRN (Polydeoxyribonukleotid)-Extrakt, Natrium-DNA<br \/>\nBio-Acerola-Pulver<br \/>\nBio-Erdbeer-Pulver<\/p>\n<p><strong>HAUTTYPEN\/HAUTPROBLEME:<\/strong><br \/>\nEmpfindliche, gesch\u00e4digte oder gereizte Haut<br \/>\nReife und d\u00fcnner werdende Haut<br \/>\nFahle, trockene und ungleichm\u00e4\u00dfige Hautfarbe<br \/>\nHautregeneration nach intensiven Behandlungen<\/p>\n<p><strong>ANWENDUNG<\/strong><br \/>\n50 ml des Produkts mit 40 ml Wasser mischen. Auf die zu behandelnde Hautpartie auftragen.<br \/>\n20 Minuten einwirken lassen und anschlie\u00dfend entfernen<\/p>\n<p><strong>ANWENDUNGEN:<\/strong><br \/>\nGesicht: 17 Anwendungen<br \/>\nGesicht und Hals: 10 Anwendungen.<\/p>\n<p><strong>MENGE: 500 g<\/strong><\/p>","protected":false},"excerpt":{"rendered":"<p>DESCRIPTION: Salmon DNA (PDRN): promotes cell renewal and stimulates collagen production. Anti-inflammatory: helps reduce redness, swelling, and irritation after treatments. Brightening effect: promotes an even skin tone and reduces dullness.<\/p>","protected":false},"featured_media":3551,"comment_status":"open","ping_status":"closed","template":"","meta":[],"product_cat":[157,71],"product_tag":[94,74,76,80],"class_list":{"0":"post-3548","1":"product","2":"type-product","3":"status-publish","4":"has-post-thumbnail","6":"product_cat-esthemax","7":"product_cat-hydrojelly-mask","8":"product_tag-anti-ageing","9":"product_tag-dull-skin","10":"product_tag-mature-skin","11":"product_tag-sensitive-skin","13":"first","14":"outofstock","15":"taxable","16":"shipping-taxable","17":"product-type-simple"},"_links":{"self":[{"href":"https:\/\/swissbeautypro.com\/de\/wp-json\/wp\/v2\/product\/3548","targetHints":{"allow":["GET"]}}],"collection":[{"href":"https:\/\/swissbeautypro.com\/de\/wp-json\/wp\/v2\/product"}],"about":[{"href":"https:\/\/swissbeautypro.com\/de\/wp-json\/wp\/v2\/types\/product"}],"replies":[{"embeddable":true,"href":"https:\/\/swissbeautypro.com\/de\/wp-json\/wp\/v2\/comments?post=3548"}],"version-history":[{"count":1,"href":"https:\/\/swissbeautypro.com\/de\/wp-json\/wp\/v2\/product\/3548\/revisions"}],"predecessor-version":[{"id":3552,"href":"https:\/\/swissbeautypro.com\/de\/wp-json\/wp\/v2\/product\/3548\/revisions\/3552"}],"wp:featuredmedia":[{"embeddable":true,"href":"https:\/\/swissbeautypro.com\/de\/wp-json\/wp\/v2\/media\/3551"}],"wp:attachment":[{"href":"https:\/\/swissbeautypro.com\/de\/wp-json\/wp\/v2\/media?parent=3548"}],"wp:term":[{"taxonomy":"product_cat","embeddable":true,"href":"https:\/\/swissbeautypro.com\/de\/wp-json\/wp\/v2\/product_cat?post=3548"},{"taxonomy":"product_tag","embeddable":true,"href":"https:\/\/swissbeautypro.com\/de\/wp-json\/wp\/v2\/product_tag?post=3548"}],"curies":[{"name":"wp","href":"https:\/\/api.w.org\/{rel}","templated":true}]}}