{"id":919,"date":"2024-04-15T18:53:18","date_gmt":"2024-04-15T18:53:18","guid":{"rendered":"https:\/\/swissbeautypro.com\/?post_type=product&#038;p=919"},"modified":"2025-07-30T12:06:52","modified_gmt":"2025-07-30T12:06:52","slug":"esthepro-cryo-globes","status":"publish","type":"product","link":"https:\/\/swissbeautypro.com\/de\/produkt\/esthepro-cryo-globes\/","title":{"rendered":"ESTHEPRO CRYO GLOBES"},"content":{"rendered":"<p><span style=\"color: #000000;\"><strong>VORTEILE<\/strong>:<\/span><\/p>\n<p class=\" translation-block\">Entschwellung und Entgiftung: Hilft, die Haut zu stimulieren, die Durchblutung anzukurbeln und \nden Sauerstoffgehalt im Blut zu erh\u00f6hen, um Schwellungen zu reduzieren. Dies hilft auch dabei, \nGiftstoffe aus der Haut abzuleiten. Hautentgiftung gleicht au\u00dferdem den Hautton aus und hellt den \nTeint auf, indem dunkle Flecken und Pigmentierung reduziert werden. <br>\n<br>\nANTI-AGING \/ FALTEN: Entwickelt, um die Durchblutung anzuregen und die \nKollagenproduktion zu f\u00f6rdern. Dies tr\u00e4gt zus\u00e4tzlich dazu bei, das Auftreten von feinen Linien und \nF\u00e4ltchen, Akne, gro\u00dfen Poren und Sch\u00e4den durch UV-\/Sonneneinstrahlung zu reduzieren. Verhilft \nzu einer strafferen, festeren und j\u00fcnger aussehenden Haut mit einem gesunden Glanz. \n<br>\n<br>\nBERUHIGEND \/ LINDERUNG: Auf den ganzen K\u00f6rper auftragen, um Muskelkater zu lindern, \nSonnenbrand zu lindern, Prellungen zu heilen, kleinere Verletzungen zu bet\u00e4uben und sogar Fieber \nzu beruhigen.<\/p>\n<p><span style=\"color: #000000;\"><strong>ANWENDUNG<\/strong><\/span><\/p>\n<p class=\" translation-block\">Diese Esthepro-Kryokugeln sind sehr einfach zu verwenden. Legen Sie sie einfach 5\u201310 Minuten \nvor der kalten Gesichtsbehandlung oder einer anderen gew\u00fcnschten Behandlung in den \nK\u00fchlschrank. Das Set kann im K\u00fchlschrank, auf Eis oder im Gefrierschrank aufbewahrt werden.<\/p>","protected":false},"excerpt":{"rendered":"<p><span style=\"color: #000000;\">Lieferung 2-3 Werktage<\/span><\/p>","protected":false},"featured_media":920,"comment_status":"open","ping_status":"closed","template":"","meta":[],"product_cat":[70,104,71],"product_tag":[],"class_list":{"0":"post-919","1":"product","2":"type-product","3":"status-publish","4":"has-post-thumbnail","6":"product_brand-esthemax","7":"product_cat-products","8":"product_cat-accessories","9":"product_cat-hydrojelly-mask","11":"first","12":"outofstock","13":"taxable","14":"shipping-taxable","15":"product-type-variable"},"_links":{"self":[{"href":"https:\/\/swissbeautypro.com\/de\/wp-json\/wp\/v2\/product\/919","targetHints":{"allow":["GET"]}}],"collection":[{"href":"https:\/\/swissbeautypro.com\/de\/wp-json\/wp\/v2\/product"}],"about":[{"href":"https:\/\/swissbeautypro.com\/de\/wp-json\/wp\/v2\/types\/product"}],"replies":[{"embeddable":true,"href":"https:\/\/swissbeautypro.com\/de\/wp-json\/wp\/v2\/comments?post=919"}],"version-history":[{"count":8,"href":"https:\/\/swissbeautypro.com\/de\/wp-json\/wp\/v2\/product\/919\/revisions"}],"predecessor-version":[{"id":2959,"href":"https:\/\/swissbeautypro.com\/de\/wp-json\/wp\/v2\/product\/919\/revisions\/2959"}],"wp:featuredmedia":[{"embeddable":true,"href":"https:\/\/swissbeautypro.com\/de\/wp-json\/wp\/v2\/media\/920"}],"wp:attachment":[{"href":"https:\/\/swissbeautypro.com\/de\/wp-json\/wp\/v2\/media?parent=919"}],"wp:term":[{"taxonomy":"product_cat","embeddable":true,"href":"https:\/\/swissbeautypro.com\/de\/wp-json\/wp\/v2\/product_cat?post=919"},{"taxonomy":"product_tag","embeddable":true,"href":"https:\/\/swissbeautypro.com\/de\/wp-json\/wp\/v2\/product_tag?post=919"}],"curies":[{"name":"wp","href":"https:\/\/api.w.org\/{rel}","templated":true}]}}