{"id":950,"date":"2024-04-15T21:44:31","date_gmt":"2024-04-15T21:44:31","guid":{"rendered":"https:\/\/swissbeautypro.com\/?post_type=product&#038;p=950"},"modified":"2026-03-11T19:22:58","modified_gmt":"2026-03-11T19:22:58","slug":"aha-bha-hydrojelly-mask","status":"publish","type":"product","link":"https:\/\/swissbeautypro.com\/de\/produkt\/aha-bha-hydrojelly-mask\/","title":{"rendered":"AHA BHA Hydrojelly Mask"},"content":{"rendered":"<p><span style=\"color: #000000;\"><strong>VORTEILE:<\/strong><\/span><\/p>\n<p class=\" translation-block\">Alphahydroxys\u00e4uren (AHAs) sind wasserl\u00f6sliche Molek\u00fcle, die das Peeling der Haut unterst\u00fctzen, \nindem sie abgestorbene Zellen entfernen und die Epidermis ver\u00e4ndern. \nDiese wirksame Peeling-Behandlung mit Enzymen aus stark antioxidativ wirkenden Fr\u00fcchten wie \nK\u00fcrbis (\u00d6l- und Linols\u00e4ure), Papaya (Pantothens\u00e4ure) und Kokosnuss (Laurin- und Caprins\u00e4ure) \nverbessert das Erscheinungsbild stumpfer, gealterter, unebenm\u00e4\u00dfiger und trockener Haut. Verbessert \nden Hautton, mildert das Erscheinungsbild feiner Linien und f\u00f6rdert eine glatte, strahlende und \nrevitalisierte Haut.<\/p>\n<p><span style=\"color: #000000;\"><strong>HAUTTYPEN\/HAUTPROBLEME:<\/strong><\/span><\/p>\n<p class=\" translation-block\">Ideal f\u00fcr Peeling-Behandlungen zur Erneuerung der Epidermis.<\/p>\n<p><span style=\"color: #000000;\"><strong>AKTIVE INHALTSSTOFFE:<\/strong><\/span><\/p>\n<p class=\" translation-block\">\u2022 Bio-Auyama <br>\n\u2022 Organische Papaya <br>\n\u2022 Bio-Elektrolyt<\/p>\n<p><span style=\"color: #000000;\"><strong>ANWENDUNG<\/strong><\/span><br \/>\n\u2022 50 ml des Produkts mit 40 ml Wasser mischen.<br \/>\n\u2022 Auf die zu behandelnde Hautoberfl\u00e4che auftragen.<br \/>\n\u2022 20 Minuten einwirken lassen und abnehmen.<\/p>\n<p><strong><span style=\"color: #000000;\">ANWENDUNGEN:<\/span>:<\/strong><br \/>\nGesicht: 17 Anwendungen<br \/>\nGesicht und Hals: 10 Anwendungen.<\/p>\n<p><strong><span style=\"color: #000000;\">MENGE:<\/span><\/strong><\/p>\n<p>500gr.<\/p>","protected":false},"excerpt":{"rendered":"<p><span style=\"color: #000000;\">Lieferung 2-3 Werktage<\/span><\/p>","protected":false},"featured_media":954,"comment_status":"open","ping_status":"closed","template":"","meta":[],"product_cat":[110,113,114,71,70,123],"product_tag":[94,73,74,75],"class_list":{"0":"post-950","1":"product","2":"type-product","3":"status-publish","4":"has-post-thumbnail","6":"product_brand-esthemax","7":"product_cat-anti-ageing","8":"product_cat-dry-skin","9":"product_cat-dull-skin","10":"product_cat-hydrojelly-mask","11":"product_cat-products","12":"product_cat-skin-renewal","13":"product_tag-anti-ageing","14":"product_tag-dry-skin","15":"product_tag-dull-skin","16":"product_tag-skin-renewal","18":"first","19":"outofstock","20":"taxable","21":"shipping-taxable","22":"product-type-simple"},"_links":{"self":[{"href":"https:\/\/swissbeautypro.com\/de\/wp-json\/wp\/v2\/product\/950","targetHints":{"allow":["GET"]}}],"collection":[{"href":"https:\/\/swissbeautypro.com\/de\/wp-json\/wp\/v2\/product"}],"about":[{"href":"https:\/\/swissbeautypro.com\/de\/wp-json\/wp\/v2\/types\/product"}],"replies":[{"embeddable":true,"href":"https:\/\/swissbeautypro.com\/de\/wp-json\/wp\/v2\/comments?post=950"}],"version-history":[{"count":5,"href":"https:\/\/swissbeautypro.com\/de\/wp-json\/wp\/v2\/product\/950\/revisions"}],"predecessor-version":[{"id":2952,"href":"https:\/\/swissbeautypro.com\/de\/wp-json\/wp\/v2\/product\/950\/revisions\/2952"}],"wp:featuredmedia":[{"embeddable":true,"href":"https:\/\/swissbeautypro.com\/de\/wp-json\/wp\/v2\/media\/954"}],"wp:attachment":[{"href":"https:\/\/swissbeautypro.com\/de\/wp-json\/wp\/v2\/media?parent=950"}],"wp:term":[{"taxonomy":"product_cat","embeddable":true,"href":"https:\/\/swissbeautypro.com\/de\/wp-json\/wp\/v2\/product_cat?post=950"},{"taxonomy":"product_tag","embeddable":true,"href":"https:\/\/swissbeautypro.com\/de\/wp-json\/wp\/v2\/product_tag?post=950"}],"curies":[{"name":"wp","href":"https:\/\/api.w.org\/{rel}","templated":true}]}}