{"id":953,"date":"2024-04-15T21:56:39","date_gmt":"2024-04-15T21:56:39","guid":{"rendered":"https:\/\/swissbeautypro.com\/?post_type=product&#038;p=953"},"modified":"2026-01-13T13:40:29","modified_gmt":"2026-01-13T13:40:29","slug":"antioxidant-goji","status":"publish","type":"product","link":"https:\/\/swissbeautypro.com\/de\/produkt\/antioxidant-goji\/","title":{"rendered":"ANTIOXIDANT GOJI"},"content":{"rendered":"<p><span style=\"color: #000000;\"><strong>VORTEILE:<\/strong><\/span><\/p>\n<p class=\" translation-block\">Hydrojelly\u00ae Antioxidant Goji Hydrojelly\u00ae Antioxidant Maske hat eine antioxidative und AntiAging-Wirkung durch die hohe Konzentration an Vitamin C. <br>\n\u2022 F\u00f6rdert einen durchscheinenden, strahlenden und gleichm\u00e4\u00dfigen Teint. <br>\n\u2022 F\u00f6rdert die Reparatur von Epidermis und Dermis. <br>\n\u2022 Verbessert die Vitalit\u00e4t und Energie der Haut. <br>\n\u2022 F\u00f6rdert die Kollagenbildung.<\/p>\n<p><span style=\"color: #000000;\"><strong>HAUTTYPEN\/HAUTPROBLEME:<\/strong><\/span><\/p>\n<p>Ideal f\u00fcr reife, trockene, stumpfe und glanzlose Haut.<\/p>\n<p><span style=\"color: #000000;\"><strong>AKTIVE INHALTSSTOFFE:<\/strong><\/span><\/p>\n<p class=\" translation-block\">\u2022 Organic oat flour.<br>\r\n\u2022 Organic rice flour.<br>\r\n\u2022 Organic Goji berry powder.<br>\r\n\u2022 Organic pomegranate powder.<\/p>\n<p><span style=\"color: #000000;\"><strong>ZUTATEN:<\/strong><\/span><\/p>\n<p class=\" translation-block\">Organic Goji Berry and Pomegranate, Potassium Alginate, Sodium Alginate, Organic Whole Grain Oat \nFlour, Organic White Rice Flour, Glucose, Silika, Organic White Willow Bark Powder, Kiwi Seed, Organic \nGoji Berry Powder (Lycium Barbarum), Organic Pomegranate Powder, Calcium Sulfate, Potassium, \nMagnesium, Sodium, Chloride, Bicarbonate, Sodium Pyrophosphate, Iron Oxides, Fragrance.<\/p>\n<p><span style=\"color: #000000;\"><strong>ANWENDUNG<\/strong><\/span><\/p>\n<p class=\" translation-block\">\u2022 Mischen Sie 50 ml des Produkts mit 40 ml Wasser.<br>\n\u2022 Auf die zu behandelnde Hautoberfl\u00e4che auftragen.<br>\n\u2022 20 Minuten einwirken lassen und entfernen.<\/p>\n<p><span style=\"color: #000000;\"><strong>ANWENDUNGEN:<\/strong><\/span><\/p>\n<p>Gesicht: 17 Anwendungen<br \/>\nGesicht und Hals: 10 Anwendungen.<\/p>\n<p><span style=\"color: #000000;\"><strong>MENGE:<\/strong> <\/span><\/p>\n<p>500gr<\/p>","protected":false},"excerpt":{"rendered":"<p><span style=\"color: #000000;\">Lieferung 2-3 Werktage<\/span><\/p>","protected":false},"featured_media":957,"comment_status":"open","ping_status":"closed","template":"","meta":[],"product_cat":[110,113,114,116,117,70,71],"product_tag":[94,73,74,77,76],"class_list":{"0":"post-953","1":"product","2":"type-product","3":"status-publish","4":"has-post-thumbnail","6":"product_brand-esthemax","7":"product_cat-anti-ageing","8":"product_cat-dry-skin","9":"product_cat-dull-skin","10":"product_cat-led-lamp","11":"product_cat-mature-skin","12":"product_cat-products","13":"product_cat-hydrojelly-mask","14":"product_tag-anti-ageing","15":"product_tag-dry-skin","16":"product_tag-dull-skin","17":"product_tag-led-lamp","18":"product_tag-mature-skin","20":"first","21":"outofstock","22":"taxable","23":"shipping-taxable","24":"product-type-simple"},"_links":{"self":[{"href":"https:\/\/swissbeautypro.com\/de\/wp-json\/wp\/v2\/product\/953","targetHints":{"allow":["GET"]}}],"collection":[{"href":"https:\/\/swissbeautypro.com\/de\/wp-json\/wp\/v2\/product"}],"about":[{"href":"https:\/\/swissbeautypro.com\/de\/wp-json\/wp\/v2\/types\/product"}],"replies":[{"embeddable":true,"href":"https:\/\/swissbeautypro.com\/de\/wp-json\/wp\/v2\/comments?post=953"}],"version-history":[{"count":5,"href":"https:\/\/swissbeautypro.com\/de\/wp-json\/wp\/v2\/product\/953\/revisions"}],"predecessor-version":[{"id":2480,"href":"https:\/\/swissbeautypro.com\/de\/wp-json\/wp\/v2\/product\/953\/revisions\/2480"}],"wp:featuredmedia":[{"embeddable":true,"href":"https:\/\/swissbeautypro.com\/de\/wp-json\/wp\/v2\/media\/957"}],"wp:attachment":[{"href":"https:\/\/swissbeautypro.com\/de\/wp-json\/wp\/v2\/media?parent=953"}],"wp:term":[{"taxonomy":"product_cat","embeddable":true,"href":"https:\/\/swissbeautypro.com\/de\/wp-json\/wp\/v2\/product_cat?post=953"},{"taxonomy":"product_tag","embeddable":true,"href":"https:\/\/swissbeautypro.com\/de\/wp-json\/wp\/v2\/product_tag?post=953"}],"curies":[{"name":"wp","href":"https:\/\/api.w.org\/{rel}","templated":true}]}}